{"id":739,"date":"2022-10-13T18:36:54","date_gmt":"2022-10-13T16:36:54","guid":{"rendered":"https:\/\/brno.wordcamp.org\/2022\/?page_id=739"},"modified":"2022-10-13T19:42:44","modified_gmt":"2022-10-13T17:42:44","slug":"organizatori","status":"publish","type":"page","link":"https:\/\/brno.wordcamp.org\/2022\/kontakt\/organizatori\/","title":{"rendered":"Organiz\u00e1to\u0159i"},"content":{"rendered":"\n<div class=\"wp-block-query is-layout-flow wp-block-query-is-layout-flow\"><ul class=\"wp-block-post-template is-layout-flow wp-block-post-template-is-layout-flow\"><li class=\"wp-block-post post-213 wcb_organizer type-wcb_organizer status-publish has-post-thumbnail hentry\">\n\n<div class=\"wp-block-columns is-layout-flex wp-container-core-columns-is-layout-28f84493 wp-block-columns-is-layout-flex\">\n<div class=\"wp-block-column is-layout-flow wp-block-column-is-layout-flow\" style=\"flex-basis:33.33%\"><figure style=\"width:256px;height:256px;\" class=\"wp-block-wordcamp-avatar\"><a href=\"https:\/\/brno.wordcamp.org\/2022\/organizer\/jan-drabek\/\"><img loading=\"lazy\" decoding=\"async\" width=\"256\" height=\"256\" src=\"https:\/\/i0.wp.com\/brno.wordcamp.org\/2022\/files\/2022\/10\/jdprofil.jpg?fit=256%2C256&amp;ssl=1\" class=\"attachment-256x256 size-256x256 wp-post-image\" alt=\"Jan Dr\u00e1bek\" srcset=\"https:\/\/i0.wp.com\/brno.wordcamp.org\/2022\/files\/2022\/10\/jdprofil.jpg?w=600&amp;ssl=1 600w, https:\/\/i0.wp.com\/brno.wordcamp.org\/2022\/files\/2022\/10\/jdprofil.jpg?resize=300%2C300&amp;ssl=1 300w, https:\/\/i0.wp.com\/brno.wordcamp.org\/2022\/files\/2022\/10\/jdprofil.jpg?resize=150%2C150&amp;ssl=1 150w\" sizes=\"auto, (max-width: 256px) 100vw, 256px\" \/><\/a><\/figure><\/div>\n\n\n\n<div class=\"wp-block-column is-layout-flow wp-block-column-is-layout-flow\" style=\"flex-basis:66.66%\"><h2 class=\"wp-block-post-title\">Jan Dr\u00e1bek<\/h2>\n\n<div class=\"wp-block-post-excerpt\"><p class=\"wp-block-post-excerpt__excerpt\">Tento rok je hlavn\u00edm organiz\u00e1torem konference WordCamp Brno. V\u011bnuje se WordPressu aktivn\u011b od roku 2011 a posledn\u00edch 5 let tvo\u0159\u00ed weby v\u00fdhradn\u011b pomoc\u00ed Elementoru, se kter\u00fdm tvo\u0159\u00ed firemn\u00ed weby, eshopy, ale i pokro\u010dil\u00e9 port\u00e1ly nebo dokonce hotelov\u00e9 naviga\u010dn\u00ed syst\u00e9my. K\u00f3duje, ale program\u00e1tor nen\u00ed. Na\u0161t\u011bst\u00ed v\u00ed, \u017ee Stackoverflow a Google m\u00e1 odpov\u011b\u010f na v\u0161echno. Sna\u017e\u00ed se<\/p><p class=\"wp-block-post-excerpt__more-text\"><a class=\"wp-block-post-excerpt__more-link\" href=\"https:\/\/brno.wordcamp.org\/2022\/organizer\/jan-drabek\/\">V\u00edce  o \u0159e\u010dn\u00edkovi<\/a><\/p><\/div><\/div>\n<\/div>\n\n<\/li><li class=\"wp-block-post post-320 wcb_organizer type-wcb_organizer status-publish has-post-thumbnail hentry\">\n\n<div class=\"wp-block-columns is-layout-flex wp-container-core-columns-is-layout-28f84493 wp-block-columns-is-layout-flex\">\n<div class=\"wp-block-column is-layout-flow wp-block-column-is-layout-flow\" style=\"flex-basis:33.33%\"><figure style=\"width:256px;height:256px;\" class=\"wp-block-wordcamp-avatar\"><a href=\"https:\/\/brno.wordcamp.org\/2022\/organizer\/adam-laita\/\"><img loading=\"lazy\" decoding=\"async\" width=\"256\" height=\"256\" src=\"https:\/\/i0.wp.com\/brno.wordcamp.org\/2022\/files\/2022\/10\/laita.jpeg?fit=256%2C256&amp;ssl=1\" class=\"attachment-256x256 size-256x256 wp-post-image\" alt=\"Adam Laita\" srcset=\"https:\/\/i0.wp.com\/brno.wordcamp.org\/2022\/files\/2022\/10\/laita.jpeg?w=460&amp;ssl=1 460w, https:\/\/i0.wp.com\/brno.wordcamp.org\/2022\/files\/2022\/10\/laita.jpeg?resize=300%2C300&amp;ssl=1 300w, https:\/\/i0.wp.com\/brno.wordcamp.org\/2022\/files\/2022\/10\/laita.jpeg?resize=150%2C150&amp;ssl=1 150w\" sizes=\"auto, (max-width: 256px) 100vw, 256px\" \/><\/a><\/figure><\/div>\n\n\n\n<div class=\"wp-block-column is-layout-flow wp-block-column-is-layout-flow\" style=\"flex-basis:66.66%\"><h2 class=\"wp-block-post-title\">Adam Laita<\/h2>\n\n<div class=\"wp-block-post-excerpt\"><p class=\"wp-block-post-excerpt__excerpt\">Adam Laita se zab\u00fdv\u00e1 tvorbou web\u016f ji\u017e v\u00edce ne\u017e 11 let. Posledn\u00edch 6 let z\u00e1rove\u0148 p\u0159edn\u00e1\u0161\u00ed a organizuje konferenci WordCamp \u2013 nejv\u011bt\u0161\u00ed WordPress konferenci v \u010cech\u00e1ch. Pr\u00e1v\u011b ve WordPressu se specializuje na k\u00f3dov\u00e1n\u00ed, tvorbu u\u017eivatelsk\u00e9ho rozhran\u00ed a optimalizaci v\u00fdkonu, p\u0159i\u010dem\u017e v jeho portfoliu se mezi v\u00edce ne\u017e 125 projekty vyj\u00edmaj\u00ed zna\u010dky jako aauni.edu, akmv.sk, davidkoci.cz<\/p><p class=\"wp-block-post-excerpt__more-text\"><a class=\"wp-block-post-excerpt__more-link\" href=\"https:\/\/brno.wordcamp.org\/2022\/organizer\/adam-laita\/\">V\u00edce  o \u0159e\u010dn\u00edkovi<\/a><\/p><\/div><\/div>\n<\/div>\n\n<\/li><li class=\"wp-block-post post-322 wcb_organizer type-wcb_organizer status-publish has-post-thumbnail hentry\">\n\n<div class=\"wp-block-columns is-layout-flex wp-container-core-columns-is-layout-28f84493 wp-block-columns-is-layout-flex\">\n<div class=\"wp-block-column is-layout-flow wp-block-column-is-layout-flow\" style=\"flex-basis:33.33%\"><figure style=\"width:256px;height:256px;\" class=\"wp-block-wordcamp-avatar\"><a href=\"https:\/\/brno.wordcamp.org\/2022\/organizer\/ivo-macek\/\"><img loading=\"lazy\" decoding=\"async\" width=\"256\" height=\"171\" src=\"https:\/\/i0.wp.com\/brno.wordcamp.org\/2022\/files\/2022\/10\/macek.png?fit=256%2C171&amp;ssl=1\" class=\"attachment-256x256 size-256x256 wp-post-image\" alt=\"Ivo Macek\" srcset=\"https:\/\/i0.wp.com\/brno.wordcamp.org\/2022\/files\/2022\/10\/macek.png?w=1008&amp;ssl=1 1008w, https:\/\/i0.wp.com\/brno.wordcamp.org\/2022\/files\/2022\/10\/macek.png?resize=300%2C201&amp;ssl=1 300w, https:\/\/i0.wp.com\/brno.wordcamp.org\/2022\/files\/2022\/10\/macek.png?resize=768%2C514&amp;ssl=1 768w, https:\/\/i0.wp.com\/brno.wordcamp.org\/2022\/files\/2022\/10\/macek.png?resize=449%2C300&amp;ssl=1 449w\" sizes=\"auto, (max-width: 256px) 100vw, 256px\" \/><\/a><\/figure><\/div>\n\n\n\n<div class=\"wp-block-column is-layout-flow wp-block-column-is-layout-flow\" style=\"flex-basis:66.66%\"><h2 class=\"wp-block-post-title\">Ivo Macek<\/h2>\n\n<div class=\"wp-block-post-excerpt\"><p class=\"wp-block-post-excerpt__excerpt\">Lead Designer &amp; Project Manager &amp; Co-Owner v&nbsp;Omega Design. Tvrd\u00ed o sob\u011b, \u017ee m\u00e1 n\u00e1pady na kdeco.&nbsp;Kec\u00e1 do toho, jak maj\u00ed v\u011bci vypadat, jak maj\u00ed fungovat a co se v nich m\u00e1 \u0159\u00edkat (a kolik maj\u00ed st\u00e1t pen\u011bz). Zaj\u00edm\u00e1 se o branding a zna\u010dky obecn\u011b, sem tam n\u011bkomu vymysl\u00ed n\u00e1zev, kter\u00fd se uchyt\u00ed. Pokud zrovna<\/p><p class=\"wp-block-post-excerpt__more-text\"><a class=\"wp-block-post-excerpt__more-link\" href=\"https:\/\/brno.wordcamp.org\/2022\/organizer\/ivo-macek\/\">V\u00edce  o \u0159e\u010dn\u00edkovi<\/a><\/p><\/div><\/div>\n<\/div>\n\n<\/li><li class=\"wp-block-post post-717 wcb_organizer type-wcb_organizer status-publish has-post-thumbnail hentry\">\n\n<div class=\"wp-block-columns is-layout-flex wp-container-core-columns-is-layout-28f84493 wp-block-columns-is-layout-flex\">\n<div class=\"wp-block-column is-layout-flow wp-block-column-is-layout-flow\" style=\"flex-basis:33.33%\"><figure style=\"width:256px;height:256px;\" class=\"wp-block-wordcamp-avatar\"><a href=\"https:\/\/brno.wordcamp.org\/2022\/organizer\/vojtech-bruk\/\"><img loading=\"lazy\" decoding=\"async\" width=\"170\" height=\"256\" src=\"https:\/\/i0.wp.com\/brno.wordcamp.org\/2022\/files\/2022\/10\/IMG_7640-Edit.png?fit=170%2C256&amp;ssl=1\" class=\"attachment-256x256 size-256x256 wp-post-image\" alt=\"Vojt\u011bch Bruk\" srcset=\"https:\/\/i0.wp.com\/brno.wordcamp.org\/2022\/files\/2022\/10\/IMG_7640-Edit.png?w=333&amp;ssl=1 333w, https:\/\/i0.wp.com\/brno.wordcamp.org\/2022\/files\/2022\/10\/IMG_7640-Edit.png?resize=200%2C300&amp;ssl=1 200w\" sizes=\"auto, (max-width: 170px) 100vw, 170px\" \/><\/a><\/figure><\/div>\n\n\n\n<div class=\"wp-block-column is-layout-flow wp-block-column-is-layout-flow\" style=\"flex-basis:66.66%\"><h2 class=\"wp-block-post-title\">Vojt\u011bch Bruk<\/h2>\n\n<div class=\"wp-block-post-excerpt\"><p class=\"wp-block-post-excerpt__excerpt\">Chce tvo\u0159it weby, kde se klient\u016fm vr\u00e1t\u00ed investice a bude se nad\u00e1le zhodnocovat. Co\u017e je v\u00fdzva. Weby stav\u00ed na Elementoru a \u010d\u00edm d\u00e1l \u010dast\u011bji vyu\u017e\u00edv\u00e1 i Bricks Builder. P\u00ed\u0161e blog o tvorb\u011b web\u016f, SEO a online marketingu. Na co nepou\u017e\u00edv\u00e1 WordPress, pou\u017e\u00edv\u00e1 Notion. M\u00e1 r\u00e1d basketbal, kn\u00ed\u017eky a poker. Najdete jej na vojtechbruk.cz.<\/p><p class=\"wp-block-post-excerpt__more-text\"><a class=\"wp-block-post-excerpt__more-link\" href=\"https:\/\/brno.wordcamp.org\/2022\/organizer\/vojtech-bruk\/\">V\u00edce  o \u0159e\u010dn\u00edkovi<\/a><\/p><\/div><\/div>\n<\/div>\n\n<\/li><li class=\"wp-block-post post-715 wcb_organizer type-wcb_organizer status-publish has-post-thumbnail hentry\">\n\n<div class=\"wp-block-columns is-layout-flex wp-container-core-columns-is-layout-28f84493 wp-block-columns-is-layout-flex\">\n<div class=\"wp-block-column is-layout-flow wp-block-column-is-layout-flow\" style=\"flex-basis:33.33%\"><figure style=\"width:256px;height:256px;\" class=\"wp-block-wordcamp-avatar\"><a href=\"https:\/\/brno.wordcamp.org\/2022\/organizer\/daniel-koch\/\"><img loading=\"lazy\" decoding=\"async\" width=\"256\" height=\"256\" src=\"https:\/\/i0.wp.com\/brno.wordcamp.org\/2022\/files\/2022\/10\/koch.jpeg?fit=256%2C256&amp;ssl=1\" class=\"attachment-256x256 size-256x256 wp-post-image\" alt=\"Daniel Koch\" srcset=\"https:\/\/i0.wp.com\/brno.wordcamp.org\/2022\/files\/2022\/10\/koch.jpeg?w=800&amp;ssl=1 800w, https:\/\/i0.wp.com\/brno.wordcamp.org\/2022\/files\/2022\/10\/koch.jpeg?resize=300%2C300&amp;ssl=1 300w, https:\/\/i0.wp.com\/brno.wordcamp.org\/2022\/files\/2022\/10\/koch.jpeg?resize=150%2C150&amp;ssl=1 150w, https:\/\/i0.wp.com\/brno.wordcamp.org\/2022\/files\/2022\/10\/koch.jpeg?resize=768%2C768&amp;ssl=1 768w\" sizes=\"auto, (max-width: 256px) 100vw, 256px\" \/><\/a><\/figure><\/div>\n\n\n\n<div class=\"wp-block-column is-layout-flow wp-block-column-is-layout-flow\" style=\"flex-basis:66.66%\"><h2 class=\"wp-block-post-title\">Daniel Koch<\/h2>\n\n<div class=\"wp-block-post-excerpt\"><p class=\"wp-block-post-excerpt__excerpt\">Dan zalo\u017eil digit\u00e1ln\u00ed agenturu Vesm\u00edrn\u00e9 ku\u0159e, kde tvo\u0159\u00ed weby na WordPressu na m\u00edru. S WordPressem pracuje u\u017e n\u011bkolik let a velice r\u00e1d se setk\u00e1v\u00e1 s komunitou a sleduje trendy, kter\u00e9 se kolem WordPressu objev\u00ed. Specializuje se na automatizaci, optimalizaci a komplexn\u00ed webov\u00e9 str\u00e1nky.<\/p><p class=\"wp-block-post-excerpt__more-text\"><a class=\"wp-block-post-excerpt__more-link\" href=\"https:\/\/brno.wordcamp.org\/2022\/organizer\/daniel-koch\/\">V\u00edce  o \u0159e\u010dn\u00edkovi<\/a><\/p><\/div><\/div>\n<\/div>\n\n<\/li><li class=\"wp-block-post post-713 wcb_organizer type-wcb_organizer status-publish has-post-thumbnail hentry\">\n\n<div class=\"wp-block-columns is-layout-flex wp-container-core-columns-is-layout-28f84493 wp-block-columns-is-layout-flex\">\n<div class=\"wp-block-column is-layout-flow wp-block-column-is-layout-flow\" style=\"flex-basis:33.33%\"><figure style=\"width:256px;height:256px;\" class=\"wp-block-wordcamp-avatar\"><a href=\"https:\/\/brno.wordcamp.org\/2022\/organizer\/pavel-vybiral\/\"><img loading=\"lazy\" decoding=\"async\" width=\"256\" height=\"256\" src=\"https:\/\/i0.wp.com\/brno.wordcamp.org\/2022\/files\/2022\/10\/WC_PaV.jpg?fit=256%2C256&amp;ssl=1\" class=\"attachment-256x256 size-256x256 wp-post-image\" alt=\"Pavel Vyb\u00edral\" srcset=\"https:\/\/i0.wp.com\/brno.wordcamp.org\/2022\/files\/2022\/10\/WC_PaV.jpg?w=650&amp;ssl=1 650w, https:\/\/i0.wp.com\/brno.wordcamp.org\/2022\/files\/2022\/10\/WC_PaV.jpg?resize=300%2C300&amp;ssl=1 300w, https:\/\/i0.wp.com\/brno.wordcamp.org\/2022\/files\/2022\/10\/WC_PaV.jpg?resize=150%2C150&amp;ssl=1 150w\" sizes=\"auto, (max-width: 256px) 100vw, 256px\" \/><\/a><\/figure><\/div>\n\n\n\n<div class=\"wp-block-column is-layout-flow wp-block-column-is-layout-flow\" style=\"flex-basis:66.66%\"><h2 class=\"wp-block-post-title\">Pavel Vyb\u00edral<\/h2>\n\n<div class=\"wp-block-post-excerpt\"><p class=\"wp-block-post-excerpt__excerpt\">Pavel je WordPress nad\u0161enec a auto\u0161koln\u00ed freelancer. Nyn\u00ed tvo\u0159\u00ed weby hlavn\u011b pro radost a pro pot\u0159eby sv\u00e9 auto\u0161koly. Pracuje s buildery Divi a Elementor. V roce 2018 nav\u0161t\u00edvil sv\u016fj prvn\u00ed WordCamp v Praze a objevil \u00fa\u017easnou komunitu lid\u00ed kolem WordPressu. Od t\u00e9 doby se pod\u00edl\u00ed na organizov\u00e1n\u00ed WordCamp\u016f v Brn\u011b a na WordPress a komunitu<\/p><p class=\"wp-block-post-excerpt__more-text\"><a class=\"wp-block-post-excerpt__more-link\" href=\"https:\/\/brno.wordcamp.org\/2022\/organizer\/pavel-vybiral\/\">V\u00edce  o \u0159e\u010dn\u00edkovi<\/a><\/p><\/div><\/div>\n<\/div>\n\n<\/li><\/ul><\/div>\n","protected":false},"excerpt":{"rendered":"","protected":false},"author":14626832,"featured_media":0,"parent":304,"menu_order":0,"comment_status":"closed","ping_status":"closed","template":"","meta":{"jetpack_post_was_ever_published":false,"footnotes":""},"class_list":["post-739","page","type-page","status-publish","hentry"],"jetpack_sharing_enabled":true,"_links":{"self":[{"href":"https:\/\/brno.wordcamp.org\/2022\/wp-json\/wp\/v2\/pages\/739","targetHints":{"allow":["GET"]}}],"collection":[{"href":"https:\/\/brno.wordcamp.org\/2022\/wp-json\/wp\/v2\/pages"}],"about":[{"href":"https:\/\/brno.wordcamp.org\/2022\/wp-json\/wp\/v2\/types\/page"}],"author":[{"embeddable":true,"href":"https:\/\/brno.wordcamp.org\/2022\/wp-json\/wp\/v2\/users\/14626832"}],"replies":[{"embeddable":true,"href":"https:\/\/brno.wordcamp.org\/2022\/wp-json\/wp\/v2\/comments?post=739"}],"version-history":[{"count":1,"href":"https:\/\/brno.wordcamp.org\/2022\/wp-json\/wp\/v2\/pages\/739\/revisions"}],"predecessor-version":[{"id":741,"href":"https:\/\/brno.wordcamp.org\/2022\/wp-json\/wp\/v2\/pages\/739\/revisions\/741"}],"up":[{"embeddable":true,"href":"https:\/\/brno.wordcamp.org\/2022\/wp-json\/wp\/v2\/pages\/304"}],"wp:attachment":[{"href":"https:\/\/brno.wordcamp.org\/2022\/wp-json\/wp\/v2\/media?parent=739"}],"curies":[{"name":"wp","href":"https:\/\/api.w.org\/{rel}","templated":true}]}}