{"id":645,"date":"2022-10-11T16:07:33","date_gmt":"2022-10-11T14:07:33","guid":{"rendered":"https:\/\/brno.wordcamp.org\/2022\/?page_id=645"},"modified":"2022-10-11T16:20:36","modified_gmt":"2022-10-11T14:20:36","slug":"kudy-na-wordcamp","status":"publish","type":"page","link":"https:\/\/brno.wordcamp.org\/2022\/informace\/kudy-na-wordcamp\/","title":{"rendered":"Kudy na WordCamp"},"content":{"rendered":"\n<p>WordCamp Brno 2022 se kon\u00e1 na <a href=\"https:\/\/goo.gl\/maps\/pCL6GR4GLSm4Wi1U6\">FRRMS Mendelu v Brn\u011b na ulici t\u0159. Gen. P\u00edky 2005\/7, 61300, Brno-Kr\u00e1lovo pole<\/a>. Jak se k n\u00e1m dostanete?<\/p>\n\n\n\n<p class=\"has-large-font-size\"><strong>Vlakem<\/strong><\/p>\n\n\n\n<p>Do Brna jezd\u00ed vlaky ze v\u0161ech mo\u017en\u00fdch stran a m\u00e1me celkem 4 n\u00e1dra\u017e\u00ed Hlavn\u00ed, Kr\u00e1lovo Pole, \u017didenice, Lesn\u00e1.<\/p>\n\n\n\n<p>Pokud jedete z Hlavn\u00edho n\u00e1dra\u017e\u00ed, nasedn\u011bte na \u0161alinu \u010d. 9 sm\u011br \u010certova rokle a dojedete na zast\u00e1vku Bieblova.<\/p>\n\n\n\n<p>Jestli\u017ee jedete z Kr\u00e1lovo pole n\u00e1dra\u017e\u00ed, pak m\u016f\u017eete jet linkami autobus\u016f \u010d. 53 (sm\u011br Halasovo n\u00e1m\u011bst\u00ed), 72 (sm\u011br Ob\u0159any, s\u00eddli\u0161t\u011b) nebo 84 (sm\u011br Star\u00e1 osada)  na zast\u00e1vku Halasovo n\u00e1m\u011bst\u00ed. V\u0161echny spoje jednou z n\u00e1stupi\u0161t\u011b autobus\u016f \u010d. 7.<\/p>\n\n\n\n<p>Cesta z \u017didenic je nejv\u00edce komplikovan\u00e1, proto\u017ee mus\u00edte p\u0159ej\u00edt na vzd\u00e1len\u011bj\u0161\u00ed zast\u00e1vku \u017didenice, kas\u00e1rna a p\u0159ejet busem \u010d. 44 na Halasovo n\u00e1m\u011bst\u00ed nebo p\u0159ejet vlakem na Lesn\u00e1, n\u00e1dra\u017e\u00ed a odtud pokra\u010dovat op\u011bt linkou \u010d. 44, doporu\u010dujeme rad\u011bji cestu z hlavn\u00edho n\u00e1dra\u017e\u00ed.<\/p>\n\n\n\n<p>Lesn\u00e1 se nach\u00e1z\u00ed kousek od FRRMS, tak\u017ee m\u016f\u017eete j\u00edt p\u011b\u0161ky nebo busem \u010d. 44 (sm\u011br \u00daAN Zvona\u0159ka) nebo 57 (sm\u011br Ha\u0161kova).<\/p>\n\n\n\n<p class=\"has-large-font-size\"><strong>\u0160alinou a busem<\/strong><\/p>\n\n\n\n<p>V\u017edy z\u00e1le\u017e\u00ed odkud jedete, ale nejbli\u017e\u0161\u00ed zast\u00e1vkou je Bieblova, kterou proj\u00ed\u017ed\u00ed \u0161alina \u010d. 9 nebo zast\u00e1vka Halasovo n\u00e1m\u011bst\u00ed, kde stav\u00ed linky 44, 53, 57, 72, 84.<\/p>\n\n\n\n<p class=\"has-large-font-size\"><strong>Autem<\/strong><\/p>\n\n\n\n<p>Parkov\u00e1n\u00ed nen\u00ed bohu\u017eel tak jednoduch\u00e9 a p\u0159ed samotn\u00fdm are\u00e1lem je pouze n\u011bkolik m\u00edst, kter\u00e1 budou pravd\u011bpodobn\u011b zapln\u011bna. Proto je pravd\u011bpodobn\u00e9, \u017ee budete muset zaparkovat v p\u0159ilehl\u00e9 oblasti. Na m\u00edsto se dostanete nejl\u00e9pe podle <a href=\"https:\/\/goo.gl\/maps\/pCL6GR4GLSm4Wi1U6\">navigace<\/a>.<\/p>\n\n\n\n<figure class=\"wp-block-image size-large\"><img data-recalc-dims=\"1\" loading=\"lazy\" decoding=\"async\" width=\"1024\" height=\"765\" src=\"https:\/\/i0.wp.com\/brno.wordcamp.org\/2022\/files\/2022\/10\/FRRMS-Mapa.png?resize=1024%2C765&#038;ssl=1\" alt=\"\" class=\"wp-image-648\" srcset=\"https:\/\/i0.wp.com\/brno.wordcamp.org\/2022\/files\/2022\/10\/FRRMS-Mapa.png?resize=1024%2C765&amp;ssl=1 1024w, https:\/\/i0.wp.com\/brno.wordcamp.org\/2022\/files\/2022\/10\/FRRMS-Mapa.png?resize=300%2C224&amp;ssl=1 300w, https:\/\/i0.wp.com\/brno.wordcamp.org\/2022\/files\/2022\/10\/FRRMS-Mapa.png?resize=768%2C573&amp;ssl=1 768w, https:\/\/i0.wp.com\/brno.wordcamp.org\/2022\/files\/2022\/10\/FRRMS-Mapa.png?resize=402%2C300&amp;ssl=1 402w, https:\/\/i0.wp.com\/brno.wordcamp.org\/2022\/files\/2022\/10\/FRRMS-Mapa.png?w=1228&amp;ssl=1 1228w\" sizes=\"auto, (max-width: 1000px) 100vw, 1000px\" \/><\/figure>\n","protected":false},"excerpt":{"rendered":"<p>WordCamp Brno 2022 se kon\u00e1 na FRRMS Mendelu v Brn\u011b na ulici t\u0159. Gen. P\u00edky 2005\/7, 61300, Brno-Kr\u00e1lovo pole. Jak se k n\u00e1m dostanete? Vlakem Do Brna jezd\u00ed vlaky ze v\u0161ech mo\u017en\u00fdch stran a m\u00e1me celkem 4 n\u00e1dra\u017e\u00ed Hlavn\u00ed, Kr\u00e1lovo Pole, \u017didenice, Lesn\u00e1. Pokud jedete z Hlavn\u00edho n\u00e1dra\u017e\u00ed, nasedn\u011bte na \u0161alinu \u010d. 9 sm\u011br \u010certova [&hellip;]<\/p>\n","protected":false},"author":14626832,"featured_media":0,"parent":355,"menu_order":0,"comment_status":"closed","ping_status":"closed","template":"","meta":{"jetpack_post_was_ever_published":false,"footnotes":""},"class_list":["post-645","page","type-page","status-publish","hentry"],"jetpack_sharing_enabled":true,"_links":{"self":[{"href":"https:\/\/brno.wordcamp.org\/2022\/wp-json\/wp\/v2\/pages\/645","targetHints":{"allow":["GET"]}}],"collection":[{"href":"https:\/\/brno.wordcamp.org\/2022\/wp-json\/wp\/v2\/pages"}],"about":[{"href":"https:\/\/brno.wordcamp.org\/2022\/wp-json\/wp\/v2\/types\/page"}],"author":[{"embeddable":true,"href":"https:\/\/brno.wordcamp.org\/2022\/wp-json\/wp\/v2\/users\/14626832"}],"replies":[{"embeddable":true,"href":"https:\/\/brno.wordcamp.org\/2022\/wp-json\/wp\/v2\/comments?post=645"}],"version-history":[{"count":3,"href":"https:\/\/brno.wordcamp.org\/2022\/wp-json\/wp\/v2\/pages\/645\/revisions"}],"predecessor-version":[{"id":649,"href":"https:\/\/brno.wordcamp.org\/2022\/wp-json\/wp\/v2\/pages\/645\/revisions\/649"}],"up":[{"embeddable":true,"href":"https:\/\/brno.wordcamp.org\/2022\/wp-json\/wp\/v2\/pages\/355"}],"wp:attachment":[{"href":"https:\/\/brno.wordcamp.org\/2022\/wp-json\/wp\/v2\/media?parent=645"}],"curies":[{"name":"wp","href":"https:\/\/api.w.org\/{rel}","templated":true}]}}