{"id":637,"date":"2022-10-05T16:37:13","date_gmt":"2022-10-05T14:37:13","guid":{"rendered":"https:\/\/brno.wordcamp.org\/2022\/?page_id=637"},"modified":"2022-10-05T16:37:13","modified_gmt":"2022-10-05T14:37:13","slug":"hledame-sponzory","status":"publish","type":"page","link":"https:\/\/brno.wordcamp.org\/2022\/sponzorstvi\/hledame-sponzory\/","title":{"rendered":"Hled\u00e1me sponzory"},"content":{"rendered":"\n<p><strong>Oslovte stovky profesion\u00e1l\u016f, u\u017eivatel\u016f WordPressu a z\u00e1stupc\u016f agentur a firem<\/strong>. Sta\u0148te se sponzorem WordCamp Brno 2022!<\/p>\n\n\n\n<p>V sobotu <strong>22.10.2022<\/strong> se bude na <strong>FRRMS Mendelu v Brn\u011b <\/strong>konat ji\u017e \u010dtvrt\u00fd ro\u010dn\u00edk brn\u011bnsk\u00e9ho WordCampu a bude to velk\u00e9, proto\u017ee se bude po letech jednat o prvn\u00ed offline WordCamp v \u010desku.<\/p>\n\n\n\n<p>Pro v\u00e1s jako sponzory je podpora konference skv\u011blou p\u0159\u00edle\u017eitost\u00ed, jak zviditelnit svoji zna\u010dku, propagovat produkty, vyj\u00e1d\u0159it svoji podporu WordPress komunit\u011b a p\u0159edev\u0161\u00edm oslovit stovky n\u00e1v\u0161t\u011bvn\u00edk\u016f konference.<\/p>\n\n\n\n<h4 class=\"wp-block-heading\"><strong>Co je vlastn\u011b Wordcamp<\/strong><\/h4>\n\n\n\n<p>WordCamp je celosv\u011btov\u00e1 konference, kter\u00e1 m\u00e1 ochrannou zn\u00e1mu a je ofici\u00e1ln\u011b schvalov\u00e1na ze strany americk\u00e9 centr\u00e1ly. Ka\u017edoro\u010dn\u011b se po\u0159\u00e1d\u00e1 v des\u00edtk\u00e1ch m\u011bst po cel\u00e9m sv\u011bt\u011b jako podpora komunity u\u017eivatel\u016f redak\u010dn\u00edho syst\u00e9mu WordPress, kter\u00fd poh\u00e1n\u00ed 40% v\u0161ch webov\u00fdch str\u00e1nek na sv\u011bt\u011b.<\/p>\n\n\n\n<h4 class=\"wp-block-heading\"><strong>\u00da\u010dastn\u00edci WordCampu<\/strong><\/h4>\n\n\n\n<p>V\u011bt\u0161ina \u00fa\u010dastn\u00edk\u016f se profesion\u00e1ln\u011b v\u011bnuje pr\u00e1ci s redak\u010dn\u00edm syst\u00e9mem WordPress. Jedn\u00e1 se p\u0159edev\u0161\u00edm o v\u00fdvoj\u00e1\u0159e, design\u00e9ry a konzultanty. N\u00e1v\u0161t\u011bvn\u00edky konference tvo\u0159\u00ed ze 75% z\u00e1stupci agentur a freelance\u0159i, kte\u0159\u00ed maj\u00ed pod spr\u00e1vou velk\u00e9 mno\u017estv\u00ed web\u016f a klient\u016f. Jak\u00e9 \u00fa\u010dastn\u00edky m\u016f\u017eete oslovit na WordCamp Brno 2022?<\/p>\n\n\n\n<ul class=\"wp-block-list\">\n<li>Majitele firem a agentur<\/li>\n\n\n\n<li>Freelancery specializuj\u00edc\u00ed se na v\u00fdvoj web\u016f v syst\u00e9mu WordPress<\/li>\n\n\n\n<li>Design\u00e9ry, market\u00e9ry, analytiky, SEO specialisty, copywritery<\/li>\n\n\n\n<li>N\u00e1v\u0161t\u011bvn\u00edky, kte\u0159\u00ed vyu\u017e\u00edvaj\u00ed WordPress pro spr\u00e1vu vlastn\u00edch web\u016f<\/li>\n<\/ul>\n\n\n\n<h4 class=\"wp-block-heading\"><strong>Sponzorstv\u00ed WordCamp Brno 2022<\/strong><\/h4>\n\n\n\n<p>Sponzorov\u00e1n\u00ed t\u00e9to konference je skv\u011blou p\u0159\u00edle\u017eitost\u00ed, jak oslovit stovky u\u017eivatel\u016f syst\u00e9mu WordPress.<\/p>\n\n\n\n<p>Nab\u00edz\u00edme n\u011bkolik \u00farovn\u00ed \u010dlenstv\u00ed, kter\u00e9 se li\u0161\u00ed m\u00edrou mo\u017enosti propagace vlastn\u00ed firmy, brandu nebo produkt\u016f. Kompletn\u00ed p\u0159ehled informac\u00ed ohledn\u011b sponzoringu se dozv\u00edte v dokumentu.<\/p>\n\n\n\n<div class=\"wp-block-buttons is-layout-flex wp-block-buttons-is-layout-flex\">\n<div class=\"wp-block-button\"><a class=\"wp-block-button__link has-background wp-element-button\" href=\"https:\/\/bugner.pro\/\" style=\"background-color:#138dee\">bugner.pro<\/a><\/div>\n<\/div>\n\n\n\n<h5 class=\"wp-block-heading\"><strong>Kde m\u016f\u017eete b\u00fdt jako sponzo\u0159i WordCampu vid\u011bt?<\/strong><\/h5>\n\n\n\n<ul class=\"wp-block-list\">\n<li>P\u0159\u00edmo na konferenci 22.10.2022 v Brn\u011b, kde maj\u00ed Gold a Silver sponzo\u0159i vlastn\u00ed st\u00e1nek. M\u016f\u017eete tak oslovit n\u00e1v\u0161t\u011bvn\u00edky p\u0159\u00edmo v r\u00e1mci akce.<\/li>\n\n\n\n<li>Na webu https:\/\/brno.wordcamp.org\/2022, kde budete m\u00edt trvalou zm\u00ednku v r\u00e1mci sponzor\u016f.<\/li>\n\n\n\n<li>V r\u00e1mci vlastn\u00edho p\u0159\u00edsp\u011bvku, kter\u00fdm se p\u0159edstav\u00edte n\u00e1v\u0161t\u011bvn\u00edk\u016fm a bude publikov\u00e1n na webu a soci\u00e1ln\u00edch s\u00edt\u00edch konference.<\/li>\n\n\n\n<li>Na tiskovin\u00e1ch pro konferenci, kter\u00e9 obdr\u017e\u00ed ka\u017ed\u00fd n\u00e1v\u0161t\u011bvn\u00edk a na obrazovce p\u0159i prom\u00edt\u00e1n\u00ed v pr\u016fb\u011bhu p\u0159edn\u00e1\u0161ek.<\/li>\n\n\n\n<li>Na rollupech v m\u00edst\u011b kon\u00e1n\u00ed akce.<\/li>\n\n\n\n<li>V r\u00e1mci newsletteru, kter\u00fdm oslov\u00edte t\u00e9m\u011b\u0159 600 odb\u011bratel\u016f.<\/li>\n<\/ul>\n\n\n\n<h4 class=\"wp-block-heading\"><strong>Chcete v\u011bd\u011bt v\u00edce?<\/strong><\/h4>\n\n\n\n<p>Kontaktujte hlavn\u00edho organiz\u00e1tora Jana Dr\u00e1bka na telefonu <a href=\"tel:+420 777 908 360\">+420 777 908 360<\/a> nebo napi\u0161te na <a href=\"mailto:sponsor@wordcampbrno.cz\">sponsor@wordcampbrno.cz<\/a><\/p>\n","protected":false},"excerpt":{"rendered":"<p>Oslovte stovky profesion\u00e1l\u016f, u\u017eivatel\u016f WordPressu a z\u00e1stupc\u016f agentur a firem. Sta\u0148te se sponzorem WordCamp Brno 2022! V sobotu 22.10.2022 se bude na FRRMS Mendelu v Brn\u011b konat ji\u017e \u010dtvrt\u00fd ro\u010dn\u00edk brn\u011bnsk\u00e9ho WordCampu a bude to velk\u00e9, proto\u017ee se bude po letech jednat o prvn\u00ed offline WordCamp v \u010desku. Pro v\u00e1s jako sponzory je podpora konference [&hellip;]<\/p>\n","protected":false},"author":14626832,"featured_media":0,"parent":367,"menu_order":0,"comment_status":"closed","ping_status":"closed","template":"","meta":{"jetpack_post_was_ever_published":false,"footnotes":""},"class_list":["post-637","page","type-page","status-publish","hentry"],"jetpack_sharing_enabled":true,"_links":{"self":[{"href":"https:\/\/brno.wordcamp.org\/2022\/wp-json\/wp\/v2\/pages\/637","targetHints":{"allow":["GET"]}}],"collection":[{"href":"https:\/\/brno.wordcamp.org\/2022\/wp-json\/wp\/v2\/pages"}],"about":[{"href":"https:\/\/brno.wordcamp.org\/2022\/wp-json\/wp\/v2\/types\/page"}],"author":[{"embeddable":true,"href":"https:\/\/brno.wordcamp.org\/2022\/wp-json\/wp\/v2\/users\/14626832"}],"replies":[{"embeddable":true,"href":"https:\/\/brno.wordcamp.org\/2022\/wp-json\/wp\/v2\/comments?post=637"}],"version-history":[{"count":1,"href":"https:\/\/brno.wordcamp.org\/2022\/wp-json\/wp\/v2\/pages\/637\/revisions"}],"predecessor-version":[{"id":638,"href":"https:\/\/brno.wordcamp.org\/2022\/wp-json\/wp\/v2\/pages\/637\/revisions\/638"}],"up":[{"embeddable":true,"href":"https:\/\/brno.wordcamp.org\/2022\/wp-json\/wp\/v2\/pages\/367"}],"wp:attachment":[{"href":"https:\/\/brno.wordcamp.org\/2022\/wp-json\/wp\/v2\/media?parent=637"}],"curies":[{"name":"wp","href":"https:\/\/api.w.org\/{rel}","templated":true}]}}