{"id":355,"date":"2022-09-13T20:48:51","date_gmt":"2022-09-13T18:48:51","guid":{"rendered":"https:\/\/brno.wordcamp.org\/2022\/?page_id=355"},"modified":"2022-09-13T20:49:31","modified_gmt":"2022-09-13T18:49:31","slug":"informace","status":"publish","type":"page","link":"https:\/\/brno.wordcamp.org\/2022\/informace\/","title":{"rendered":"Informace"},"content":{"rendered":"\n<p>Obchodn\u00ed podm\u00ednky<br><a href=\"https:\/\/brno.wordcamp.org\/2022\/kodex-chovani\/\" data-type=\"page\" data-id=\"352\">Kodex chov\u00e1n\u00ed<\/a><\/p>\n","protected":false},"excerpt":{"rendered":"<p>Obchodn\u00ed podm\u00ednkyKodex chov\u00e1n\u00ed<\/p>\n","protected":false},"author":14626832,"featured_media":0,"parent":0,"menu_order":8,"comment_status":"closed","ping_status":"closed","template":"","meta":{"jetpack_post_was_ever_published":false,"footnotes":""},"class_list":["post-355","page","type-page","status-publish","hentry"],"jetpack_sharing_enabled":true,"_links":{"self":[{"href":"https:\/\/brno.wordcamp.org\/2022\/wp-json\/wp\/v2\/pages\/355","targetHints":{"allow":["GET"]}}],"collection":[{"href":"https:\/\/brno.wordcamp.org\/2022\/wp-json\/wp\/v2\/pages"}],"about":[{"href":"https:\/\/brno.wordcamp.org\/2022\/wp-json\/wp\/v2\/types\/page"}],"author":[{"embeddable":true,"href":"https:\/\/brno.wordcamp.org\/2022\/wp-json\/wp\/v2\/users\/14626832"}],"replies":[{"embeddable":true,"href":"https:\/\/brno.wordcamp.org\/2022\/wp-json\/wp\/v2\/comments?post=355"}],"version-history":[{"count":2,"href":"https:\/\/brno.wordcamp.org\/2022\/wp-json\/wp\/v2\/pages\/355\/revisions"}],"predecessor-version":[{"id":357,"href":"https:\/\/brno.wordcamp.org\/2022\/wp-json\/wp\/v2\/pages\/355\/revisions\/357"}],"wp:attachment":[{"href":"https:\/\/brno.wordcamp.org\/2022\/wp-json\/wp\/v2\/media?parent=355"}],"curies":[{"name":"wp","href":"https:\/\/api.w.org\/{rel}","templated":true}]}}