{"id":351,"date":"2022-09-13T20:49:52","date_gmt":"2022-09-13T18:49:52","guid":{"rendered":"https:\/\/brno.wordcamp.org\/2022\/?page_id=351"},"modified":"2022-09-13T20:50:18","modified_gmt":"2022-09-13T18:50:18","slug":"obchodni-podminky","status":"publish","type":"page","link":"https:\/\/brno.wordcamp.org\/2022\/informace\/obchodni-podminky\/","title":{"rendered":"Obchodn\u00ed podm\u00ednky"},"content":{"rendered":"\n<h3 class=\"wp-block-heading\">Informace o provozovateli<\/h3>\n\n\n\n<p>pageart s.r.o.<br>Blatnick\u00e1 4219\/4<br>62800<br>Brno<br>Spisov\u00e1 zna\u010dka C 105290\/KSBR Krajsk\u00fd soud v Brn\u011b<\/p>\n\n\n\n<p>I\u010c: 06950337<\/p>\n\n\n\n<p>Nepl\u00e1tce DPH<\/p>\n\n\n\n<h3 class=\"wp-block-heading\">Kontaktn\u00ed osoba:<\/h3>\n\n\n\n<p>Jan Dr\u00e1bek, <a href=\"tel:+420 777908360\" data-type=\"tel\" data-id=\"tel:+420 777908360\">+420 777908360<\/a><\/p>\n\n\n\n<p>E-mail:\u00a0<a href=\"mailto:vladimir.smitka@lynt.cz\">info@pageart.cz<\/a><\/p>\n\n\n\n<h3 class=\"wp-block-heading\">Zakoupen\u00ed vstupenky na konferenci WordCamp (podm\u00ednky se stanou platn\u00e9 se spu\u0161t\u011bn\u00edm prodeje vstupenek)<\/h3>\n\n\n\n<p>Vstupenky je mo\u017en\u00e9 zakoupit pomoc\u00ed objedn\u00e1vkov\u00e9ho formul\u00e1\u0159 na webu <a href=\"https:\/\/wordcampbrno.cz\/\">https:\/\/wordcampbrno.cz\/<\/a>, kter\u00fd vyu\u017e\u00edv\u00e1 pro prodej syst\u00e9m <a href=\"https:\/\/www.simpleshop.cz\/\" data-type=\"URL\" data-id=\"https:\/\/www.simpleshop.cz\/\">SimpleShop<\/a>.<\/p>\n\n\n\n<p>Po odesl\u00e1n\u00ed formul\u00e1\u0159e dostanete potvrzen\u00ed o\u00a0p\u0159ijet\u00ed objedn\u00e1vky na va\u0161\u00ed e-mailovou adresu.<\/p>\n\n\n\n<p>Zakoupen\u00edm vstupenky souhlas\u00edte s\u00a0t\u011bmito obchodn\u00edmi podm\u00ednkami a\u00a0zavazujete se dodr\u017eovat\u00a0<a href=\"https:\/\/brno.wordcamp.org\/2022\/informace\/kodex-chovani\/\" data-type=\"URL\" data-id=\"https:\/\/brno.wordcamp.org\/2022\/informace\/kodex-chovani\/\">Kodex chov\u00e1n\u00ed WordCamp<\/a>.<\/p>\n\n\n\n<h3 class=\"wp-block-heading\">Zp\u016fsoby platby<\/h3>\n\n\n\n<ul class=\"wp-block-list\">\n<li>bankovn\u00edm p\u0159evodem na \u00fa\u010det provozovatele<\/li>\n\n\n\n<li>pomoc\u00ed platebn\u00edho syst\u00e9mu Stripe<\/li>\n<\/ul>\n\n\n\n<h3 class=\"wp-block-heading\">Zp\u016fsob dod\u00e1n\u00ed<\/h3>\n\n\n\n<p>Po \u00fasp\u011b\u0161n\u00e9m p\u0159ips\u00e1n\u00ed platby na n\u00e1\u0161 \u00fa\u010det dostanete email s&nbsp;potvrzen\u00edm. Pro vstup na konferenci se sta\u010d\u00ed prok\u00e1zat va\u0161\u00edm jm\u00e9nem, p\u0159\u00edpadn\u011b e-mailem.<\/p>\n\n\n\n<h3 class=\"wp-block-heading\">Reklamace<\/h3>\n\n\n\n<p>V&nbsp;p\u0159\u00edpad\u011b jak\u00fdchkoliv probl\u00e9m\u016f, \u010di nejasnost\u00ed n\u00e1s pros\u00edm kontaktujte na v\u00fd\u0161e uveden\u00e9 kontakty. Zakoupenou vstupenku je mo\u017en\u00e9 vr\u00e1tit do 14 dn\u00ed od zakoupen\u00ed a&nbsp;nejpozd\u011bji 7 dn\u00ed p\u0159ed term\u00ednem konference, platbu v\u00e1m n\u00e1sledn\u011b vr\u00e1t\u00edme na zvolen\u00fd bankovn\u00ed \u00fa\u010det.<\/p>\n\n\n\n<h2 class=\"wp-block-heading\">Ochrana osobn\u00edch \u00fadaj\u016f<\/h2>\n\n\n\n<p>P\u0159i nakl\u00e1d\u00e1n\u00ed s daty se zavazujeme \u0159\u00eddit z\u00e1konem \u010d. 101\/2000 Sb. O ochran\u011b osobn\u00edch \u00fadaj\u016f.&nbsp;Ve\u0161ker\u00e9 osobn\u00ed \u00fadaje jsou pova\u017eov\u00e1ny za p\u0159\u00edsn\u011b d\u016fv\u011brn\u00e9 a&nbsp;je s&nbsp;nimi nakl\u00e1d\u00e1no v&nbsp;souladu se z\u00e1konem \u010d. 101\/2000&nbsp;Sb. V&nbsp;\u017e\u00e1dn\u00e9m p\u0159\u00edpad\u011b neposkytujeme tyto \u00fadaje t\u0159et\u00edm stran\u00e1m, kter\u00e9 nejsou zapojeny do po\u0159\u00e1d\u00e1n\u00ed konference WordCamp Praha 2018.&nbsp;Spole\u010dnost je registrov\u00e1na u \u00da\u0159adu na ochranu osobn\u00edch \u00fadaj\u016f pod reg. \u010d\u00edslem 63179.<\/p>\n\n\n\n<h3 class=\"wp-block-heading\">Jak\u00e9 \u00fadaje shroma\u017e\u010fujeme?<\/h3>\n\n\n\n<p>Dlouhodob\u011b shroma\u017e\u010fujeme pouze jm\u00e9na, emailov\u00e9 adresy a kategorii \u00fa\u010dastn\u00edka (v\u00fdvoj\u00e1\u0159\/u\u017eivatel). Tyto \u00fadaje slou\u017e\u00ed k informov\u00e1n\u00ed o novink\u00e1ch kolem konference WordCamp Praha 2018 a souvisej\u00edc\u00edch akc\u00edch. Z odb\u011bru&nbsp;novinek je mo\u017en\u00e9 se kdykoliv odhl\u00e1sit a t\u00edm odstranit adresu z na\u0161\u00ed datab\u00e1ze. E-mailov\u00e9 adresy mohou b\u00fdt d\u00e1le vyu\u017eity pro osloven\u00ed u\u017eivatel\u016f dal\u0161\u00edmi marketingov\u00fdmi kan\u00e1ly.<\/p>\n\n\n\n<p>\u00da\u010dastn\u00edk konference z\u00e1rove\u0148 poskytuje souhlas se zachycen\u00edm jeho fyzick\u00e9 podoby (ve smyslu \u00a784 Ob\u010dansk\u00e9ho z\u00e1kon\u00edku) pro pot\u0159eby propagace Konference a&nbsp;partner\u016f \u2013 p\u0159edev\u0161\u00edm v&nbsp;obrazov\u00e9 a&nbsp;video dokumentaci z&nbsp;konference.<\/p>\n","protected":false},"excerpt":{"rendered":"<p>Informace o provozovateli pageart s.r.o.Blatnick\u00e1 4219\/462800BrnoSpisov\u00e1 zna\u010dka C 105290\/KSBR Krajsk\u00fd soud v Brn\u011b I\u010c: 06950337 Nepl\u00e1tce DPH Kontaktn\u00ed osoba: Jan Dr\u00e1bek, +420 777908360 E-mail:\u00a0info@pageart.cz Zakoupen\u00ed vstupenky na konferenci WordCamp (podm\u00ednky se stanou platn\u00e9 se spu\u0161t\u011bn\u00edm prodeje vstupenek) Vstupenky je mo\u017en\u00e9 zakoupit pomoc\u00ed objedn\u00e1vkov\u00e9ho formul\u00e1\u0159 na webu https:\/\/wordcampbrno.cz\/, kter\u00fd vyu\u017e\u00edv\u00e1 pro prodej syst\u00e9m SimpleShop. Po odesl\u00e1n\u00ed [&hellip;]<\/p>\n","protected":false},"author":14626832,"featured_media":0,"parent":355,"menu_order":0,"comment_status":"closed","ping_status":"closed","template":"","meta":{"jetpack_post_was_ever_published":false,"footnotes":""},"class_list":["post-351","page","type-page","status-publish","hentry"],"jetpack_sharing_enabled":true,"_links":{"self":[{"href":"https:\/\/brno.wordcamp.org\/2022\/wp-json\/wp\/v2\/pages\/351","targetHints":{"allow":["GET"]}}],"collection":[{"href":"https:\/\/brno.wordcamp.org\/2022\/wp-json\/wp\/v2\/pages"}],"about":[{"href":"https:\/\/brno.wordcamp.org\/2022\/wp-json\/wp\/v2\/types\/page"}],"author":[{"embeddable":true,"href":"https:\/\/brno.wordcamp.org\/2022\/wp-json\/wp\/v2\/users\/14626832"}],"replies":[{"embeddable":true,"href":"https:\/\/brno.wordcamp.org\/2022\/wp-json\/wp\/v2\/comments?post=351"}],"version-history":[{"count":2,"href":"https:\/\/brno.wordcamp.org\/2022\/wp-json\/wp\/v2\/pages\/351\/revisions"}],"predecessor-version":[{"id":359,"href":"https:\/\/brno.wordcamp.org\/2022\/wp-json\/wp\/v2\/pages\/351\/revisions\/359"}],"up":[{"embeddable":true,"href":"https:\/\/brno.wordcamp.org\/2022\/wp-json\/wp\/v2\/pages\/355"}],"wp:attachment":[{"href":"https:\/\/brno.wordcamp.org\/2022\/wp-json\/wp\/v2\/media?parent=351"}],"curies":[{"name":"wp","href":"https:\/\/api.w.org\/{rel}","templated":true}]}}