{"id":304,"date":"2022-04-09T22:54:19","date_gmt":"2022-04-09T20:54:19","guid":{"rendered":"https:\/\/brno.wordcamp.org\/2022\/?page_id=304"},"modified":"2022-09-12T21:24:02","modified_gmt":"2022-09-12T19:24:02","slug":"kontakt","status":"publish","type":"page","link":"https:\/\/brno.wordcamp.org\/2022\/kontakt\/","title":{"rendered":"Kontakt"},"content":{"rendered":"\n<p>M\u00e1\u0161 na n\u00e1s dotaz? Zaj\u00edm\u00e1 t\u011b sponzorsv\u00ed nebo se chce\u0161 st\u00e1t dobrovoln\u00edkem? Tak n\u00e1m m\u016f\u017ee\u0161 napsat na adresu: <a href=\"mailto:info@wordcampbrno.cz\">info@wordcampbrno.cz<\/a><\/p>\n\n\n\n<h3 class=\"wp-block-heading\">Po\u0159adatel<\/h3>\n\n\n\n<p>Jan Dr\u00e1bek<br>pageart s.r.o.<br>Blatnick\u00e1 4219\/4<br>62800, Brno<br>I\u010c: 06950337<br>Nepl\u00e1tce DPH<\/p>\n","protected":false},"excerpt":{"rendered":"<p>M\u00e1\u0161 na n\u00e1s dotaz? Zaj\u00edm\u00e1 t\u011b sponzorsv\u00ed nebo se chce\u0161 st\u00e1t dobrovoln\u00edkem? Tak n\u00e1m m\u016f\u017ee\u0161 napsat na adresu: info@wordcampbrno.cz Po\u0159adatel Jan Dr\u00e1bekpageart s.r.o.Blatnick\u00e1 4219\/462800, BrnoI\u010c: 06950337Nepl\u00e1tce DPH<\/p>\n","protected":false},"author":14626832,"featured_media":0,"parent":0,"menu_order":10,"comment_status":"closed","ping_status":"closed","template":"","meta":{"jetpack_post_was_ever_published":false,"footnotes":""},"class_list":["post-304","page","type-page","status-publish","hentry"],"jetpack_sharing_enabled":true,"_links":{"self":[{"href":"https:\/\/brno.wordcamp.org\/2022\/wp-json\/wp\/v2\/pages\/304","targetHints":{"allow":["GET"]}}],"collection":[{"href":"https:\/\/brno.wordcamp.org\/2022\/wp-json\/wp\/v2\/pages"}],"about":[{"href":"https:\/\/brno.wordcamp.org\/2022\/wp-json\/wp\/v2\/types\/page"}],"author":[{"embeddable":true,"href":"https:\/\/brno.wordcamp.org\/2022\/wp-json\/wp\/v2\/users\/14626832"}],"replies":[{"embeddable":true,"href":"https:\/\/brno.wordcamp.org\/2022\/wp-json\/wp\/v2\/comments?post=304"}],"version-history":[{"count":3,"href":"https:\/\/brno.wordcamp.org\/2022\/wp-json\/wp\/v2\/pages\/304\/revisions"}],"predecessor-version":[{"id":340,"href":"https:\/\/brno.wordcamp.org\/2022\/wp-json\/wp\/v2\/pages\/304\/revisions\/340"}],"wp:attachment":[{"href":"https:\/\/brno.wordcamp.org\/2022\/wp-json\/wp\/v2\/media?parent=304"}],"curies":[{"name":"wp","href":"https:\/\/api.w.org\/{rel}","templated":true}]}}