{"id":302,"date":"2022-06-09T22:54:09","date_gmt":"2022-06-09T20:54:09","guid":{"rendered":"https:\/\/brno.wordcamp.org\/2022\/?page_id=302"},"modified":"2022-10-13T18:33:52","modified_gmt":"2022-10-13T16:33:52","slug":"program","status":"publish","type":"page","link":"https:\/\/brno.wordcamp.org\/2022\/program\/","title":{"rendered":"Program"},"content":{"rendered":"\n<div class=\"wp-block-group alignfull is-content-justification-left is-nowrap is-layout-flex wp-container-core-group-is-layout-fc9f69e7 wp-block-group-is-layout-flex\">\n<figure class=\"wp-block-table is-style-stripes responsive-table\"><table><tbody><tr><td>\u010cas<\/td><td>T\u00e9ma<\/td><td>Speak\u0159i<\/td><\/tr><tr><td>08:00<\/td><td>Otev\u0159en\u00ed prostor<\/td><td><\/td><\/tr><tr><td>08:45 &#8211; 09:00<\/td><td>\u00davodn\u00ed slovo<\/td><td>Organiz\u00e1to\u0159i<\/td><\/tr><tr><td>09:00 &#8211; 09:45<\/td><td><a href=\"https:\/\/brno.wordcamp.org\/2022\/session\/jak-premyslet-nad-tvorbou-obsahu\/\" data-type=\"wcb_session\" data-id=\"599\">Copywriting<\/a><\/td><td><a href=\"https:\/\/www.brandcopy.cz\/\" data-type=\"URL\" data-id=\"https:\/\/www.brandcopy.cz\/\">David Ryvo<\/a><a href=\"https:\/\/www.brandcopy.cz\/\" data-type=\"URL\" data-id=\"https:\/\/www.brandcopy.cz\/\" target=\"_blank\" rel=\"noreferrer noopener\">l<\/a><a href=\"https:\/\/www.brandcopy.cz\/\" data-type=\"URL\" data-id=\"https:\/\/www.brandcopy.cz\/\">a, Petr \u0160ilhav\u00fd<\/a><\/td><\/tr><tr><td>10:00 &#8211; 11:00<\/td><td><a href=\"https:\/\/brno.wordcamp.org\/2022\/session\/e-shopy\/\" data-type=\"wcb_session\" data-id=\"586\">e-Shopy<\/a><\/td><td><a rel=\"noreferrer noopener\" href=\"https:\/\/wpify.io\/shop\/\" data-type=\"URL\" data-id=\"https:\/\/wpify.io\/shop\/\" target=\"_blank\">V\u00e1clav Greif<\/a>, <a rel=\"noreferrer noopener\" href=\"https:\/\/www.simpleshop.cz\/\" data-type=\"URL\" data-id=\"https:\/\/www.simpleshop.cz\/\" target=\"_blank\">Martin Dost\u00e1l<\/a>, <a href=\"https:\/\/www.shoptet.cz\/\" data-type=\"URL\" data-id=\"https:\/\/cz.linkedin.com\/in\/radekhudak\" target=\"_blank\" rel=\"noreferrer noopener\">Samuel Huba<\/a>, <a rel=\"noreferrer noopener\" href=\"https:\/\/www.petradolejsova.cz\/\" data-type=\"URL\" data-id=\"https:\/\/www.petradolejsova.cz\/\" target=\"_blank\">Petra Dolej\u0161ov\u00e1<\/a><\/td><\/tr><tr><td>11:15 &#8211; 12:15<\/td><td><a href=\"https:\/\/brno.wordcamp.org\/2022\/session\/performance\/\" data-type=\"wcb_session\" data-id=\"521\">Performance<\/a><\/td><td><a href=\"https:\/\/www.vlastimilott.cz\/\" data-type=\"URL\" data-id=\"https:\/\/www.vlastimilott.cz\/\" target=\"_blank\" rel=\"noreferrer noopener\">Vlastimil Ott<\/a>, <a href=\"https:\/\/www.danielstrelec.cz\/\" data-type=\"URL\" data-id=\"https:\/\/www.danielstrelec.cz\/\" target=\"_blank\" rel=\"noreferrer noopener\">Daniel St\u0159elec<\/a>, <a href=\"https:\/\/superkoders.com\/\" data-type=\"URL\" data-id=\"https:\/\/superkoders.com\/\" target=\"_blank\" rel=\"noreferrer noopener\">Michal Matu\u0161ka<\/a>, <a href=\"https:\/\/www.mejta.net\/cs\" data-type=\"URL\" data-id=\"https:\/\/www.mejta.net\/cs\" target=\"_blank\" rel=\"noreferrer noopener\">Daniel Mejta<\/a><\/td><\/tr><tr><td>12:15 &#8211; 13:30<\/td><td>Ob\u011bd<\/td><td>V\u0161ichni<\/td><\/tr><tr><td>13:30 &#8211; 14:00<\/td><td>Lightning Talks<\/td><td>TBA<\/td><\/tr><tr><td>14:15 &#8211; 15:15<\/td><td><a href=\"https:\/\/brno.wordcamp.org\/2022\/session\/buildery\/\" data-type=\"wcb_session\" data-id=\"559\">Buildery<\/a><\/td><td><a href=\"https:\/\/pageart.cz\/\" data-type=\"URL\" data-id=\"https:\/\/pageart.cz\/\" target=\"_blank\" rel=\"noreferrer noopener\">Jan Dr\u00e1bek<\/a>, <a href=\"https:\/\/www.tomanpetr.cz\/\" data-type=\"URL\" data-id=\"https:\/\/www.tomanpetr.cz\/\" target=\"_blank\" rel=\"noreferrer noopener\">Petr Toman<\/a>, <a href=\"https:\/\/miroslavbartik.cz\/\" data-type=\"URL\" data-id=\"https:\/\/miroslavbartik.cz\/\" target=\"_blank\" rel=\"noreferrer noopener\">Miroslav Bart\u00edk<\/a>, <a href=\"https:\/\/www.alessykora.cz\/\" data-type=\"URL\" data-id=\"https:\/\/www.alessykora.cz\/\" target=\"_blank\" rel=\"noreferrer noopener\">Ale\u0161 S\u00fdkora<\/a><\/td><\/tr><tr><td>15:30 &#8211; 16:30<\/td><td><a href=\"https:\/\/brno.wordcamp.org\/2022\/session\/seo\/\" data-type=\"wcb_session\" data-id=\"498\">SEO<\/a><\/td><td><a href=\"https:\/\/www.podstavec.cz\/\" data-type=\"URL\" data-id=\"https:\/\/www.podstavec.cz\/\" target=\"_blank\" rel=\"noreferrer noopener\">Filip Podstavec<\/a>, <a href=\"https:\/\/www.martinmatejka.cz\/\" data-type=\"URL\" data-id=\"https:\/\/www.martinmatejka.cz\/\" target=\"_blank\" rel=\"noreferrer noopener\">Martin Mat\u011bjka<\/a>, <a href=\"https:\/\/senkapoun.cz\/\" data-type=\"URL\" data-id=\"https:\/\/senkapoun.cz\/\" target=\"_blank\" rel=\"noreferrer noopener\">Pavel \u0160enkapoun<\/a>, <a href=\"https:\/\/lynt.cz\/\" data-type=\"URL\" data-id=\"https:\/\/lynt.cz\/\" target=\"_blank\" rel=\"noreferrer noopener\">Vl\u00e1\u010fa Smitka<\/a><\/td><\/tr><tr><td>16:45 &#8211; 17:30<\/td><td><a href=\"https:\/\/brno.wordcamp.org\/2022\/session\/ga4\/\" data-type=\"wcb_session\" data-id=\"569\">Google Analytics 4<\/a><\/td><td><a href=\"https:\/\/www.anetahejnova.cz\/\" data-type=\"URL\" data-id=\"https:\/\/www.anetahejnova.cz\/\" target=\"_blank\" rel=\"noreferrer noopener\">Aneta Hejnov\u00e1<\/a>, <a href=\"https:\/\/www.jantichy.cz\/\" data-type=\"URL\" data-id=\"https:\/\/www.jantichy.cz\/\" target=\"_blank\" rel=\"noreferrer noopener\">Jan Tich\u00fd<\/a><\/td><\/tr><tr><td>17:45 &#8211; 18:45<\/td><td><a href=\"https:\/\/brno.wordcamp.org\/2022\/session\/ux\/\" data-type=\"wcb_session\" data-id=\"433\">UX<\/a><\/td><td><a rel=\"noreferrer noopener\" href=\"https:\/\/www.lqd.cz\/\" data-type=\"URL\" data-id=\"https:\/\/www.lqd.cz\/\" target=\"_blank\">Marek \u010cevel\u00ed\u010dek<\/a>, <a href=\"https:\/\/www.davidkoci.cz\/\" data-type=\"URL\" data-id=\"https:\/\/www.davidkoci.com\/\" target=\"_blank\" rel=\"noreferrer noopener\">David Ko\u010d\u00ed<\/a>, <a rel=\"noreferrer noopener\" href=\"https:\/\/honza.poboril.cz\/\" data-type=\"URL\" data-id=\"https:\/\/honza.poboril.cz\/\" target=\"_blank\">Honza Pobo\u0159il<\/a>, <a rel=\"noreferrer noopener\" href=\"https:\/\/jakubkantor.cz\/\" data-type=\"URL\" data-id=\"https:\/\/jakubkantor.cz\/\" target=\"_blank\">Jakub Kantor<\/a><\/td><\/tr><tr><td>18:45 &#8211; 19:00<\/td><td>Z\u00e1v\u011bre\u010dn\u00e9 slovo<\/td><td>Organiz\u00e1to\u0159i<\/td><\/tr><tr><td>19:30 &#8211; ???<\/td><td>Afterparty<\/td><td>V\u0161ichni<\/td><\/tr><\/tbody><\/table><\/figure>\n<\/div>\n","protected":false},"excerpt":{"rendered":"<p>\u010cas T\u00e9ma Speak\u0159i 08:00 Otev\u0159en\u00ed prostor 08:45 &#8211; 09:00 \u00davodn\u00ed slovo Organiz\u00e1to\u0159i 09:00 &#8211; 09:45 Copywriting David Ryvola, Petr \u0160ilhav\u00fd 10:00 &#8211; 11:00 e-Shopy V\u00e1clav Greif, Martin Dost\u00e1l, Samuel Huba, Petra Dolej\u0161ov\u00e1 11:15 &#8211; 12:15 Performance Vlastimil Ott, Daniel St\u0159elec, Michal Matu\u0161ka, Daniel Mejta 12:15 &#8211; 13:30 Ob\u011bd V\u0161ichni 13:30 &#8211; 14:00 Lightning Talks TBA [&hellip;]<\/p>\n","protected":false},"author":14626832,"featured_media":0,"parent":0,"menu_order":2,"comment_status":"closed","ping_status":"closed","template":"","meta":{"jetpack_post_was_ever_published":false,"footnotes":""},"class_list":["post-302","page","type-page","status-publish","hentry"],"jetpack_sharing_enabled":true,"_links":{"self":[{"href":"https:\/\/brno.wordcamp.org\/2022\/wp-json\/wp\/v2\/pages\/302","targetHints":{"allow":["GET"]}}],"collection":[{"href":"https:\/\/brno.wordcamp.org\/2022\/wp-json\/wp\/v2\/pages"}],"about":[{"href":"https:\/\/brno.wordcamp.org\/2022\/wp-json\/wp\/v2\/types\/page"}],"author":[{"embeddable":true,"href":"https:\/\/brno.wordcamp.org\/2022\/wp-json\/wp\/v2\/users\/14626832"}],"replies":[{"embeddable":true,"href":"https:\/\/brno.wordcamp.org\/2022\/wp-json\/wp\/v2\/comments?post=302"}],"version-history":[{"count":29,"href":"https:\/\/brno.wordcamp.org\/2022\/wp-json\/wp\/v2\/pages\/302\/revisions"}],"predecessor-version":[{"id":738,"href":"https:\/\/brno.wordcamp.org\/2022\/wp-json\/wp\/v2\/pages\/302\/revisions\/738"}],"wp:attachment":[{"href":"https:\/\/brno.wordcamp.org\/2022\/wp-json\/wp\/v2\/media?parent=302"}],"curies":[{"name":"wp","href":"https:\/\/api.w.org\/{rel}","templated":true}]}}