{"id":156,"date":"2022-03-30T17:09:21","date_gmt":"2022-03-30T15:09:21","guid":{"rendered":"https:\/\/brno.wordcamp.org\/2022\/?page_id=156"},"modified":"2022-10-25T17:29:54","modified_gmt":"2022-10-25T15:29:54","slug":"uvod","status":"publish","type":"page","link":"https:\/\/brno.wordcamp.org\/2022\/","title":{"rendered":"\u00davod"},"content":{"rendered":"\n<p class=\"has-large-font-size\"><strong>WordCamp Brno 2022 je za n\u00e1mi!<\/strong><\/p>\n\n\n\n<p class=\"has-small-font-size\">Tentokr\u00e1t se konal na <strong>FRRMS Mendelu<\/strong>, \u00a0t\u0159. Gen. P\u00edky 2005\/7, 613 00 Brno a to dne <strong>22.10.2022<\/strong> od 8:00.<\/p>\n\n\n\n<figure class=\"wp-block-image size-full is-resized\"><img data-recalc-dims=\"1\" decoding=\"async\" src=\"https:\/\/i0.wp.com\/brno.wordcamp.org\/2022\/files\/2022\/09\/frrms.jpg?h=500&#038;ssl=1\" alt=\"\" class=\"wp-image-488\"  srcset=\"https:\/\/i0.wp.com\/brno.wordcamp.org\/2022\/files\/2022\/09\/frrms.jpg?w=750&amp;ssl=1 750w, https:\/\/i0.wp.com\/brno.wordcamp.org\/2022\/files\/2022\/09\/frrms.jpg?resize=300%2C200&amp;ssl=1 300w, https:\/\/i0.wp.com\/brno.wordcamp.org\/2022\/files\/2022\/09\/frrms.jpg?resize=450%2C300&amp;ssl=1 450w\" sizes=\"(max-width: 750px) 100vw, 750px\" \/><\/figure>\n\n\n\n<p class=\"has-large-font-size\"><strong>A co v\u00e1s \u010dek\u00e1?<\/strong><\/p>\n\n\n\n<p class=\"has-small-font-size\">Jako v\u017edy p\u0159edn\u00e1\u0161ky odborn\u00edk\u016f z&nbsp;oblasti <strong>WordPressu<\/strong>, ale tak\u00e9 <strong>copywritingu<\/strong>, <strong>SEO<\/strong> a <strong>marketingu<\/strong> celkov\u011b. Tento ro\u010dn\u00edk zkou\u0161\u00edme tak\u00e9 nov\u00fd koncept, kter\u00fd bude kombinovat kr\u00e1tk\u00e9 p\u0159edn\u00e1\u0161ky a panelov\u00e9 diskuse v\u00edce \u0159e\u010dn\u00edk\u016f, tak\u017ee se ur\u010dit\u011b m\u00e1te na co t\u011b\u0161it! <strong>Chutn\u00e9 ob\u010derstven\u00ed<\/strong> a <strong>bohat\u00fd doprovodn\u00fd program<\/strong> je u\u017e samoz\u0159ejmost.<\/p>\n\n\n\n<p class=\"has-large-font-size\"><strong>Aby v\u00e1m nic neuteklo, odeb\u00edrejte n\u00e1\u0161 newsletter<\/strong><\/p>\n\n\n\n<p class=\"has-small-font-size\"><strong>Spu\u0161t\u011bn\u00ed webu, zah\u00e1jen\u00ed prodeje l\u00edstk\u016f, program<\/strong> a v\u0161echny dal\u0161\u00ed <strong>d\u016fle\u017eit\u00e9 informace<\/strong> se dozv\u00edte v ud\u00e1losti na <strong><a href=\"https:\/\/fb.me\/e\/22K8T4msB\" data-type=\"URL\" data-id=\"https:\/\/fb.me\/e\/22K8T4msB\">Facebooku<\/a><\/strong> a tak\u00e9 v newsletteru, ke kter\u00e9mu se m\u016f\u017eete p\u0159ihl\u00e1sit pomoc\u00ed tla\u010d\u00edtka n\u00ed\u017ee.<\/p>\n\n\n\n<div class=\"wp-block-buttons is-layout-flex wp-block-buttons-is-layout-flex\">\n<div class=\"wp-block-button is-style-fill\"><a class=\"wp-block-button__link has-background wp-element-button\" href=\"https:\/\/dashboard.mailerlite.com\/forms\/98580\/60508032854919125\/share\" style=\"background-color:#138dee\" target=\"_blank\" rel=\"noreferrer noopener\">P\u0159ihl\u00e1sit k newsletteru<\/a><\/div>\n<\/div>\n\n\n\n<p class=\"has-small-font-size\">T\u011b\u0161\u00edme se na vid\u011bnou.<\/p>\n\n\n\n<p class=\"has-small-font-size\">V\u00e1\u0161 WordCamp t\u00fdm!<\/p>\n\n\n\n<p>Pokud n\u00e1s pot\u0159ebujete kontaktovat, m\u016f\u017eete tak ud\u011blat na mail <a href=\"mailto:info@wordcampbrno.cz\">info@wordcampbrno.cz<\/a><\/p>\n\n\n\n<hr class=\"wp-block-separator has-text-color has-tertiary-color has-alpha-channel-opacity has-tertiary-background-color has-background is-style-wide\" \/>\n\n\n\n<h2 class=\"has-foreground-color has-text-color wp-block-heading\" style=\"font-style:normal;font-weight:600\">Aktuality<\/h2>\n\n\n\n<div class=\"wp-block-query alignwide is-layout-constrained wp-container-core-query-is-layout-e41a8f35 wp-block-query-is-layout-constrained\"><ul class=\"is-flex-container columns-2 alignwide wp-block-post-template is-layout-flow wp-block-post-template-is-layout-flow\"><li class=\"wp-block-post post-952 post type-post status-publish format-standard has-post-thumbnail hentry category-novinky\">\n\n<div class=\"wp-block-group is-layout-constrained wp-block-group-is-layout-constrained\"><figure style=\"margin-top:calc(1.75 * var(--wp--style--block-gap));\" class=\"alignwide wp-block-post-featured-image\"><a href=\"https:\/\/brno.wordcamp.org\/2022\/ux-je-o-tom-usnadnit-lidem-zivot\/\" target=\"_self\"  ><img data-recalc-dims=\"1\" loading=\"lazy\" decoding=\"async\" width=\"2500\" height=\"1406\" src=\"https:\/\/i0.wp.com\/brno.wordcamp.org\/2022\/files\/2022\/10\/WordCamp-Brno-2022-Slides.png?resize=2500%2C1406&#038;ssl=1\" class=\"attachment-post-thumbnail size-post-thumbnail wp-post-image\" alt=\"UX je o tom usnadnit lidem \u017eivot\u2026 a z\u00e1rove\u0148 pomoci podnik\u00e1n\u00ed\" style=\"object-fit:cover;\" srcset=\"https:\/\/i0.wp.com\/brno.wordcamp.org\/2022\/files\/2022\/10\/WordCamp-Brno-2022-Slides.png?w=2500&amp;ssl=1 2500w, https:\/\/i0.wp.com\/brno.wordcamp.org\/2022\/files\/2022\/10\/WordCamp-Brno-2022-Slides.png?resize=300%2C169&amp;ssl=1 300w, https:\/\/i0.wp.com\/brno.wordcamp.org\/2022\/files\/2022\/10\/WordCamp-Brno-2022-Slides.png?resize=1024%2C576&amp;ssl=1 1024w, https:\/\/i0.wp.com\/brno.wordcamp.org\/2022\/files\/2022\/10\/WordCamp-Brno-2022-Slides.png?resize=768%2C432&amp;ssl=1 768w, https:\/\/i0.wp.com\/brno.wordcamp.org\/2022\/files\/2022\/10\/WordCamp-Brno-2022-Slides.png?resize=500%2C281&amp;ssl=1 500w, https:\/\/i0.wp.com\/brno.wordcamp.org\/2022\/files\/2022\/10\/WordCamp-Brno-2022-Slides.png?resize=1536%2C864&amp;ssl=1 1536w, https:\/\/i0.wp.com\/brno.wordcamp.org\/2022\/files\/2022\/10\/WordCamp-Brno-2022-Slides.png?resize=2048%2C1152&amp;ssl=1 2048w\" sizes=\"auto, (max-width: 1000px) 100vw, 1000px\" \/><\/a><\/figure>\n\n<h2 style=\"font-size:1.6rem;font-style:normal;font-weight:600;\" class=\"alignwide wp-block-post-title\"><a href=\"https:\/\/brno.wordcamp.org\/2022\/ux-je-o-tom-usnadnit-lidem-zivot\/\" target=\"_self\" >UX je o tom usnadnit lidem \u017eivot\u2026 a z\u00e1rove\u0148 pomoci podnik\u00e1n\u00ed<\/a><\/h2>\n\n<div class=\"wp-block-post-excerpt\"><p class=\"wp-block-post-excerpt__excerpt\">UX je jako soudnost. \u010c\u00edm m\u00e9n\u011b si mysl\u00edte, \u017ee ji pot\u0159ebujete, t\u00edm v\u00edce v\u00e1m pravd\u011bpodobn\u011b sch\u00e1z\u00ed. <\/p><\/div>\n\n<div style=\"font-style:italic;font-weight:400;\" class=\"wp-block-post-date has-small-font-size\"><time datetime=\"2022-11-07T15:33:09+01:00\"><a href=\"https:\/\/brno.wordcamp.org\/2022\/ux-je-o-tom-usnadnit-lidem-zivot\/\">November 7, 2022<\/a><\/time><\/div><\/div>\n\n<\/li><li class=\"wp-block-post post-945 post type-post status-publish format-standard has-post-thumbnail hentry category-novinky\">\n\n<div class=\"wp-block-group is-layout-constrained wp-block-group-is-layout-constrained\"><figure style=\"margin-top:calc(1.75 * var(--wp--style--block-gap));\" class=\"alignwide wp-block-post-featured-image\"><a href=\"https:\/\/brno.wordcamp.org\/2022\/simpleshop-chytry-prodejni-formular\/\" target=\"_self\"  ><img data-recalc-dims=\"1\" loading=\"lazy\" decoding=\"async\" width=\"960\" height=\"720\" src=\"https:\/\/i0.wp.com\/brno.wordcamp.org\/2022\/files\/2022\/10\/simpleshop-1.png?resize=960%2C720&#038;ssl=1\" class=\"attachment-post-thumbnail size-post-thumbnail wp-post-image\" alt=\"SimpleShop &#8211; chytr\u00fd prodejn\u00ed formul\u00e1\u0159\" style=\"object-fit:cover;\" srcset=\"https:\/\/i0.wp.com\/brno.wordcamp.org\/2022\/files\/2022\/10\/simpleshop-1.png?w=960&amp;ssl=1 960w, https:\/\/i0.wp.com\/brno.wordcamp.org\/2022\/files\/2022\/10\/simpleshop-1.png?resize=300%2C225&amp;ssl=1 300w, https:\/\/i0.wp.com\/brno.wordcamp.org\/2022\/files\/2022\/10\/simpleshop-1.png?resize=768%2C576&amp;ssl=1 768w, https:\/\/i0.wp.com\/brno.wordcamp.org\/2022\/files\/2022\/10\/simpleshop-1.png?resize=400%2C300&amp;ssl=1 400w\" sizes=\"auto, (max-width: 960px) 100vw, 960px\" \/><\/a><\/figure>\n\n<h2 style=\"font-size:1.6rem;font-style:normal;font-weight:600;\" class=\"alignwide wp-block-post-title\"><a href=\"https:\/\/brno.wordcamp.org\/2022\/simpleshop-chytry-prodejni-formular\/\" target=\"_self\" >SimpleShop &#8211; chytr\u00fd prodejn\u00ed formul\u00e1\u0159<\/a><\/h2>\n\n<div class=\"wp-block-post-excerpt\"><p class=\"wp-block-post-excerpt__excerpt\">Chcete automatizovan\u011b prod\u00e1vat videa, kurzy, \u0161kolen\u00ed, vstupenky a mnoho dal\u0161\u00edho? SimpleShop je specialistou pro prodej online produkt\u016f na vlastn\u00edch webov\u00fdch str\u00e1nk\u00e1ch.&nbsp; SimpleShop nab\u00edz\u00ed \u0159adu chytr\u00fdch funkc\u00ed a napojen\u00ed. Samoz\u0159ejmost\u00ed je plugin SimpleShopu pro WordPress pro spr\u00e1vu \u010dlenstv\u00ed. Jsme napojeni na 12 \u010desk\u00fdch a slovensk\u00fdch bank, 6 e-mailingov\u00fdch syst\u00e9m\u016f, 5 platebn\u00edch bran, 4 redak\u010dn\u00ed webov\u00e9 syst\u00e9my.&hellip; <\/p><\/div>\n\n<div style=\"font-style:italic;font-weight:400;\" class=\"wp-block-post-date has-small-font-size\"><time datetime=\"2022-10-26T15:51:32+02:00\"><a href=\"https:\/\/brno.wordcamp.org\/2022\/simpleshop-chytry-prodejni-formular\/\">October 26, 2022<\/a><\/time><\/div><\/div>\n\n<\/li><li class=\"wp-block-post post-914 post type-post status-publish format-standard has-post-thumbnail hentry category-novinky\">\n\n<div class=\"wp-block-group is-layout-constrained wp-block-group-is-layout-constrained\"><figure style=\"margin-top:calc(1.75 * var(--wp--style--block-gap));\" class=\"alignwide wp-block-post-featured-image\"><a href=\"https:\/\/brno.wordcamp.org\/2022\/wedos-cz-dekujeme-ze-jsme-mohli-byt-soucasti-wordcamp-brno-2022\/\" target=\"_self\"  ><img data-recalc-dims=\"1\" loading=\"lazy\" decoding=\"async\" width=\"960\" height=\"720\" src=\"https:\/\/i0.wp.com\/brno.wordcamp.org\/2022\/files\/2022\/10\/wedos-2.png?resize=960%2C720&#038;ssl=1\" class=\"attachment-post-thumbnail size-post-thumbnail wp-post-image\" alt=\"WEDOS.cz &#8211; D\u011bkujeme, \u017ee jsme mohli b\u00fdt sou\u010d\u00e1st\u00ed WordCamp Brno 2022\" style=\"object-fit:cover;\" srcset=\"https:\/\/i0.wp.com\/brno.wordcamp.org\/2022\/files\/2022\/10\/wedos-2.png?w=960&amp;ssl=1 960w, https:\/\/i0.wp.com\/brno.wordcamp.org\/2022\/files\/2022\/10\/wedos-2.png?resize=300%2C225&amp;ssl=1 300w, https:\/\/i0.wp.com\/brno.wordcamp.org\/2022\/files\/2022\/10\/wedos-2.png?resize=768%2C576&amp;ssl=1 768w, https:\/\/i0.wp.com\/brno.wordcamp.org\/2022\/files\/2022\/10\/wedos-2.png?resize=400%2C300&amp;ssl=1 400w\" sizes=\"auto, (max-width: 960px) 100vw, 960px\" \/><\/a><\/figure>\n\n<h2 style=\"font-size:1.6rem;font-style:normal;font-weight:600;\" class=\"alignwide wp-block-post-title\"><a href=\"https:\/\/brno.wordcamp.org\/2022\/wedos-cz-dekujeme-ze-jsme-mohli-byt-soucasti-wordcamp-brno-2022\/\" target=\"_self\" >WEDOS.cz &#8211; D\u011bkujeme, \u017ee jsme mohli b\u00fdt sou\u010d\u00e1st\u00ed WordCamp Brno 2022<\/a><\/h2>\n\n<div class=\"wp-block-post-excerpt\"><p class=\"wp-block-post-excerpt__excerpt\">D\u011bkujeme za mo\u017enost z\u00fa\u010dastnit se konference WordCamp Brno 2022 a prezentovat zde na\u0161i spole\u010dnost WEDOS Internet, a.s. WEDOS hostuje nejv\u00edce web\u016f na WordPress v \u010cR, konkr\u00e9tn\u011b je to 31\u202f728 aktivn\u00edchinstalac\u00ed WordPress, tak\u017ee jsmena nejv\u011bt\u0161\u00ed \u010desk\u00e9 konferenci o WordPress nemohli chyb\u011bt. Atmosf\u00e9ra byla skv\u011bl\u00e1, organiz\u00e1to\u0159i n\u00e1m vy\u0161li ve v\u0161em vst\u0159\u00edc. N\u00e1\u0161 st\u00e1nek, kde jsme m\u011bli i&hellip; <\/p><\/div>\n\n<div style=\"font-style:italic;font-weight:400;\" class=\"wp-block-post-date has-small-font-size\"><time datetime=\"2022-10-25T16:18:16+02:00\"><a href=\"https:\/\/brno.wordcamp.org\/2022\/wedos-cz-dekujeme-ze-jsme-mohli-byt-soucasti-wordcamp-brno-2022\/\">October 25, 2022<\/a><\/time><\/div><\/div>\n\n<\/li><li class=\"wp-block-post post-902 post type-post status-publish format-standard has-post-thumbnail hentry category-novinky\">\n\n<div class=\"wp-block-group is-layout-constrained wp-block-group-is-layout-constrained\"><figure style=\"margin-top:calc(1.75 * var(--wp--style--block-gap));\" class=\"alignwide wp-block-post-featured-image\"><a href=\"https:\/\/brno.wordcamp.org\/2022\/seo-neni-o-klicovce\/\" target=\"_self\"  ><img data-recalc-dims=\"1\" loading=\"lazy\" decoding=\"async\" width=\"1920\" height=\"674\" src=\"https:\/\/i0.wp.com\/brno.wordcamp.org\/2022\/files\/2022\/10\/WordCamp-Brno-1.png?resize=1920%2C674&#038;ssl=1\" class=\"attachment-post-thumbnail size-post-thumbnail wp-post-image\" alt=\"SEO nen\u00ed o kl\u00ed\u010dovce, SEO je o tom j\u00edt lidem naproti\" style=\"object-fit:cover;\" srcset=\"https:\/\/i0.wp.com\/brno.wordcamp.org\/2022\/files\/2022\/10\/WordCamp-Brno-1.png?w=1920&amp;ssl=1 1920w, https:\/\/i0.wp.com\/brno.wordcamp.org\/2022\/files\/2022\/10\/WordCamp-Brno-1.png?resize=300%2C105&amp;ssl=1 300w, https:\/\/i0.wp.com\/brno.wordcamp.org\/2022\/files\/2022\/10\/WordCamp-Brno-1.png?resize=1024%2C359&amp;ssl=1 1024w, https:\/\/i0.wp.com\/brno.wordcamp.org\/2022\/files\/2022\/10\/WordCamp-Brno-1.png?resize=768%2C270&amp;ssl=1 768w, https:\/\/i0.wp.com\/brno.wordcamp.org\/2022\/files\/2022\/10\/WordCamp-Brno-1.png?resize=500%2C176&amp;ssl=1 500w, https:\/\/i0.wp.com\/brno.wordcamp.org\/2022\/files\/2022\/10\/WordCamp-Brno-1.png?resize=1536%2C539&amp;ssl=1 1536w\" sizes=\"auto, (max-width: 1000px) 100vw, 1000px\" \/><\/a><\/figure>\n\n<h2 style=\"font-size:1.6rem;font-style:normal;font-weight:600;\" class=\"alignwide wp-block-post-title\"><a href=\"https:\/\/brno.wordcamp.org\/2022\/seo-neni-o-klicovce\/\" target=\"_self\" >SEO nen\u00ed o kl\u00ed\u010dovce, SEO je o tom j\u00edt lidem naproti<\/a><\/h2>\n\n<div class=\"wp-block-post-excerpt\"><p class=\"wp-block-post-excerpt__excerpt\">T\u011b\u017ek\u00e9 v\u00e1hy SEO sv\u011bta nezklamaly a p\u0159inesly tipy, kter\u00e9 v 5 let zastaral\u00e9m SEO e-booku va\u0161\u00ed obl\u00edben\u00e9 agentury opravdu nenajdete. SEO nen\u00ed o vyhled\u00e1va\u010d\u00edch, SEO je o tom, aby v\u00e1s na\u0161li. Kdekoliv. Tato my\u0161lenka byla \u010dervenou nit\u00ed cel\u00e9 debaty. A co to vlastn\u011b znamen\u00e1? SEO dalece p\u0159esahuje vyhled\u00e1va\u010d Google, a to nap\u0159\u00edklad na platform\u00e1ch jako:&hellip; <\/p><\/div>\n\n<div style=\"font-style:italic;font-weight:400;\" class=\"wp-block-post-date has-small-font-size\"><time datetime=\"2022-10-25T12:19:40+02:00\"><a href=\"https:\/\/brno.wordcamp.org\/2022\/seo-neni-o-klicovce\/\">October 25, 2022<\/a><\/time><\/div><\/div>\n\n<\/li><li class=\"wp-block-post post-898 post type-post status-publish format-standard has-post-thumbnail hentry category-novinky\">\n\n<div class=\"wp-block-group is-layout-constrained wp-block-group-is-layout-constrained\"><figure style=\"margin-top:calc(1.75 * var(--wp--style--block-gap));\" class=\"alignwide wp-block-post-featured-image\"><a href=\"https:\/\/brno.wordcamp.org\/2022\/toret-cz-woocommerce-pluginy-pro-ceske-a-slovenske-e-shopy\/\" target=\"_self\"  ><img data-recalc-dims=\"1\" loading=\"lazy\" decoding=\"async\" width=\"960\" height=\"720\" src=\"https:\/\/i0.wp.com\/brno.wordcamp.org\/2022\/files\/2022\/10\/toret.png?resize=960%2C720&#038;ssl=1\" class=\"attachment-post-thumbnail size-post-thumbnail wp-post-image\" alt=\"Toret.cz \u2013 WooCommerce pluginy pro \u010desk\u00e9 a slovensk\u00e9 e-shopy\" style=\"object-fit:cover;\" srcset=\"https:\/\/i0.wp.com\/brno.wordcamp.org\/2022\/files\/2022\/10\/toret.png?w=960&amp;ssl=1 960w, https:\/\/i0.wp.com\/brno.wordcamp.org\/2022\/files\/2022\/10\/toret.png?resize=300%2C225&amp;ssl=1 300w, https:\/\/i0.wp.com\/brno.wordcamp.org\/2022\/files\/2022\/10\/toret.png?resize=768%2C576&amp;ssl=1 768w, https:\/\/i0.wp.com\/brno.wordcamp.org\/2022\/files\/2022\/10\/toret.png?resize=400%2C300&amp;ssl=1 400w\" sizes=\"auto, (max-width: 960px) 100vw, 960px\" \/><\/a><\/figure>\n\n<h2 style=\"font-size:1.6rem;font-style:normal;font-weight:600;\" class=\"alignwide wp-block-post-title\"><a href=\"https:\/\/brno.wordcamp.org\/2022\/toret-cz-woocommerce-pluginy-pro-ceske-a-slovenske-e-shopy\/\" target=\"_self\" >Toret.cz \u2013 WooCommerce pluginy pro \u010desk\u00e9 a slovensk\u00e9 e-shopy<\/a><\/h2>\n\n<div class=\"wp-block-post-excerpt\"><p class=\"wp-block-post-excerpt__excerpt\">Toret.cz \u2013 WooCommerce pluginy pro \u010desk\u00e9 a slovensk\u00e9 e-shopy Na str\u00e1nk\u00e1ch firmy Toret plugins s.r.o. najdete WooCommece pluginy pro \u010desk\u00e9 a slovensk\u00e9 e-shopy. V nab\u00eddce najdete pluginy se zam\u011b\u0159en\u00edm na dopravce, platebn\u00ed br\u00e1ny, srovn\u00e1va\u010de zbo\u017e\u00ed a tak\u00e9 faktura\u010dn\u00ed slu\u017eby. Modern\u00ed platebn\u00ed zp\u016fsoby Mezi popul\u00e1rn\u00ed platebn\u00ed zp\u016fsoby, kter\u00e9 by nem\u011bly chyb\u011bt na \u017e\u00e1dn\u00e9m internetov\u00e9m obchod\u011b pat\u0159\u00ed&hellip; <\/p><\/div>\n\n<div style=\"font-style:italic;font-weight:400;\" class=\"wp-block-post-date has-small-font-size\"><time datetime=\"2022-10-24T17:42:38+02:00\"><a href=\"https:\/\/brno.wordcamp.org\/2022\/toret-cz-woocommerce-pluginy-pro-ceske-a-slovenske-e-shopy\/\">October 24, 2022<\/a><\/time><\/div><\/div>\n\n<\/li><\/ul><\/div>\n","protected":false},"excerpt":{"rendered":"<p>WordCamp Brno 2022 je za n\u00e1mi! Tentokr\u00e1t se konal na FRRMS Mendelu, \u00a0t\u0159. Gen. P\u00edky 2005\/7, 613 00 Brno a to dne 22.10.2022 od 8:00. A co v\u00e1s \u010dek\u00e1? Jako v\u017edy p\u0159edn\u00e1\u0161ky odborn\u00edk\u016f z&nbsp;oblasti WordPressu, ale tak\u00e9 copywritingu, SEO a marketingu celkov\u011b. Tento ro\u010dn\u00edk zkou\u0161\u00edme tak\u00e9 nov\u00fd koncept, kter\u00fd bude kombinovat kr\u00e1tk\u00e9 p\u0159edn\u00e1\u0161ky a panelov\u00e9 [&hellip;]<\/p>\n","protected":false},"author":9292185,"featured_media":0,"parent":0,"menu_order":1,"comment_status":"closed","ping_status":"closed","template":"","meta":{"jetpack_post_was_ever_published":false,"footnotes":""},"class_list":["post-156","page","type-page","status-publish","hentry"],"jetpack_sharing_enabled":true,"_links":{"self":[{"href":"https:\/\/brno.wordcamp.org\/2022\/wp-json\/wp\/v2\/pages\/156","targetHints":{"allow":["GET"]}}],"collection":[{"href":"https:\/\/brno.wordcamp.org\/2022\/wp-json\/wp\/v2\/pages"}],"about":[{"href":"https:\/\/brno.wordcamp.org\/2022\/wp-json\/wp\/v2\/types\/page"}],"author":[{"embeddable":true,"href":"https:\/\/brno.wordcamp.org\/2022\/wp-json\/wp\/v2\/users\/9292185"}],"replies":[{"embeddable":true,"href":"https:\/\/brno.wordcamp.org\/2022\/wp-json\/wp\/v2\/comments?post=156"}],"version-history":[{"count":27,"href":"https:\/\/brno.wordcamp.org\/2022\/wp-json\/wp\/v2\/pages\/156\/revisions"}],"predecessor-version":[{"id":931,"href":"https:\/\/brno.wordcamp.org\/2022\/wp-json\/wp\/v2\/pages\/156\/revisions\/931"}],"wp:attachment":[{"href":"https:\/\/brno.wordcamp.org\/2022\/wp-json\/wp\/v2\/media?parent=156"}],"curies":[{"name":"wp","href":"https:\/\/api.w.org\/{rel}","templated":true}]}}