{"id":8,"date":"2019-02-27T12:36:39","date_gmt":"2019-02-27T12:36:39","guid":{"rendered":"https:\/\/2019.brno.wordcamp.org\/speakers\/"},"modified":"2019-10-22T21:32:23","modified_gmt":"2019-10-22T19:32:23","slug":"spikri","status":"publish","type":"page","link":"https:\/\/brno.wordcamp.org\/2019\/spikri\/","title":{"rendered":"Sp\u00edk\u0159i"},"content":{"rendered":"\n<figure class=\"wp-block-image is-resized\"><img loading=\"lazy\" decoding=\"async\" src=\"https:\/\/2019.brno.wordcamp.org\/files\/2019\/08\/Adam-Laita.png\" alt=\"\" class=\"wp-image-1253\" width=\"218\" height=\"218\" \/><\/figure>\n\n\n\n<h2 class=\"wp-block-heading\" id=\"adam-laita\">Adam Laita<\/h2>\n\n\n\n<p>Jsem WordPress nad\u0161enec zam\u011b\u0159en\u00fd na optimalizaci Front-Endu a zjednodu\u0161ov\u00e1n\u00ed administra\u010dn\u00edho UI. Tyto praktiky se sna\u017e\u00edm implementovat na ka\u017ed\u00fd web, kter\u00fd stav\u00edm. Ob\u010dasn\u011b p\u0159edn\u00e1\u0161\u00edm, ale p\u0159edev\u0161\u00edm organizuji WordCamp Praha, kter\u00fd jsem m\u011bl letos cel\u00fd na starosti.<\/p>\n\n\n\n<p><strong>T\u00e9ma:<\/strong> Mistrovsk\u00e1 optimalizace obr\u00e1zk\u016f<\/p>\n\n\n\n<p><a rel=\"noreferrer noopener\" aria-label=\"\u010cl\u00e1nek s Adamem Laitou (opens in a new tab)\" href=\"https:\/\/2019.brno.wordcamp.org\/2019\/08\/23\/spikr-adam-laita\/\" target=\"_blank\">\u010cl\u00e1nek s Adamem<\/a><\/p>\n\n\n\n<div style=\"height:100px\" aria-hidden=\"true\" class=\"wp-block-spacer\"><\/div>\n\n\n\n<figure class=\"wp-block-image is-resized\"><img loading=\"lazy\" decoding=\"async\" src=\"https:\/\/2019.brno.wordcamp.org\/files\/2019\/08\/Petra-Dolejsova.png\" alt=\"\" class=\"wp-image-1020\" width=\"218\" height=\"218\" \/><\/figure>\n\n\n\n<h2 class=\"wp-block-heading\" id=\"petra-dolejsova\">Petra Dolej\u0161ov\u00e1<\/h2>\n\n\n\n<p>Jsem advok\u00e1tka a jednatelka AK eLegal. Specializuji se na pr\u00e1vo v oblasti marketingu, m\u00e9di\u00ed, GDPR a na ochranu du\u0161evn\u00edho vlastnictv\u00ed. Za svou praxi jsem pro\u0161kolila p\u0159es 10 tis\u00edc za\u010d\u00ednaj\u00edc\u00edch i zku\u0161en\u00fdch podnikatel\u016f ve v\u00fd\u0161e uveden\u00fdch oblastech. V oblasti GDPR \u010dasto \u0159e\u010dn\u00edm na akc\u00edch ur\u010den\u00fdch pro odborn\u00edky i laiky, jsem autorkou \u0159ady \u010dl\u00e1nk\u016f k t\u00e9to problematice, jak v pr\u00e1vn\u011b, tak podnikatelsky a marketingov\u011b zam\u011b\u0159en\u00fdch m\u00e9di\u00edch. V advok\u00e1tn\u00ed praxi jsem pomohla nastavit firemn\u00ed procesy v oblasti zpracov\u00e1n\u00ed osobn\u00edch \u00fadaj\u016f v\u00edce ne\u017e osmdes\u00e1ti \u010desk\u00fdm i zahrani\u010dn\u00edm subjekt\u016fm.<\/p>\n\n\n\n<p><strong>T\u00e9ma:<\/strong> Obsah webu a jeho pr\u00e1vn\u00ed \u00faskal\u00ed<\/p>\n\n\n\n<p><a rel=\"noreferrer noopener\" aria-label=\"\u010cl\u00e1nek s Petrou Dolej\u0161ovou (opens in a new tab)\" href=\"https:\/\/2019.brno.wordcamp.org\/2019\/06\/13\/spirk-petra-dolejsova\/\" target=\"_blank\">\u010cl\u00e1nek s Petrou<\/a><\/p>\n\n\n\n<div style=\"height:100px\" aria-hidden=\"true\" class=\"wp-block-spacer\"><\/div>\n\n\n\n<figure class=\"wp-block-image is-resized\"><img loading=\"lazy\" decoding=\"async\" src=\"https:\/\/2019.brno.wordcamp.org\/files\/2019\/06\/Cahlik-01-1009x1024.png\" alt=\"\" class=\"wp-image-660\" width=\"218\" height=\"218\" \/><\/figure>\n\n\n\n<h2 class=\"wp-block-heading\" id=\"pavel-cahlik\">Pavel Cahl\u00edk<\/h2>\n\n\n\n<p>Jsem Pavel Cahl\u00edk a p\u0159izn\u00e1v\u00e1m, \u017ee jsem na zna\u010dky. Pom\u00e1hal jsem zna\u010dk\u00e1m jako je BLESK, Aha! nebo Jipka naj\u00edt jejich podstatu a vylep\u0161it tak jejich v\u00fdkonnost. A i kdy\u017e jsem u\u017e prop\u00e1sl v\u0161echny ceny pro lidi mlad\u0161\u00ed 30 let, tak si nemysl\u00edm, \u017ee t\u00edm \u017eivot kon\u010d\u00ed.<\/p>\n\n\n\n<p><strong>T\u00e9ma:<\/strong> Odhalte, jak s v\u00e1mi zna\u010dky manipuluj\u00ed<\/p>\n\n\n\n<p><a href=\"https:\/\/2019.brno.wordcamp.org\/2019\/06\/29\/spikr-pavel-cahlik\/\" target=\"_blank\" rel=\"noreferrer noopener\" aria-label=\"\u010cl\u00e1nek s Pavlem (opens in a new tab)\">\u010cl\u00e1nek s Pavlem<\/a><\/p>\n\n\n\n<div style=\"height:100px\" aria-hidden=\"true\" class=\"wp-block-spacer\"><\/div>\n\n\n\n<figure class=\"wp-block-image is-resized\"><img loading=\"lazy\" decoding=\"async\" src=\"https:\/\/2019.brno.wordcamp.org\/files\/2019\/09\/Marcin-J\u00f3\u017awiak.png\" alt=\"Marcin J\u00f3\u017awiak\" class=\"wp-image-1518\" width=\"218\" height=\"218\" \/><\/figure>\n\n\n\n<h2 class=\"wp-block-heading\" id=\"marcin-jozwiak\">Marcin J\u00f3\u017awiak<\/h2>\n\n\n\n<p>Marcin J\u00f3\u017awiak &#8211; owner of Dream Focus, WordPress evangelist &#8211; has been involved in designing, coding and website maintenance for years. He works with individual and corporate clients, conducting consultations, helps in implementing changes. His clients include: Remondis Electrorecycling sp z o o., Elektro-System S.A., Children&#8217;s Health Center, RTCK, Eko-Punkt S.A.<\/p>\n\n\n\n<p><strong>Lecture:<\/strong> Forms for websites. Principle of operation and protection<\/p>\n\n\n\n<p><a href=\"https:\/\/2019.brno.wordcamp.org\/2019\/09\/23\/speaker-marcin-jozwiak\/\" target=\"_blank\" rel=\"noreferrer noopener\" aria-label=\"Article with Marcin (opens in a new tab)\">Article with Marcin<\/a><\/p>\n\n\n\n<div style=\"height:100px\" aria-hidden=\"true\" class=\"wp-block-spacer\"><\/div>\n\n\n\n<figure class=\"wp-block-image is-resized\"><img loading=\"lazy\" decoding=\"async\" src=\"https:\/\/2019.brno.wordcamp.org\/files\/2019\/08\/Jan-Bocinec.png\" alt=\"\" class=\"wp-image-1013\" width=\"218\" height=\"218\" \/><\/figure>\n\n\n\n<h2 class=\"wp-block-heading\" id=\"jan-bocinec\">J\u00e1n Bo\u010d\u00ednec<\/h2>\n\n\n\n<p>V\u017edy ma pote\u0161\u00ed, ke\u010f sa m\u00f4\u017eem z\u00fa\u010dastni\u0165 komunitnej akcie ako je WordCamp, alebo r\u00f4zne lok\u00e1lne meetupy, lebo m\u00f4\u017eem po dlhej dobe postreta\u0165 \u013eud\u00ed, ktor\u00fdch vid\u00edm len cez obrazovku a da\u0165 si s nimi kone\u010dne pivo. Bav\u00ed ma navrhova\u0165 a vylep\u0161ova\u0165 procesy pre m\u00f4j t\u00edm v slobodnej firme Webikon.<\/p>\n\n\n\n<p>Predo\u0161l\u00e9 sk\u00fasenosti ako sp\u00edker<br>WC Praha<br>WC Ko\u0161ice<br>WC Brno<br>WC Bratislava<br>WC \u017dilina<br>WP meetups<br>Nieko\u013eko \u010fal\u0161\u00edch developer meetupov<\/p>\n\n\n\n<p><strong>T\u00e9ma:<\/strong> WordPress \u2013 dobr\u00fd sluha, zl\u00fd p\u00e1n<\/p>\n\n\n\n<p><a href=\"https:\/\/2019.brno.wordcamp.org\/2019\/08\/22\/spirk-jan-bocinec\/\" target=\"_blank\" rel=\"noreferrer noopener\" aria-label=\"\u010cl\u00e1nek s J\u00e1nem (opens in a new tab)\">\u010cl\u00e1nek s J\u00e1nem<\/a><\/p>\n\n\n\n<div style=\"height:100px\" aria-hidden=\"true\" class=\"wp-block-spacer\"><\/div>\n\n\n\n<figure class=\"wp-block-image is-resized\"><img loading=\"lazy\" decoding=\"async\" src=\"https:\/\/2019.brno.wordcamp.org\/files\/2019\/08\/MartinSimko.png\" alt=\"\" class=\"wp-image-1016\" width=\"218\" height=\"218\" \/><\/figure>\n\n\n\n<h2 class=\"wp-block-heading\" id=\"martin-simko\">Martin \u0160imko<\/h2>\n\n\n\n<p>Pracuji jako SEO specialista na voln\u00e9 noze. M\u00e1m zku\u0161enosti z agenturn\u00edho prost\u0159ed\u00ed, kde jsem za\u010d\u00ednal jako konzultant a vypracoval jsem se na vedouc\u00edho v\u0161ech konzultant\u016f nap\u0159\u00ed\u010d agenturou RobertNemec.com. Jsem vystudovan\u00fd informatik, tak\u017ee v\u0161e zakl\u00e1d\u00e1m tvrd\u011b na datech \u2013 proto u sv\u00fdch klient\u016f \u010dasto \u0159e\u0161\u00edm i analytiku a vyhodnocov\u00e1n\u00ed marketingov\u00fdch kan\u00e1l\u016f jako celek. Zam\u011b\u0159uji se p\u0159edev\u0161\u00edm na st\u0159edn\u00ed a velk\u00e9 e-shopy a obsahov\u00e9 weby.<\/p>\n\n\n\n<p><strong>T\u00e9ma:<\/strong> Pro\u010d ne\/pot\u0159ebujete SEO?<\/p>\n\n\n\n<p><a href=\"https:\/\/2019.brno.wordcamp.org\/2019\/08\/26\/spikr-martin-simko\/\" target=\"_blank\" rel=\"noreferrer noopener\" aria-label=\"\u010cl\u00e1nek s Martinem (opens in a new tab)\">\u010cl\u00e1nek s Martinem<\/a><\/p>\n\n\n\n<div style=\"height:100px\" aria-hidden=\"true\" class=\"wp-block-spacer\"><\/div>\n\n\n\n<figure class=\"wp-block-image is-resized\"><img loading=\"lazy\" decoding=\"async\" src=\"https:\/\/2019.brno.wordcamp.org\/files\/2019\/08\/Matej-Zeliska.png\" alt=\"\" class=\"wp-image-1017\" width=\"218\" height=\"218\" \/><\/figure>\n\n\n\n<h2 class=\"wp-block-heading\" id=\"matej-zeliska\">Matej Zeliska<\/h2>\n\n\n\n<p>Bav\u00ed ma navrhova\u0165 rie\u0161enia, ktor\u00e9 u\u013eah\u010duj\u00fa \u013eu\u010fom \u017eivot a z\u00e1rove\u0148 d\u00e1vaj\u00fa zmysel z h\u013eadiska biznisu. Som \u010dlenom design\u00e9rsk\u00e9ho t\u00edmu <a href=\"https:\/\/www.pabeni.cz\/\">P\u00e1ben\u00ed<\/a>. Pom\u00e1hame firm\u00e1m objavova\u0165 nov\u00e9 pr\u00edle\u017eitosti v rozvoji produktov a slu\u017eieb, nastavova\u0165 brand \u010di komunika\u010dn\u00e9 strat\u00e9gie \u010di rie\u0161i\u0165 n\u00e1bor a onboarding v HR. A pou\u017e\u00edvame pri tom design\u00e9rske met\u00f3dy. Na projektoch rie\u0161im cel\u00fd designov\u00fd proces \u2013 zber a anal\u00fdza d\u00e1t pomocou v\u00fdskumu, n\u00e1vrh rie\u0161enia a jeho implement\u00e1cia. WordPress n\u00e1m pri tom \u010dasto pom\u00e1ha. Jemu a jeho komunite v\u010fa\u010d\u00edm za ve\u013ea a WordCamp mi d\u00e1va pr\u00edle\u017eitos\u0165 jej aspo\u0148 trochu vr\u00e1ti\u0165 \ud83d\ude42<\/p>\n\n\n\n<p><strong>T\u00e9ma:<\/strong>\u00a0Buduj weby strategicky<\/p>\n\n\n\n<p><a href=\"https:\/\/2019.brno.wordcamp.org\/2019\/08\/25\/spikr-matej-zeliska\/\" target=\"_blank\" rel=\"noreferrer noopener\" aria-label=\"\u010cl\u00e1nek s Matejem (opens in a new tab)\">\u010cl\u00e1nek s Matejem<\/a><\/p>\n\n\n\n<div style=\"height:100px\" aria-hidden=\"true\" class=\"wp-block-spacer\"><\/div>\n\n\n\n<figure class=\"wp-block-image is-resized\"><img loading=\"lazy\" decoding=\"async\" src=\"https:\/\/2019.brno.wordcamp.org\/files\/2019\/10\/1.png\" alt=\"r\u00f3bert jurinek\" class=\"wp-image-2022\" width=\"218\" height=\"218\" \/><\/figure>\n\n\n\n<h2 class=\"wp-block-heading\" id=\"robert-jurinek\">R\u00f3bert Jurinek<\/h2>\n\n\n\n<p>Po svete chod\u00edm od roku 1986 a od roku 2002 sa venujem IT, po\u010d\u00ednaj\u00fac rokom 2010 som sa za\u010dal profilova\u0165 smerom k tvorbe webov\u00fdch rie\u0161en\u00ed a informa\u010dnej bezpe\u010dnosti, \u010do vy\u00fastilo do zalo\u017eenia slobodnej firmi\u010dky <a rel=\"noreferrer noopener\" target=\"_blank\" href=\"https:\/\/zeni.cz\">Zeni<\/a>. Ob\u010das ma m\u00f4\u017eete vidie\u0165 vystupova\u0165 v malom klube alebo kaviarni ako jedin\u00e9ho \u010dlena hudobnej skupiny <a rel=\"noreferrer noopener\" target=\"_blank\" href=\"http:\/\/bandzone.cz\/buzzycat\">Buzzycat<\/a>. Spolo\u010dne s Mgr. Marekom Timkom, PhD. organizujem <a rel=\"noreferrer noopener\" target=\"_blank\" href=\"https:\/\/www.facebook.com\/groups\/literarnivecery\/\">Liter\u00e1rne ve\u010dery v Brne<\/a>. Amat\u00e9rsky sa zauj\u00edmam o hist\u00f3riu, najm\u00e4 o p\u00edsomn\u00edctvo a jazyky.<\/p>\n\n\n\n<p><strong>T\u00e9ma:<\/strong>\u00a0Nekone\u010dn\u00fd pr\u00edbeh \u2013 DevOps advent\u00fara pre WordPress<\/p>\n\n\n\n<p><a href=\"https:\/\/2019.brno.wordcamp.org\/2019\/10\/18\/spikr-robert-jurinek\/\" target=\"_blank\" rel=\"noreferrer noopener\" aria-label=\"\u010cl\u00e1nek s Robem (opens in a new tab)\">\u010cl\u00e1nek s Robem<\/a><\/p>\n\n\n\n<div style=\"height:100px\" aria-hidden=\"true\" class=\"wp-block-spacer\"><\/div>\n\n\n\n<figure class=\"wp-block-image is-resized\"><img loading=\"lazy\" decoding=\"async\" src=\"https:\/\/2019.brno.wordcamp.org\/files\/2019\/09\/jansverak.png\" alt=\"jan sverak\" class=\"wp-image-1536\" width=\"218\" height=\"218\" \/><\/figure>\n\n\n\n<h2 class=\"wp-block-heading\" id=\"jan-sverak\">Jan Sv\u011br\u00e1k<\/h2>\n\n\n\n<p>Ahoj, jsem Honza a d\u011bl\u00e1m internety. Posledn\u00ed t\u0159i roky jsem se staral o frontend spousty WordPressov\u00fdch web\u016f a v sou\u010dasn\u00e9 dob\u011b se v\u011bnuji designov\u00e1n\u00ed frontendu webov\u00fdch aplikac\u00ed. Nejsem Javascriptov\u00fd program\u00e1tor ani ma\u0161ina na p\u0159ev\u00e1d\u011bn\u00ed PSD do HTML \ud83d\ude00<\/p>\n\n\n\n<p>Krom\u011b toho tla\u010d\u00edm do lid\u00ed informace na workshopech, \u010di&nbsp; dlouhodob\u00fdch kurzech Czechitas a hrozn\u011b r\u00e1d p\u0159edn\u00e1\u0161\u00edm na konferenc\u00edch a meetupech. K \u010demu\u017e te\u010f p\u0159i\u010d\u00edt\u00e1m i suprov\u00fd WordCamp Brno!<\/p>\n\n\n\n<p><strong>T\u00e9ma: <\/strong>Pot\u0159ebuje\u0161 kod\u00e9ra<\/p>\n\n\n\n<p><a href=\"https:\/\/2019.brno.wordcamp.org\/2019\/09\/23\/spikr-jan-sverak\/\" target=\"_blank\" rel=\"noreferrer noopener\" aria-label=\"\u010cl\u00e1nek s Janem (opens in a new tab)\">\u010cl\u00e1nek s Janem<\/a><\/p>\n\n\n\n<div style=\"height:100px\" aria-hidden=\"true\" class=\"wp-block-spacer\"><\/div>\n\n\n\n<figure class=\"wp-block-image is-resized\"><img loading=\"lazy\" decoding=\"async\" src=\"https:\/\/2019.brno.wordcamp.org\/files\/2019\/08\/Marek-Cevelicek.png\" alt=\"\" class=\"wp-image-1014\" width=\"218\" height=\"218\" \/><\/figure>\n\n\n\n<h2 class=\"wp-block-heading\" id=\"marek-cevelicek\">Marek \u010cevel\u00ed\u010dek<\/h2>\n\n\n\n<p>UX design\u00e9r, n\u00e1vrh\u00e1\u0159 web\u016f, vedouc\u00ed Liquid Design. Navrhuju strategick\u00e9 firemn\u00ed weby a zlep\u0161uju n\u00e1kupn\u00ed procesy e-shop\u016f. M\u00e1m 15 let zku\u0161enost\u00ed a d\u00edky \u0161irok\u00e9mu rozhledu \u0161et\u0159\u00edm lidem hlavn\u011b \u010das. Jo, a zaj\u00edm\u00e1 m\u011b psychologie chov\u00e1n\u00ed &#8211; to se v UX hod\u00ed.<\/p>\n\n\n\n<p><strong>T\u00e9ma:<\/strong>\u00a0Zlep\u0161ujeme web \u2013 Pou\u017eitelnost a p\u0159esv\u011bd\u010divost na webu<\/p>\n\n\n\n<p><a href=\"https:\/\/2019.brno.wordcamp.org\/2019\/07\/19\/marek-cevelicek\/\" target=\"_blank\" rel=\"noreferrer noopener\" aria-label=\"\u010cl\u00e1nek s Markem (opens in a new tab)\">\u010cl\u00e1nek s Markem<\/a><\/p>\n\n\n\n<div style=\"height:100px\" aria-hidden=\"true\" class=\"wp-block-spacer\"><\/div>\n\n\n\n<figure class=\"wp-block-image is-resized\"><img loading=\"lazy\" decoding=\"async\" src=\"https:\/\/2019.brno.wordcamp.org\/files\/2019\/08\/profilovka.png\" alt=\"\" class=\"wp-image-1022\" width=\"218\" height=\"218\" \/><\/figure>\n\n\n\n<h2 class=\"wp-block-heading\" id=\"tomas-cirkl\">Tom\u00e1\u0161 Cirkl<\/h2>\n\n\n\n<p>Webov\u00e9 str\u00e1nky na redak\u010dn\u00edm syst\u00e9mu WordPress stav\u00edm u\u017e&nbsp; 10 let. Za tu dobu se mi poda\u0159ilo vybudovat firmu, zalo\u017eit blog a hlavn\u011b m\u00edt st\u00e1le svou pr\u00e1ci r\u00e1d.<\/p>\n\n\n\n<p><strong>T\u00e9ma:\u00a0<\/strong>Divi<\/p>\n\n\n\n<p><a href=\"https:\/\/2019.brno.wordcamp.org\/2019\/08\/22\/spikr-tomas-cirkl\/\" target=\"_blank\" rel=\"noreferrer noopener\" aria-label=\"\u010cl\u00e1nek s Tom\u00e1\u0161em (opens in a new tab)\">\u010cl\u00e1nek s Tom\u00e1\u0161em<\/a><\/p>\n\n\n\n<div style=\"height:100px\" aria-hidden=\"true\" class=\"wp-block-spacer\"><\/div>\n\n\n\n<figure class=\"wp-block-image is-resized\"><img loading=\"lazy\" decoding=\"async\" src=\"https:\/\/2019.brno.wordcamp.org\/files\/2019\/08\/Tomas-Netik.png\" alt=\"\" class=\"wp-image-1023\" width=\"218\" height=\"218\" \/><\/figure>\n\n\n\n<h2 class=\"wp-block-heading\" id=\"tomas-netik\">Tom\u00e1\u0161 Net\u00edk<\/h2>\n\n\n\n<p>Jmenuji se Tom\u00e1\u0161 Net\u00edk a pracuji v Proficio na pozici analytika. Online marketing jsem poznal b\u011bhem studi\u00ed na V\u0160 a od t\u00e9 doby se mu pln\u011b v\u011bnuji \ud83d\ude42<\/p>\n\n\n\n<p><strong>T\u00e9ma:<\/strong>\u00a0Analytika \u2013 pro\u010d ji \u0159e\u0161it a jak na ni<\/p>\n\n\n\n<p><a href=\"https:\/\/2019.brno.wordcamp.org\/2019\/08\/23\/spikr-tomas-netik\/\" target=\"_blank\" rel=\"noreferrer noopener\" aria-label=\"\u010cl\u00e1nek s Tom\u00e1\u0161em (opens in a new tab)\">\u010cl\u00e1nek s Tom\u00e1\u0161em<\/a><\/p>\n\n\n\n<div style=\"height:100px\" aria-hidden=\"true\" class=\"wp-block-spacer\"><\/div>\n\n\n\n<figure class=\"wp-block-image is-resized\"><img loading=\"lazy\" decoding=\"async\" src=\"https:\/\/2019.brno.wordcamp.org\/files\/2019\/08\/Premek-Kubak.png\" alt=\"\" class=\"wp-image-1021\" width=\"218\" height=\"218\" \/><\/figure>\n\n\n\n<h2 class=\"wp-block-heading\" id=\"premek-kubak\">P\u0159emek Kub\u00e1k<\/h2>\n\n\n\n<p>Jmenuji se P\u0159emek Kub\u00e1k. \u0158\u00edd\u00edm mal\u00fd t\u00fdm freelancer\u016f, se kter\u00fdmi od roku 2007 spole\u010dn\u011b tvo\u0159\u00edme a spravujeme webov\u00e9 str\u00e1nky. V t\u00fdmu funguji tak\u00e9 jako obchodn\u00edk a projektov\u00fd mana\u017eer. Ve voln\u00e9m \u010dase se v\u011bnuji zahrad\u011b, hudb\u011b a pr\u00e1ci s d\u011btmi. R\u00e1d chod\u00edm na v\u00fdlety a bav\u00ed m\u011b v\u0161e, co souvis\u00ed s p\u0159\u00edrodou.<\/p>\n\n\n\n<p><strong>T\u00e9ma:<\/strong>\u00a0Tvorba web\u016f na \u0161ablon\u00e1ch ano\/ne<\/p>\n\n\n\n<p><a href=\"https:\/\/2019.brno.wordcamp.org\/2019\/08\/20\/spikr-premek-kubak\/\" target=\"_blank\" rel=\"noreferrer noopener\" aria-label=\"\u010cl\u00e1nek s P\u0159emkem (opens in a new tab)\">\u010cl\u00e1nek s P\u0159emkem<\/a><\/p>\n\n\n\n<div style=\"height:100px\" aria-hidden=\"true\" class=\"wp-block-spacer\"><\/div>\n\n\n\n<figure class=\"wp-block-image is-resized\"><img loading=\"lazy\" decoding=\"async\" src=\"https:\/\/2019.brno.wordcamp.org\/files\/2019\/10\/michal.png\" alt=\"WordCamp Brno 2019 - Michal Hrub\u00fd\" class=\"wp-image-2151\" width=\"218\" height=\"218\" \/><\/figure>\n\n\n\n<h2 class=\"wp-block-heading\" id=\"michal-hruby\">Michal Hrub\u00fd<\/h2>\n\n\n\n<p>Pracuji jako technik IT a projektov\u00fd manager, na projektech pod kter\u00e9 spad\u00e1 i tvorba web\u016f. WordPress jako redak\u010dn\u00ed syst\u00e9m jsem si velice obl\u00edbil a pou\u017e\u00edv\u00e1m ho v\u00edce ne\u017e 7 let. Jako\u017eto jeden z po\u0159adatel\u016f WordCamp Brno, zn\u00e1m i spoustu lid\u00ed z WP komunity a je mi pot\u011b\u0161en\u00edm, \u017ee mohu i j\u00e1 b\u00fdt n\u00e1pomocen.<\/p>\n\n\n\n<p><strong>T\u00e9ma:<\/strong>\u00a0Tvorba katalogu produkt\u016f pomoc\u00ed Advanced Custom Fields<\/p>\n\n\n\n<p><a href=\"https:\/\/2019.brno.wordcamp.org\/2019\/08\/22\/spikr-michal-hruby\/\" target=\"_blank\" rel=\"noreferrer noopener\" aria-label=\"\u010cl\u00e1nek s Michalem (opens in a new tab)\">\u010cl\u00e1nek s Michalem<\/a><\/p>\n\n\n\n<div style=\"height:100px\" aria-hidden=\"true\" class=\"wp-block-spacer\"><\/div>\n\n\n\n<figure class=\"wp-block-image is-resized\"><img loading=\"lazy\" decoding=\"async\" src=\"https:\/\/2019.brno.wordcamp.org\/files\/2019\/08\/Marek-Le-Xuan.png\" alt=\"\" class=\"wp-image-1015\" width=\"218\" height=\"218\" \/><\/figure>\n\n\n\n<h2 class=\"wp-block-heading\" id=\"marek-le-xuan\">Marek Le Xuan<\/h2>\n\n\n\n<p>Ahoj, jmenuji se Marek Le Xuan a v\u011bnuji se projektov\u00e9mu managementu, inovac\u00edm a optimalizac\u00edm. Pom\u00e1h\u00e1m lidem pl\u00e1novat a zjednodu\u0161ovat, v podnik\u00e1n\u00ed i v osobn\u00edm \u017eivot\u011b.<\/p>\n\n\n\n<p><strong>T\u00e9ma:<\/strong>\u00a0Elementor<\/p>\n\n\n\n<p><a href=\"https:\/\/2019.brno.wordcamp.org\/2019\/08\/23\/spikr-marek-le-xuan\/\" target=\"_blank\" rel=\"noreferrer noopener\" aria-label=\"\u010cl\u00e1nek s Markem (opens in a new tab)\">\u010cl\u00e1nek s Markem<\/a><\/p>\n\n\n\n<div style=\"height:100px\" aria-hidden=\"true\" class=\"wp-block-spacer\"><\/div>\n\n\n\n<figure class=\"wp-block-image is-resized\"><img loading=\"lazy\" decoding=\"async\" src=\"https:\/\/2019.brno.wordcamp.org\/files\/2019\/08\/Vlastimil-Ott.png\" alt=\"\" class=\"wp-image-1025\" width=\"218\" height=\"218\" \/><\/figure>\n\n\n\n<h2 class=\"wp-block-heading\" id=\"vlastimil-ott\">Vlastimil Ott<\/h2>\n\n\n\n<p>WordPressem se zab\u00fdv\u00e1m od roku 2006 a v roce 2015 jsem zalo\u017eil firmu WP-admin.cz. Star\u00e1me se o existuj\u00edc\u00ed WordPressy, zrychlujeme je, vylep\u0161ujeme, zabezpe\u010dujeme a pe\u010dujeme o to, aby sv\u00fdm majitel\u016fm pom\u00e1haly v jejich podnik\u00e1n\u00ed.<\/p>\n\n\n\n<p><strong>T\u00e9ma:<\/strong> Jak zm\u011b\u0159it rychlost na\u010d\u00edt\u00e1n\u00ed webu a jak ho zrychlit<\/p>\n\n\n\n<p><a href=\"https:\/\/2019.brno.wordcamp.org\/2019\/08\/26\/spikr-vlastimil-ott\/\" target=\"_blank\" rel=\"noreferrer noopener\" aria-label=\"\u010cl\u00e1nek s Vlastou (opens in a new tab)\">\u010cl\u00e1nek s Vlastou<\/a><\/p>\n\n\n\n<div style=\"height:100px\" aria-hidden=\"true\" class=\"wp-block-spacer\"><\/div>\n\n\n\n<figure class=\"wp-block-image is-resized\"><img loading=\"lazy\" decoding=\"async\" src=\"https:\/\/2019.brno.wordcamp.org\/files\/2019\/08\/Katarina-Novotna.png\" alt=\"\" class=\"wp-image-1215\" width=\"218\" height=\"218\" \/><\/figure>\n\n\n\n<h2 class=\"wp-block-heading\" id=\"katarina-novotna\">Katar\u00edna Novotn\u00e1<\/h2>\n\n\n\n<p>WordPress som objavila pribli\u017ene 8 rokov dozadu a bola to l\u00e1ska na prv\u00fd poh\u013ead. Viac ako 5 roky som akt\u00edvna vo WordPress komunite.<\/p>\n\n\n\n<p>Pom\u00e1ham organizova\u0165 WordCamp Bratislava a Bratislavsk\u00e9 WordPress meetupy. Na WordCamp Europe som bola ako dobrovo\u013en\u00edk. Pracujem ako affiliate mana\u017e\u00e9r v sieti Dognet. Vo vo\u013enom \u010dase tvor\u00edm webov\u00e9 str\u00e1nky, (ne)blogujem na xkatka.sk a star\u00e1m sa o svoj eshop Vejare.sk. SEO, PPC a in\u00e9 skratky s\u00fa mi tie\u017e ve\u013emi bl\u00edzke. Bez internetu dok\u00e1\u017eem pre\u017ei\u0165 maxim\u00e1lne 3 dni #vyskusaneZaVas.<\/p>\n\n\n\n<p><strong>T\u00e9ma:<\/strong>\u00a0Ako zorganizova\u0165 WordCamp (stand-up comedy, sit down tragedy)<\/p>\n\n\n\n<p><a href=\"https:\/\/2019.brno.wordcamp.org\/2019\/08\/25\/spikr-katarina-novotna\/\" target=\"_blank\" rel=\"noreferrer noopener\" aria-label=\"\u010cl\u00e1nek s Katar\u00ednou (opens in a new tab)\">\u010cl\u00e1nek s Katar\u00ednou<\/a><\/p>\n\n\n\n<div style=\"height:100px\" aria-hidden=\"true\" class=\"wp-block-spacer\"><\/div>\n\n\n\n<figure class=\"wp-block-image is-resized\"><img loading=\"lazy\" decoding=\"async\" src=\"https:\/\/2019.brno.wordcamp.org\/files\/2019\/08\/vetsi-foto.png\" alt=\"\" class=\"wp-image-1374\" width=\"218\" height=\"218\" \/><\/figure>\n\n\n\n<h2 class=\"wp-block-heading\" id=\"daniel-nytra\">Daniel Nytra<\/h2>\n\n\n\n<p>Specialista online marketingu, bloger, zakladatel projekt\u016f SimpleShop a DreamROI, lektor, podnikatel a konzultant. Dopodrobna se v\u011bnuje marketingov\u00fdm strategi\u00edm spole\u010dnost\u00ed, automatizac\u00edm prodeje a e-mailov\u00e9mu marketingu.<\/p>\n\n\n\n<p><strong>T\u00e9ma:<\/strong>\u00a0Jak vyd\u011bl\u00e1vat email marketingem ve va\u0161em WordPressu<\/p>\n\n\n\n<p><a href=\"https:\/\/2019.brno.wordcamp.org\/2019\/08\/26\/spikr-daniel-nytra\/\" target=\"_blank\" rel=\"noreferrer noopener\" aria-label=\" \u010cl\u00e1nek s Danem (opens in a new tab)\"> \u010cl\u00e1nek s Danem<\/a><\/p>\n","protected":false},"excerpt":{"rendered":"<p>Adam Laita Jsem WordPress nad\u0161enec zam\u011b\u0159en\u00fd na optimalizaci Front-Endu a zjednodu\u0161ov\u00e1n\u00ed administra\u010dn\u00edho UI. Tyto praktiky se sna\u017e\u00edm implementovat na ka\u017ed\u00fd web, kter\u00fd stav\u00edm. Ob\u010dasn\u011b p\u0159edn\u00e1\u0161\u00edm, ale p\u0159edev\u0161\u00edm organizuji WordCamp Praha, kter\u00fd jsem m\u011bl letos cel\u00fd na starosti. T\u00e9ma: Mistrovsk\u00e1 optimalizace obr\u00e1zk\u016f \u010cl\u00e1nek s Adamem Petra Dolej\u0161ov\u00e1 Jsem advok\u00e1tka a jednatelka AK eLegal. Specializuji se na &hellip; <\/p>\n<p class=\"link-more\"><a href=\"https:\/\/brno.wordcamp.org\/2019\/spikri\/\" class=\"more-link\">Pokra\u010dovat ve \u010dten\u00ed<span class=\"screen-reader-text\"> &#8222;Sp\u00edk\u0159i&#8220;<\/span><\/a><\/p>\n","protected":false},"author":14905384,"featured_media":0,"parent":0,"menu_order":0,"comment_status":"closed","ping_status":"closed","template":"","meta":{"jetpack_post_was_ever_published":false,"footnotes":""},"class_list":["post-8","page","type-page","status-publish","hentry"],"jetpack_sharing_enabled":true,"jetpack_shortlink":"https:\/\/wp.me\/PaLbeE-8","_links":{"self":[{"href":"https:\/\/brno.wordcamp.org\/2019\/wp-json\/wp\/v2\/pages\/8","targetHints":{"allow":["GET"]}}],"collection":[{"href":"https:\/\/brno.wordcamp.org\/2019\/wp-json\/wp\/v2\/pages"}],"about":[{"href":"https:\/\/brno.wordcamp.org\/2019\/wp-json\/wp\/v2\/types\/page"}],"author":[{"embeddable":true,"href":"https:\/\/brno.wordcamp.org\/2019\/wp-json\/wp\/v2\/users\/14905384"}],"replies":[{"embeddable":true,"href":"https:\/\/brno.wordcamp.org\/2019\/wp-json\/wp\/v2\/comments?post=8"}],"version-history":[{"count":94,"href":"https:\/\/brno.wordcamp.org\/2019\/wp-json\/wp\/v2\/pages\/8\/revisions"}],"predecessor-version":[{"id":2346,"href":"https:\/\/brno.wordcamp.org\/2019\/wp-json\/wp\/v2\/pages\/8\/revisions\/2346"}],"wp:attachment":[{"href":"https:\/\/brno.wordcamp.org\/2019\/wp-json\/wp\/v2\/media?parent=8"}],"curies":[{"name":"wp","href":"https:\/\/api.w.org\/{rel}","templated":true}]}}