{"id":175,"date":"2019-05-12T15:07:59","date_gmt":"2019-05-12T15:07:59","guid":{"rendered":"https:\/\/2019.brno.wordcamp.org\/?page_id=175"},"modified":"2019-10-26T06:52:13","modified_gmt":"2019-10-26T04:52:13","slug":"wcbrno2019","status":"publish","type":"page","link":"https:\/\/brno.wordcamp.org\/2019\/","title":{"rendered":"#WCBRNO2019"},"content":{"rendered":"\n<h2 class=\"wp-block-heading\">Co je WordCamp?<\/h2>\n\n\n\n<p>Ka\u017ed\u00fd rok se po cel\u00e9m sv\u011bte konaj\u00ed WordCamp konference \u2013 setk\u00e1n\u00ed v\u00fdvoj\u00e1\u0159\u016f, u\u017eivatel\u016f a hlavn\u011b nad\u0161enc\u016f kolem redak\u010dn\u00edho syst\u00e9mu WordPress. Tyto konference se konaj\u00ed pod ofici\u00e1ln\u00ed z\u00e1\u0161titou WordPress.org centr\u00e1ly a po\u0159\u00e1daj\u00ed je m\u00edstn\u00ed dobrovoln\u00edci.<\/p>\n\n\n\n<h2 class=\"wp-block-heading\">Pro\u010d WordPress?<\/h2>\n\n\n\n<p>WordPress je bezplatn\u00fd, snadno pou\u017eiteln\u00fd open source n\u00e1stroj pro v\u00fdvoj web\u016f a spr\u00e1vu jejich obsahu. Jedn\u00e1 se o nejpopul\u00e1rn\u011bj\u0161\u00ed syst\u00e9m pro editaci webov\u00e9ho obsahu (CMS) na sv\u011bt\u011b \u2013 vyu\u017e\u00edv\u00e1 ho 33% v\u0161ech webov\u00fdch str\u00e1nek. Na WordPress m\u016f\u017eete postavit cokoliv \u2013 od mal\u00e9ho blogu po ofici\u00e1ln\u00ed webov\u00e9 str\u00e1nky New York Times.<\/p>\n\n\n\n<h2 class=\"wp-block-heading\">WordCamp Brno<\/h2>\n\n\n\n<p>V leto\u0161n\u00edm roce se uskute\u010dn\u00ed t\u0159et\u00ed ro\u010dn\u00edk WordCamp Brno \u2013 celkov\u011b ji\u017e osm\u00fd WordCamp v \u010cesk\u00e9 republice. N\u00e1\u0161 WordCamp se uskute\u010dn\u00ed na p\u016fd\u011b Kongresov\u00e9ho centra v Brn\u011b.<\/p>\n\n\n\n<h2 class=\"wp-block-heading\">\u00da\u010dastn\u00edci<\/h2>\n\n\n\n<ul class=\"wp-block-list\"><li>Program\u00e1to\u0159i a v\u00fdvoj\u00e1\u0159i webov\u00fdch aplikac\u00ed,<br>pracovn\u00edci v oblasti informa\u010dn\u00edch technologi\u00ed a bezpe\u010dnostn\u00ed in\u017een\u00fd\u0159i,<\/li><li>zam\u011bstnanci a profesion\u00e1lov\u00e9 z oblasti marketingu \u2013<br>design\u00e9\u0159i, copywrite\u0159i, PRist\u00e9, brand manage\u0159i, konzultanti,\u2026<\/li><li>a bloge\u0159i.<\/li><\/ul>\n\n\n\n<h2 class=\"wp-block-heading\">Program<\/h2>\n\n\n\n<p>Program WordCamp Brno 2019 je zde: <a href=\"https:\/\/2019.brno.wordcamp.org\/program\/\">program<\/a><\/p>\n\n\n\n<h2 class=\"wp-block-heading\">M\u00edsto kon\u00e1n\u00ed<\/h2>\n\n\n\n<p>Brn\u011bnsk\u00fd WordCamp 2019 bude prob\u00edhat v sobotu 26. \u0159\u00edjna v prostor\u00e1ch Kongresov\u00e9ho centra na n\u00ed\u017ee uveden\u00e9 adrese:<\/p>\n\n\n\n<p>Kongresov\u00e9 centrum,<br>V\u00fdstavi\u0161t\u011b 405\/1,<br>647 00 Brno-st\u0159ed-Pis\u00e1rky<\/p>\n\n\n\n<p>V\u00edce info na str\u00e1nce: <a href=\"https:\/\/2019.brno.wordcamp.org\/mistokonani\/\">m\u00edsto kon\u00e1n\u00ed<\/a><\/p>\n","protected":false},"excerpt":{"rendered":"<p>Co je WordCamp? Ka\u017ed\u00fd rok se po cel\u00e9m sv\u011bte konaj\u00ed WordCamp konference \u2013 setk\u00e1n\u00ed v\u00fdvoj\u00e1\u0159\u016f, u\u017eivatel\u016f a hlavn\u011b nad\u0161enc\u016f kolem redak\u010dn\u00edho syst\u00e9mu WordPress. Tyto konference se konaj\u00ed pod ofici\u00e1ln\u00ed z\u00e1\u0161titou WordPress.org centr\u00e1ly a po\u0159\u00e1daj\u00ed je m\u00edstn\u00ed dobrovoln\u00edci. Pro\u010d WordPress? WordPress je bezplatn\u00fd, snadno pou\u017eiteln\u00fd open source n\u00e1stroj pro v\u00fdvoj web\u016f a spr\u00e1vu jejich obsahu. Jedn\u00e1 &hellip; <\/p>\n<p class=\"link-more\"><a href=\"https:\/\/brno.wordcamp.org\/2019\/\" class=\"more-link\">Pokra\u010dovat ve \u010dten\u00ed<span class=\"screen-reader-text\"> &#8222;#WCBRNO2019&#8220;<\/span><\/a><\/p>\n","protected":false},"author":16106748,"featured_media":0,"parent":0,"menu_order":0,"comment_status":"closed","ping_status":"closed","template":"","meta":{"jetpack_post_was_ever_published":false,"footnotes":""},"class_list":["post-175","page","type-page","status-publish","hentry"],"jetpack_sharing_enabled":true,"jetpack_shortlink":"https:\/\/wp.me\/PaLbeE-2P","_links":{"self":[{"href":"https:\/\/brno.wordcamp.org\/2019\/wp-json\/wp\/v2\/pages\/175","targetHints":{"allow":["GET"]}}],"collection":[{"href":"https:\/\/brno.wordcamp.org\/2019\/wp-json\/wp\/v2\/pages"}],"about":[{"href":"https:\/\/brno.wordcamp.org\/2019\/wp-json\/wp\/v2\/types\/page"}],"author":[{"embeddable":true,"href":"https:\/\/brno.wordcamp.org\/2019\/wp-json\/wp\/v2\/users\/16106748"}],"replies":[{"embeddable":true,"href":"https:\/\/brno.wordcamp.org\/2019\/wp-json\/wp\/v2\/comments?post=175"}],"version-history":[{"count":111,"href":"https:\/\/brno.wordcamp.org\/2019\/wp-json\/wp\/v2\/pages\/175\/revisions"}],"predecessor-version":[{"id":2472,"href":"https:\/\/brno.wordcamp.org\/2019\/wp-json\/wp\/v2\/pages\/175\/revisions\/2472"}],"wp:attachment":[{"href":"https:\/\/brno.wordcamp.org\/2019\/wp-json\/wp\/v2\/media?parent=175"}],"curies":[{"name":"wp","href":"https:\/\/api.w.org\/{rel}","templated":true}]}}