{"id":1286,"date":"2019-08-23T20:39:59","date_gmt":"2019-08-23T18:39:59","guid":{"rendered":"https:\/\/2019.brno.wordcamp.org\/?page_id=1286"},"modified":"2019-08-23T20:51:26","modified_gmt":"2019-08-23T18:51:26","slug":"vyzva-pro-dobrovolniky","status":"publish","type":"page","link":"https:\/\/brno.wordcamp.org\/2019\/vyzva-pro-dobrovolniky\/","title":{"rendered":"V\u00fdzva pro dobrovoln\u00edky"},"content":{"rendered":"\n<p>B\u00fdt dobrovoln\u00edkem na WordCampu je super, proto\u017ee:<\/p>\n\n\n\n<ul class=\"wp-block-list\"><li>se potk\u00e1\u0161 s hodn\u011b zaj\u00edmav\u00fdmi lidmi z \u0159ad speaker\u016f i organiz\u00e1tor\u016f,<\/li><li>zjist\u00ed\u0161, jak se po\u0159\u00e1d\u00e1 velk\u00e1 konference,<\/li><li>z\u00edsk\u00e1\u0161 hodn\u011b u\u017eite\u010dn\u00fdch zku\u0161enost\u00ed,<\/li><li>a m\u016f\u017ee\u0161 ud\u011blat n\u011bco pro WordPress komunitu.<\/li><\/ul>\n\n\n\n<p>Pokud chce\u0161 pomoct tak super akci jako je pr\u00e1v\u011b WordCamp Brno a chce\u0161 se st\u00e1t dobrovoln\u00edkem, tak pros\u00edm vypl\u0148 formul\u00e1\u0159 v <a rel=\"noreferrer noopener\" aria-label=\"tomto p\u0159\u00edsp\u011bvku (opens in a new tab)\" href=\"https:\/\/2019.brno.wordcamp.org\/2019\/06\/29\/vyzva-pro-dobrovolniky\/\" target=\"_blank\"><strong>tomto p\u0159\u00edsp\u011bvku<\/strong><\/a> a my ti d\u00e1me v\u011bd\u011bt \ud83d\ude42<\/p>\n","protected":false},"excerpt":{"rendered":"<p>B\u00fdt dobrovoln\u00edkem na WordCampu je super, proto\u017ee: se potk\u00e1\u0161 s hodn\u011b zaj\u00edmav\u00fdmi lidmi z \u0159ad speaker\u016f i organiz\u00e1tor\u016f, zjist\u00ed\u0161, jak se po\u0159\u00e1d\u00e1 velk\u00e1 konference, z\u00edsk\u00e1\u0161 hodn\u011b u\u017eite\u010dn\u00fdch zku\u0161enost\u00ed, a m\u016f\u017ee\u0161 ud\u011blat n\u011bco pro WordPress komunitu. Pokud chce\u0161 pomoct tak super akci jako je pr\u00e1v\u011b WordCamp Brno a chce\u0161 se st\u00e1t dobrovoln\u00edkem, tak pros\u00edm vypl\u0148 formul\u00e1\u0159 &hellip; <\/p>\n<p class=\"link-more\"><a href=\"https:\/\/brno.wordcamp.org\/2019\/vyzva-pro-dobrovolniky\/\" class=\"more-link\">Pokra\u010dovat ve \u010dten\u00ed<span class=\"screen-reader-text\"> &#8222;V\u00fdzva pro dobrovoln\u00edky&#8220;<\/span><\/a><\/p>\n","protected":false},"author":16106748,"featured_media":0,"parent":0,"menu_order":0,"comment_status":"closed","ping_status":"closed","template":"","meta":{"jetpack_post_was_ever_published":false,"footnotes":""},"class_list":["post-1286","page","type-page","status-publish","hentry"],"jetpack_sharing_enabled":true,"jetpack_shortlink":"https:\/\/wp.me\/PaLbeE-kK","_links":{"self":[{"href":"https:\/\/brno.wordcamp.org\/2019\/wp-json\/wp\/v2\/pages\/1286","targetHints":{"allow":["GET"]}}],"collection":[{"href":"https:\/\/brno.wordcamp.org\/2019\/wp-json\/wp\/v2\/pages"}],"about":[{"href":"https:\/\/brno.wordcamp.org\/2019\/wp-json\/wp\/v2\/types\/page"}],"author":[{"embeddable":true,"href":"https:\/\/brno.wordcamp.org\/2019\/wp-json\/wp\/v2\/users\/16106748"}],"replies":[{"embeddable":true,"href":"https:\/\/brno.wordcamp.org\/2019\/wp-json\/wp\/v2\/comments?post=1286"}],"version-history":[{"count":3,"href":"https:\/\/brno.wordcamp.org\/2019\/wp-json\/wp\/v2\/pages\/1286\/revisions"}],"predecessor-version":[{"id":1294,"href":"https:\/\/brno.wordcamp.org\/2019\/wp-json\/wp\/v2\/pages\/1286\/revisions\/1294"}],"wp:attachment":[{"href":"https:\/\/brno.wordcamp.org\/2019\/wp-json\/wp\/v2\/media?parent=1286"}],"curies":[{"name":"wp","href":"https:\/\/api.w.org\/{rel}","templated":true}]}}