{"id":12,"date":"2019-02-27T12:36:39","date_gmt":"2019-02-27T12:36:39","guid":{"rendered":"https:\/\/2019.brno.wordcamp.org\/organizers\/"},"modified":"2019-10-22T19:15:42","modified_gmt":"2019-10-22T17:15:42","slug":"organizatori","status":"publish","type":"page","link":"https:\/\/brno.wordcamp.org\/2019\/organizatori\/","title":{"rendered":"Organiz\u00e1to\u0159i"},"content":{"rendered":"\n<figure class=\"wp-block-image is-resized\"><img loading=\"lazy\" decoding=\"async\" src=\"https:\/\/2019.brno.wordcamp.org\/files\/2019\/08\/David-Dirbak.png\" alt=\"\" class=\"wp-image-1037\" width=\"217\" height=\"217\" \/><\/figure>\n\n\n\n<h2 class=\"wp-block-heading\">David Dirb\u00e1k<\/h2>\n\n\n\n<p><em>Hlavn\u00ed organiz\u00e1tor + sponzo\u0159i<\/em><\/p>\n\n\n\n<p style=\"text-align:left\">Jsem obchodn\u00edk a WordPress nab\u00edz\u00edm jako nejlep\u0161\u00ed \u0159e\u0161en\u00ed pro klienta. WordPress filozofie a komunita mn\u011b oslovila, ji\u017e p\u0159ed X lety, na WordCamp Bratislava a od t\u00e9 doby se u\u010dastn\u00edm WordPress akc\u00ed jako poslucha\u010d i jako organiz\u00e1tor. <\/p>\n\n\n\n<p><a href=\"https:\/\/2019.brno.wordcamp.org\/2019\/08\/22\/organizator-david-dirbak\/\" target=\"_blank\" rel=\"noreferrer noopener\" aria-label=\"\u010cl\u00e1nek s Davidem (opens in a new tab)\">\u010cl\u00e1nek s Davidem<\/a><\/p>\n\n\n\n<div style=\"height:100px\" aria-hidden=\"true\" class=\"wp-block-spacer\"><\/div>\n\n\n\n<figure class=\"wp-block-image is-resized\"><img loading=\"lazy\" decoding=\"async\" src=\"https:\/\/2019.brno.wordcamp.org\/files\/2019\/09\/IMG_20190912_212810-1024x1024.jpg\" alt=\"bruno dirbak\" class=\"wp-image-1565\" width=\"218\" height=\"218\" \/><\/figure>\n\n\n\n<h2 class=\"wp-block-heading\">Bruno Dirb\u00e1k<\/h2>\n\n\n\n<p><em>Webov\u00e9 str\u00e1nky + soci\u00e1ln\u00ed s\u00edt\u011b<\/em><\/p>\n\n\n\n<p>Jmenuji se <a rel=\"noreferrer noopener\" aria-label=\"Bruno Dirb\u00e1k (opens in a new tab)\" href=\"https:\/\/brunodirbak.cz\/\" target=\"_blank\">Bruno Dirb\u00e1k<\/a> a studuji informa\u010dn\u00ed technologie na M\u011bstsk\u00e9 st\u0159edn\u00ed odborn\u00e9 \u0161kole v Klobouk\u00e1ch u Brna. Od sv\u00fdch 15 let jsem \u010dlenem super t\u00fdmu <a rel=\"noreferrer noopener\" aria-label=\"Zeni (opens in a new tab)\" href=\"https:\/\/zeni.cz\/\" target=\"_blank\">Zeni<\/a>, kde jsem na pozici WordPress junior Developer a m\u00e1m na starosti weby, kter\u00e9 stav\u00edme na Divi builderu. Na Divi u\u010d\u00edm lidi tvo\u0159it webov\u00e9 str\u00e1nky, ukazuji jim r\u016fzn\u00e9 vychyt\u00e1vky a rad\u00edm, jak z tohoto builderu vyk\u0159esat maximum bez pou\u017eit\u00ed zbyte\u010dn\u00fdch plugin\u016f.<\/p>\n\n\n\n<p><a href=\"https:\/\/2019.brno.wordcamp.org\/2019\/06\/26\/organizator-bruno-dirbak\/\" target=\"_blank\" rel=\"noreferrer noopener\" aria-label=\"\u010cl\u00e1nek s Brunem (opens in a new tab)\">\u010cl\u00e1nek s Brunem<\/a><\/p>\n\n\n\n<div style=\"height:100px\" aria-hidden=\"true\" class=\"wp-block-spacer\"><\/div>\n\n\n\n<figure class=\"wp-block-image\"><img loading=\"lazy\" decoding=\"async\" width=\"218\" height=\"218\" src=\"https:\/\/2019.brno.wordcamp.org\/files\/2019\/10\/michal-e1571680595750.png\" alt=\"WordCamp Brno 2019 - Michal Hrub\u00fd\" class=\"wp-image-2151\" \/><\/figure>\n\n\n\n<h2 class=\"wp-block-heading\">Michal Hrub\u00fd<\/h2>\n\n\n\n<p><em>Dobrovoln\u00edci<\/em><\/p>\n\n\n\n<p>Pracuji jako technik IT a projektov\u00fd manager, na projektech pod kter\u00e9 spad\u00e1 i tvorba web\u016f. WordPress jako redak\u010dn\u00ed syst\u00e9m jsem si velice obl\u00edbil a pou\u017e\u00edv\u00e1m ho v\u00edce ne\u017e 7 let. Jako\u017eto jeden z po\u0159adatel\u016f WordCamp Brno, zn\u00e1m i spoustu lid\u00ed z WP komunity a je mi pot\u011b\u0161en\u00edm, \u017ee mohu i j\u00e1 b\u00fdt n\u00e1pomocen.<\/p>\n\n\n\n<p><a href=\"https:\/\/2019.brno.wordcamp.org\/2019\/08\/22\/spikr-michal-hruby\/\" target=\"_blank\" rel=\"noreferrer noopener\" aria-label=\"\u010cl\u00e1nek s Michalem (opens in a new tab)\">\u010cl\u00e1nek s Michalem<\/a><\/p>\n\n\n\n<div style=\"height:100px\" aria-hidden=\"true\" class=\"wp-block-spacer\"><\/div>\n\n\n\n<figure class=\"wp-block-image is-resized\"><img loading=\"lazy\" decoding=\"async\" src=\"https:\/\/2019.brno.wordcamp.org\/files\/2019\/08\/Pavel-Vybiral.png\" alt=\"\" class=\"wp-image-1038\" width=\"218\" height=\"218\" \/><\/figure>\n\n\n\n<h2 class=\"wp-block-heading\">Pavel Vyb\u00edral<\/h2>\n\n\n\n<p><em>Sp\u00edk\u0159i + m\u00edstnosti<\/em><\/p>\n\n\n\n<p>Konzultace s klientem a vytvo\u0159en\u00ed obsahu webu. Jsem takov\u00fd webov\u00fd kou\u010d, kter\u00fd pom\u016f\u017ee klientovi sestavit web od za\u010d\u00e1tku do konce. Jednoho dne, jsem za\u010dal hledat n\u00e1stroj, kter\u00fd podpo\u0159\u00ed silnou str\u00e1nku a zbav\u00ed m\u011b z\u00e1vislosti na program\u00e1torech. Asi p\u0159ed dv\u011bma lety jsem objevil WordPress a builder Divi a \u00fa\u017easnou komunitu kolem WordPress, kter\u00e1 se v Brn\u011b sch\u00e1z\u00ed. Pak u\u017e byl jen kr\u016f\u010dek st\u00e1t se \u010dlenem orga t\u00fdmu WordCamp Brno 2019.<\/p>\n\n\n\n<p><a href=\"https:\/\/2019.brno.wordcamp.org\/2019\/06\/03\/organizator-pavel-vybiral\/\" target=\"_blank\" rel=\"noreferrer noopener\" aria-label=\"\u010cl\u00e1nek s Pavlem (opens in a new tab)\">\u010cl\u00e1nek s Pavlem<\/a><\/p>\n\n\n\n<div style=\"height:100px\" aria-hidden=\"true\" class=\"wp-block-spacer\"><\/div>\n\n\n\n<figure class=\"wp-block-image is-resized\"><img loading=\"lazy\" decoding=\"async\" src=\"https:\/\/2019.brno.wordcamp.org\/files\/2019\/08\/Petra-Stejskalova.png\" alt=\"\" class=\"wp-image-1039\" width=\"218\" height=\"218\" \/><\/figure>\n\n\n\n<h2 class=\"wp-block-heading\">Petra Stejskalov\u00e1<\/h2>\n\n\n\n<p><em>Grafika<\/em><\/p>\n\n\n\n<p><span style=\"font-weight: 400\">P\u0159es propaga\u010dn\u00ed grafiku, kterou d\u011bl\u00e1m jako freelancer, jsem se dostala k webum a UX\/UI. Je to velk\u00fd kon\u00ed\u010dek a tak jsem se r\u00e1da zapojila i do leto\u0161n\u00edho #WCBRNO2019. Bav\u00ed m\u011b groove metal, Giuseppe Verdi a m\u00edt \u010dern\u00e9 ruce od aktivn\u00ed grafiky. Jo a miluju balet, tahle aristokraticky elegantn\u00ed d\u0159ina mn\u011b nesm\u00edrn\u011b inspiruje.<\/span><\/p>\n\n\n\n<p><a href=\"https:\/\/2019.brno.wordcamp.org\/2019\/08\/06\/organizatorka-petra-stejskalova\/\" target=\"_blank\" rel=\"noreferrer noopener\" aria-label=\"\u010cl\u00e1nek s Petrou (opens in a new tab)\">\u010cl\u00e1nek s Petrou<\/a><\/p>\n","protected":false},"excerpt":{"rendered":"<p>David Dirb\u00e1k Hlavn\u00ed organiz\u00e1tor + sponzo\u0159i Jsem obchodn\u00edk a WordPress nab\u00edz\u00edm jako nejlep\u0161\u00ed \u0159e\u0161en\u00ed pro klienta. WordPress filozofie a komunita mn\u011b oslovila, ji\u017e p\u0159ed X lety, na WordCamp Bratislava a od t\u00e9 doby se u\u010dastn\u00edm WordPress akc\u00ed jako poslucha\u010d i jako organiz\u00e1tor. \u010cl\u00e1nek s Davidem Bruno Dirb\u00e1k Webov\u00e9 str\u00e1nky + soci\u00e1ln\u00ed s\u00edt\u011b Jmenuji se Bruno &hellip; <\/p>\n<p class=\"link-more\"><a href=\"https:\/\/brno.wordcamp.org\/2019\/organizatori\/\" class=\"more-link\">Pokra\u010dovat ve \u010dten\u00ed<span class=\"screen-reader-text\"> &#8222;Organiz\u00e1to\u0159i&#8220;<\/span><\/a><\/p>\n","protected":false},"author":14905384,"featured_media":0,"parent":0,"menu_order":0,"comment_status":"closed","ping_status":"closed","template":"","meta":{"jetpack_post_was_ever_published":false,"footnotes":""},"class_list":["post-12","page","type-page","status-publish","hentry"],"jetpack_sharing_enabled":true,"jetpack_shortlink":"https:\/\/wp.me\/PaLbeE-c","_links":{"self":[{"href":"https:\/\/brno.wordcamp.org\/2019\/wp-json\/wp\/v2\/pages\/12","targetHints":{"allow":["GET"]}}],"collection":[{"href":"https:\/\/brno.wordcamp.org\/2019\/wp-json\/wp\/v2\/pages"}],"about":[{"href":"https:\/\/brno.wordcamp.org\/2019\/wp-json\/wp\/v2\/types\/page"}],"author":[{"embeddable":true,"href":"https:\/\/brno.wordcamp.org\/2019\/wp-json\/wp\/v2\/users\/14905384"}],"replies":[{"embeddable":true,"href":"https:\/\/brno.wordcamp.org\/2019\/wp-json\/wp\/v2\/comments?post=12"}],"version-history":[{"count":65,"href":"https:\/\/brno.wordcamp.org\/2019\/wp-json\/wp\/v2\/pages\/12\/revisions"}],"predecessor-version":[{"id":2321,"href":"https:\/\/brno.wordcamp.org\/2019\/wp-json\/wp\/v2\/pages\/12\/revisions\/2321"}],"wp:attachment":[{"href":"https:\/\/brno.wordcamp.org\/2019\/wp-json\/wp\/v2\/media?parent=12"}],"curies":[{"name":"wp","href":"https:\/\/api.w.org\/{rel}","templated":true}]}}