{"id":11,"date":"2019-02-27T12:36:39","date_gmt":"2019-02-27T12:36:39","guid":{"rendered":"https:\/\/2019.brno.wordcamp.org\/location\/"},"modified":"2019-10-21T21:16:35","modified_gmt":"2019-10-21T19:16:35","slug":"mistokonani","status":"publish","type":"page","link":"https:\/\/brno.wordcamp.org\/2019\/mistokonani\/","title":{"rendered":"M\u00edsto kon\u00e1n\u00ed"},"content":{"rendered":"\n<h2 class=\"wp-block-heading\">26.10. 2019 &#8211; WordCamp Brno 2019<\/h2>\n\n\n\n<h3 class=\"wp-block-heading\">Kde to bude? <\/h3>\n\n\n\n<p>Prostory pro leto\u0161n\u00ed t\u0159et\u00ed ro\u010dn\u00edk se nach\u00e1zej\u00ed v budov\u011b&nbsp;<a rel=\"noreferrer noopener\" href=\"https:\/\/www.kcbm.cz\/\" target=\"_blank\">Kongresov\u00e9ho centra<\/a>&nbsp;u hlavn\u00edho vstupu na BVV. T\u011b\u0161it se m\u016f\u017ee\u0161 na dv\u011b posluch\u00e1rny (<a rel=\"noreferrer noopener\" href=\"https:\/\/www.kcbm.cz\/sal-a\/\" target=\"_blank\">s\u00e1l A<\/a>&nbsp;pro u\u017eivatele,&nbsp;<a rel=\"noreferrer noopener\" href=\"https:\/\/www.kcbm.cz\/sal-b\/\" target=\"_blank\">s\u00e1l B<\/a>&nbsp;pro developery)&nbsp;<a rel=\"noreferrer noopener\" href=\"https:\/\/www.kcbm.cz\/sal-c\/\" target=\"_blank\">s\u00e1l C<\/a>&nbsp;pro workshopy a super z\u00e1zem\u00ed!<\/p>\n\n\n\n<h3 class=\"wp-block-heading\">Na m\u00edst\u011b bude k dispozici:<\/h3>\n\n\n\n<ul class=\"wp-block-list\"><li>WiFi pro \u00fa\u010dastn\u00edky konference<\/li><li>Sva\u010diny, dobroty a ob\u011bd formou osv\u011bd\u010den\u00e9ho cateringu<\/li><li>Happiness Bar, kde ti budou neust\u00e1le k dispozici WordPress experti, kte\u0159\u00ed ti r\u00e1di zodpov\u00ed tv\u00e9 dotazy na WordPress<\/li><li>Parkov\u00e1n\u00ed bez probl\u00e9mu<\/li><\/ul>\n\n\n\n<h3 class=\"wp-block-heading\">Doprava <\/h3>\n\n\n\n<p><strong>P\u0159ijedu vlakem:<br><\/strong>V Brn\u011b nyn\u00ed doch\u00e1z\u00ed k rekonstrukci hlavn\u00edho n\u00e1dra\u017e\u00ed, tak v\u011bt\u0161ina vlak\u016f nyn\u00ed p\u0159ij\u00ed\u017ed\u00ed na&nbsp;<a rel=\"noreferrer noopener\" href=\"https:\/\/www.gotobrno.cz\/fenomeny\/dolni-nadrazi\/\" target=\"_blank\">Doln\u00ed n\u00e1dr\u017e\u00ed.<\/a><\/p>\n\n\n\n<p><strong>P\u0159ijedu na Doln\u00ed n\u00e1dra\u017e\u00ed:<br><\/strong>a) Rann\u00ed proch\u00e1zka &#8211; p\u011b\u0161ky&nbsp;<a rel=\"noreferrer noopener\" href=\"https:\/\/mapy.cz\/s\/3uf4g\" target=\"_blank\">https:\/\/mapy.cz\/s\/3uf4g<\/a>&nbsp;vzd\u00e1lenost 3,3 km doba&nbsp;<strong>cca 42-52 min<\/strong><br>b) Trochu se po r\u00e1nu prot\u00e1hnout \u2013 p\u011b\u0161ky na Hlavn\u00ed n\u00e1dra\u017e\u00ed&nbsp;<a rel=\"noreferrer noopener\" href=\"https:\/\/mapy.cz\/s\/3uf6L\" target=\"_blank\">https:\/\/mapy.cz\/s\/3uf6L<\/a>&nbsp;cca 1,3 km cca 19-21 min a zde nastoupit na \u0161alinu \u010d\u00edslo 1 sm\u011br Bystrc a vystoupit na zast\u00e1vce V\u00fdstavi\u0161t\u011b \u2013 hlavn\u00ed vstup doba 8 min j\u00edzdy \u2013 celkem&nbsp;<strong>cca 27 \u2013 29 min<\/strong><br>c) M\u011bstk\u00e1 hromadn\u00e1 doprava \u2013 bus 61 na hlavn\u00ed n\u00e1dra\u017e\u00ed, zde p\u0159estoupit na \u0161alinu \u010d\u00edslo 1 sm\u011br Bystrc a vystoupit na zast\u00e1vce V\u00fdstavi\u0161t\u011b \u2013 hlavn\u00ed vstup doba cestov\u00e1n\u00ed&nbsp;<strong>cca 17 \u2013 23 minut<\/strong><\/p>\n\n\n\n<p><strong>P\u0159ijedu na Hlavn\u00ed n\u00e1dra\u017e\u00ed:<\/strong><br>\u0160alina \u010d\u00edslo 1 sm\u011br Bystrc a vystoupit na zast\u00e1vce V\u00fdstavi\u0161t\u011b \u2013 hlavn\u00ed vstup doba&nbsp;<strong>8 min j\u00edzdy<\/strong><\/p>\n\n\n\n<p><strong>P\u0159ijedu autem:<br><\/strong>Sjet z d\u00e1lnice exit 190 sm\u011br Svitavy\/Centrum\/V\u00fdstavi\u0161t\u011b a jet sm\u011br V\u00fdstavi\u0161t\u011b hlavn\u00ed vstup.<\/p>\n\n\n\n<p>J\u00edzdn\u00ed \u0159\u00e1dy MHD Brno: <a href=\"http:\/\/www.dpmb.cz\/cs\/jizdni-rady-linkove\" target=\"_blank\" rel=\"noreferrer noopener\" aria-label=\"http:\/\/www.dpmb.cz\/cs\/jizdni-rady-linkove (opens in a new tab)\">http:\/\/www.dpmb.cz\/cs\/jizdni-rady-linkove<\/a><\/p>\n\n\n\n<h3 class=\"wp-block-heading\">Parkov\u00e1n\u00ed <\/h3>\n\n\n\n<p>Parkov\u00e1n\u00ed p\u0159ed hlavn\u00edm vstupem, v dob\u011b po\u0159\u00e1d\u00e1n\u00ed WordCampu je parkovi\u0161t\u011b zdarma.<\/p>\n\n\n\n<div class=\"googlemaps\">\n\t\t\t\t<iframe loading=\"lazy\" width=\"600\" height=\"450\" frameborder=\"0\" scrolling=\"no\" marginheight=\"0\" marginwidth=\"0\"  src=\"https:\/\/www.google.com\/maps\/embed?pb=!1m18!1m12!1m3!1d644.8808618242012!2d16.584357997395514!3d49.18893911617668!2m3!1f0!2f0!3f0!3m2!1i1024!2i768!4f13.1!3m3!1m2!1s0x0:0xa4562d745109a594!2sKongresov\u00e9%20centrum!5e0!3m2!1scs!2scz!4v1561644835094!5m2!1scs!2scz\"><\/iframe>\n\t\t\t<\/div>\n\n\n\n<div style=\"height:100px\" aria-hidden=\"true\" class=\"wp-block-spacer\"><\/div>\n\n\n\n<h2 class=\"wp-block-heading\" id=\"seo_h1_tag\">27.10. 2019 &#8211; Contribution day<\/h2>\n\n\n\n<p><strong>Tento rok bude s\u00e1zen\u00ed strom\u016f jako Contribution day.<\/strong> P\u0159ij\u010f se pod\u00edvat a pomoct! Stromy se nebudou zasazovat nikde v Brn\u011b, ale nedaleko Brna v mal\u00e9 vesni\u010dce s n\u00e1zvem Otnice.<\/p>\n\n\n\n<p><strong>V\u0161echny d\u016fle\u017eit\u00e9 informace najde\u0161 zde:<\/strong><\/p>\n\n\n\n<p><strong> <\/strong><a href=\"https:\/\/2019.brno.wordcamp.org\/program\/#Contribution-day\">https:\/\/2019.brno.wordcamp.org\/program\/#Contribution-day<\/a><\/p>\n\n\n\n<div class=\"googlemaps\">\n\t\t\t\t<iframe loading=\"lazy\" width=\"600\" height=\"450\" frameborder=\"0\" scrolling=\"no\" marginheight=\"0\" marginwidth=\"0\"  src=\"https:\/\/www.google.com\/maps\/embed?pb=!1m18!1m12!1m3!1d20905.18319347452!2d16.795157746462174!3d49.083829725842016!2m3!1f0!2f0!3f0!3m2!1i1024!2i768!4f13.1!3m3!1m2!1s0x4712c2dd49e4e951:0x3d7628c685a5cbf9!2s683%2054%20Otnice!5e0!3m2!1scs!2scz!4v1569442182174!5m2!1scs!2scz\"><\/iframe>\n\t\t\t<\/div>\n","protected":false},"excerpt":{"rendered":"<p>26.10. 2019 &#8211; WordCamp Brno 2019 Kde to bude? Prostory pro leto\u0161n\u00ed t\u0159et\u00ed ro\u010dn\u00edk se nach\u00e1zej\u00ed v budov\u011b&nbsp;Kongresov\u00e9ho centra&nbsp;u hlavn\u00edho vstupu na BVV. T\u011b\u0161it se m\u016f\u017ee\u0161 na dv\u011b posluch\u00e1rny (s\u00e1l A&nbsp;pro u\u017eivatele,&nbsp;s\u00e1l B&nbsp;pro developery)&nbsp;s\u00e1l C&nbsp;pro workshopy a super z\u00e1zem\u00ed! Na m\u00edst\u011b bude k dispozici: WiFi pro \u00fa\u010dastn\u00edky konference Sva\u010diny, dobroty a ob\u011bd formou osv\u011bd\u010den\u00e9ho cateringu &hellip; <\/p>\n<p class=\"link-more\"><a href=\"https:\/\/brno.wordcamp.org\/2019\/mistokonani\/\" class=\"more-link\">Pokra\u010dovat ve \u010dten\u00ed<span class=\"screen-reader-text\"> &#8222;M\u00edsto kon\u00e1n\u00ed&#8220;<\/span><\/a><\/p>\n","protected":false},"author":14905384,"featured_media":0,"parent":0,"menu_order":0,"comment_status":"closed","ping_status":"closed","template":"","meta":{"jetpack_post_was_ever_published":false,"footnotes":""},"class_list":["post-11","page","type-page","status-publish","hentry"],"jetpack_sharing_enabled":true,"jetpack_shortlink":"https:\/\/wp.me\/PaLbeE-b","_links":{"self":[{"href":"https:\/\/brno.wordcamp.org\/2019\/wp-json\/wp\/v2\/pages\/11","targetHints":{"allow":["GET"]}}],"collection":[{"href":"https:\/\/brno.wordcamp.org\/2019\/wp-json\/wp\/v2\/pages"}],"about":[{"href":"https:\/\/brno.wordcamp.org\/2019\/wp-json\/wp\/v2\/types\/page"}],"author":[{"embeddable":true,"href":"https:\/\/brno.wordcamp.org\/2019\/wp-json\/wp\/v2\/users\/14905384"}],"replies":[{"embeddable":true,"href":"https:\/\/brno.wordcamp.org\/2019\/wp-json\/wp\/v2\/comments?post=11"}],"version-history":[{"count":38,"href":"https:\/\/brno.wordcamp.org\/2019\/wp-json\/wp\/v2\/pages\/11\/revisions"}],"predecessor-version":[{"id":2224,"href":"https:\/\/brno.wordcamp.org\/2019\/wp-json\/wp\/v2\/pages\/11\/revisions\/2224"}],"wp:attachment":[{"href":"https:\/\/brno.wordcamp.org\/2019\/wp-json\/wp\/v2\/media?parent=11"}],"curies":[{"name":"wp","href":"https:\/\/api.w.org\/{rel}","templated":true}]}}