{"id":9,"date":"2018-04-17T08:40:01","date_gmt":"2018-04-17T08:40:01","guid":{"rendered":"https:\/\/2018.brno.wordcamp.org\/sessions\/"},"modified":"2018-10-19T19:20:27","modified_gmt":"2018-10-19T17:20:27","slug":"program","status":"publish","type":"page","link":"https:\/\/brno.wordcamp.org\/2018\/program\/","title":{"rendered":"Program"},"content":{"rendered":"<h1>20. 10. 2018 &#8211; Hlavn\u00ed program<\/h1>\n<table class=\"wcpt-schedule\" border=\"0\"><thead><tr><th class=\"wcpt-col-time\">\u010cas<\/th><th class=\"wcpt-col-track\"> <span class=\"wcpt-track-name\">Posluch\u00e1rna D182<\/span> <span class=\"wcpt-track-description\">UX Design, SEO, Marketing, Brand, Coaching, Project managment<\/span> <\/th><th class=\"wcpt-col-track\"> <span class=\"wcpt-track-name\">Posluch\u00e1rna D185<\/span> <span class=\"wcpt-track-description\">V\u00fdvoj webu, optimalizace, spr\u00e1va<\/span> <\/th><\/tr><\/thead><tbody><tr class=\"wcpt-time-900\"><td class=\"wcpt-time\">9:00<\/td><td colspan=\"1\" class=\"wcb-track-poslucharna-d182 wcpt-session-type-custom wcb-session-uvodni-poznamky\" data-track-title=\"Posluch\u00e1rna D182\" data-session-id=\"640\"><div class=\"wcb-session-cell-content\"><span class=\"wcpt-session-title\">\u00davodn\u00ed pozn\u00e1mky<\/span><\/div><\/td><td class=\"wcpt-session-empty\"><\/td><\/tr><tr class=\"wcpt-time-920\"><td class=\"wcpt-time\">9:20<\/td><td colspan=\"1\" class=\"wcb-speaker-marek-danko wcb-track-poslucharna-d182 wcpt-session-type-session wcb-session-polozme-projektu-pevny-zaklad\" data-track-title=\"Posluch\u00e1rna D182\" data-session-id=\"642\"><div class=\"wcb-session-cell-content\"><a class=\"wcpt-session-title\" href=\"https:\/\/brno.wordcamp.org\/2018\/session\/polozme-projektu-pevny-zaklad\/\">Polo\u017eme projektu pevn\u00fd z\u00e1klad<\/a> <span class=\"wcpt-session-speakers\">Marek Da\u0148ko<\/span><\/div><div class=\"wcb-session-favourite-icon\"><a href=\"#\" role=\"button\" class=\"fav-session-button\" aria-pressed=\"false\"><span class=\"screen-reader-text\">Obl\u00edben\u00e1 relace: Polo\u017eme projektu pevn\u00fd z\u00e1klad<\/span><span class=\"dashicons dashicons-star-filled\"><\/span><\/a><\/div><\/td><td colspan=\"1\" class=\"wcb-speaker-vladislav-musilek wcb-track-poslucharna-d185 wcpt-session-type-session wcb-session-pouzivani-souboru-sablon-ve-woocommerce-a-wordpressu\" data-track-title=\"Posluch\u00e1rna D185\" data-session-id=\"694\"><div class=\"wcb-session-cell-content\"><a class=\"wcpt-session-title\" href=\"https:\/\/brno.wordcamp.org\/2018\/session\/pouzivani-souboru-sablon-ve-woocommerce-a-wordpressu\/\">Pou\u017e\u00edv\u00e1n\u00ed soubor\u016f \u0161ablon ve WooCommerce a WordPressu<\/a> <span class=\"wcpt-session-speakers\">Vladislav Mus\u00edlek<\/span><\/div><div class=\"wcb-session-favourite-icon\"><a href=\"#\" role=\"button\" class=\"fav-session-button\" aria-pressed=\"false\"><span class=\"screen-reader-text\">Obl\u00edben\u00e1 relace: Pou\u017e\u00edv\u00e1n\u00ed soubor\u016f \u0161ablon ve WooCommerce a WordPressu<\/span><span class=\"dashicons dashicons-star-filled\"><\/span><\/a><\/div><\/td><\/tr><tr class=\"wcpt-time-1000\"><td class=\"wcpt-time\">10:00<\/td><td colspan=\"1\" class=\"wcb-speaker-tomas-taja-brza wcb-track-poslucharna-d182 wcpt-session-type-session wcb-session-neponukaj-web-ponukaj-uspech\" data-track-title=\"Posluch\u00e1rna D182\" data-session-id=\"715\"><div class=\"wcb-session-cell-content\"><a class=\"wcpt-session-title\" href=\"https:\/\/brno.wordcamp.org\/2018\/session\/neponukaj-web-ponukaj-uspech\/\">Nepon\u00fakaj web, pon\u00fakaj \u00faspech<\/a> <span class=\"wcpt-session-speakers\">Tom\u00e1\u0161 Taja Brza<\/span><\/div><div class=\"wcb-session-favourite-icon\"><a href=\"#\" role=\"button\" class=\"fav-session-button\" aria-pressed=\"false\"><span class=\"screen-reader-text\">Obl\u00edben\u00e1 relace: Nepon\u00fakaj web, pon\u00fakaj \u00faspech<\/span><span class=\"dashicons dashicons-star-filled\"><\/span><\/a><\/div><\/td><td colspan=\"1\" class=\"wcb-speaker-martin-dostal wcb-track-poslucharna-d185 wcpt-session-type-session wcb-session-jak-na-plne-automatizovany-prodej-ve-wp-do-10-minut\" data-track-title=\"Posluch\u00e1rna D185\" data-session-id=\"684\"><div class=\"wcb-session-cell-content\"><a class=\"wcpt-session-title\" href=\"https:\/\/brno.wordcamp.org\/2018\/session\/jak-na-plne-automatizovany-prodej-ve-wp-do-10-minut\/\">Jak na pln\u011b automatizovan\u00fd prodej ve WP do 10 minut.<\/a> <span class=\"wcpt-session-speakers\">Martin Dost\u00e1l<\/span><\/div><div class=\"wcb-session-favourite-icon\"><a href=\"#\" role=\"button\" class=\"fav-session-button\" aria-pressed=\"false\"><span class=\"screen-reader-text\">Obl\u00edben\u00e1 relace: Jak na pln\u011b automatizovan\u00fd prodej ve WP do 10 minut.<\/span><span class=\"dashicons dashicons-star-filled\"><\/span><\/a><\/div><\/td><\/tr><tr class=\"wcpt-time-1040\"><td class=\"wcpt-time\">10:40<\/td><td colspan=\"1\" class=\"wcb-speaker-marek-cevelicek wcb-track-poslucharna-d182 wcpt-session-type-session wcb-session-tohle-dej-na-web\" data-track-title=\"Posluch\u00e1rna D182\" data-session-id=\"672\"><div class=\"wcb-session-cell-content\"><a class=\"wcpt-session-title\" href=\"https:\/\/brno.wordcamp.org\/2018\/session\/tohle-dej-na-web\/\">Tohle dej na web!<\/a> <span class=\"wcpt-session-speakers\">Marek \u010cevel\u00ed\u010dek<\/span><\/div><div class=\"wcb-session-favourite-icon\"><a href=\"#\" role=\"button\" class=\"fav-session-button\" aria-pressed=\"false\"><span class=\"screen-reader-text\">Obl\u00edben\u00e1 relace: Tohle dej na web!<\/span><span class=\"dashicons dashicons-star-filled\"><\/span><\/a><\/div><\/td><td colspan=\"1\" class=\"wcb-speaker-robert-jurinek wcb-track-poslucharna-d185 wcpt-session-type-session wcb-session-sage\" data-track-title=\"Posluch\u00e1rna D185\" data-session-id=\"696\"><div class=\"wcb-session-cell-content\"><a class=\"wcpt-session-title\" href=\"https:\/\/brno.wordcamp.org\/2018\/session\/sage\/\">SAGE<\/a> <span class=\"wcpt-session-speakers\">R\u00f3bert Jurinek<\/span><\/div><div class=\"wcb-session-favourite-icon\"><a href=\"#\" role=\"button\" class=\"fav-session-button\" aria-pressed=\"false\"><span class=\"screen-reader-text\">Obl\u00edben\u00e1 relace: SAGE<\/span><span class=\"dashicons dashicons-star-filled\"><\/span><\/a><\/div><\/td><\/tr><tr class=\"wcpt-time-1120\"><td class=\"wcpt-time\">11:20<\/td><td colspan=\"1\" class=\"wcb-track-poslucharna-d182 wcpt-session-type-custom wcb-session-lunch-break-2\" data-track-title=\"Posluch\u00e1rna D182\" data-session-id=\"674\"><div class=\"wcb-session-cell-content\"><span class=\"wcpt-session-title\">Lunch break<\/span><\/div><\/td><td colspan=\"1\" class=\"wcb-track-poslucharna-d185 wcpt-session-type-custom wcb-session-lunch-break\" data-track-title=\"Posluch\u00e1rna D185\" data-session-id=\"702\"><div class=\"wcb-session-cell-content\"><span class=\"wcpt-session-title\">Lunch break<\/span><\/div><\/td><\/tr><tr class=\"wcpt-time-1320\"><td class=\"wcpt-time\">13:20<\/td><td colspan=\"1\" class=\"wcb-speaker-pavel-ungr wcb-track-poslucharna-d182 wcpt-session-type-session wcb-session-velka-bitva-seo-pluginu-ktery-vybrat\" data-track-title=\"Posluch\u00e1rna D182\" data-session-id=\"676\"><div class=\"wcb-session-cell-content\"><a class=\"wcpt-session-title\" href=\"https:\/\/brno.wordcamp.org\/2018\/session\/velka-bitva-seo-pluginu-ktery-vybrat\/\">Velk\u00e1 bitva SEO plugin\u016f &#8211; kter\u00fd vybrat<\/a> <span class=\"wcpt-session-speakers\">Pavel Ungr<\/span><\/div><div class=\"wcb-session-favourite-icon\"><a href=\"#\" role=\"button\" class=\"fav-session-button\" aria-pressed=\"false\"><span class=\"screen-reader-text\">Obl\u00edben\u00e1 relace: Velk\u00e1 bitva SEO plugin\u016f &#8211; kter\u00fd vybrat<\/span><span class=\"dashicons dashicons-star-filled\"><\/span><\/a><\/div><\/td><td colspan=\"1\" class=\"wcb-speaker-matej-kravjar wcb-track-poslucharna-d185 wcpt-session-type-session wcb-session-platobna-brana-idea2live\" data-track-title=\"Posluch\u00e1rna D185\" data-session-id=\"706\"><div class=\"wcb-session-cell-content\"><a class=\"wcpt-session-title\" href=\"https:\/\/brno.wordcamp.org\/2018\/session\/platobna-brana-idea2live\/\">Platobn\u00e1 br\u00e1na: idea2live<\/a> <span class=\"wcpt-session-speakers\">Matej Kravjar<\/span><\/div><div class=\"wcb-session-favourite-icon\"><a href=\"#\" role=\"button\" class=\"fav-session-button\" aria-pressed=\"false\"><span class=\"screen-reader-text\">Obl\u00edben\u00e1 relace: Platobn\u00e1 br\u00e1na: idea2live<\/span><span class=\"dashicons dashicons-star-filled\"><\/span><\/a><\/div><\/td><\/tr><tr class=\"wcpt-time-1400\"><td class=\"wcpt-time\">14:00<\/td><td colspan=\"1\" class=\"wcb-speaker-matej-zeliska wcb-track-poslucharna-d182 wcpt-session-type-session wcb-session-design-sprint\" data-track-title=\"Posluch\u00e1rna D182\" data-session-id=\"650\"><div class=\"wcb-session-cell-content\"><a class=\"wcpt-session-title\" href=\"https:\/\/brno.wordcamp.org\/2018\/session\/design-sprint\/\">Design Sprint: 5 dn\u00ed tot\u00e1lnej efektivity namiesto mesiacov \u00famorn\u00e9ho t\u00e1pania<\/a> <span class=\"wcpt-session-speakers\">Matej Zeliska<\/span><\/div><div class=\"wcb-session-favourite-icon\"><a href=\"#\" role=\"button\" class=\"fav-session-button\" aria-pressed=\"false\"><span class=\"screen-reader-text\">Obl\u00edben\u00e1 relace: Design Sprint: 5 dn\u00ed tot\u00e1lnej efektivity namiesto mesiacov \u00famorn\u00e9ho t\u00e1pania<\/span><span class=\"dashicons dashicons-star-filled\"><\/span><\/a><\/div><\/td><td colspan=\"1\" class=\"wcb-speaker-vlastimil-ott wcb-track-poslucharna-d185 wcpt-session-type-session wcb-session-zakulisni-zprava-o-webove-sprave\" data-track-title=\"Posluch\u00e1rna D185\" data-session-id=\"711\"><div class=\"wcb-session-cell-content\"><a class=\"wcpt-session-title\" href=\"https:\/\/brno.wordcamp.org\/2018\/session\/zakulisni-zprava-o-webove-sprave\/\">Z\u00e1kulisn\u00ed zpr\u00e1va o webov\u00e9 spr\u00e1v\u011b<\/a> <span class=\"wcpt-session-speakers\">Vlastimil Ott<\/span><\/div><div class=\"wcb-session-favourite-icon\"><a href=\"#\" role=\"button\" class=\"fav-session-button\" aria-pressed=\"false\"><span class=\"screen-reader-text\">Obl\u00edben\u00e1 relace: Z\u00e1kulisn\u00ed zpr\u00e1va o webov\u00e9 spr\u00e1v\u011b<\/span><span class=\"dashicons dashicons-star-filled\"><\/span><\/a><\/div><\/td><\/tr><tr class=\"wcpt-time-1440\"><td class=\"wcpt-time\">14:40<\/td><td colspan=\"1\" class=\"wcb-speaker-ludmila-navratilova wcb-track-poslucharna-d182 wcpt-session-type-session wcb-session-potreba-zakaznika-vs-perspektiva-firmy-proc-budu-vas-zakaznik\" data-track-title=\"Posluch\u00e1rna D182\" data-session-id=\"646\"><div class=\"wcb-session-cell-content\"><a class=\"wcpt-session-title\" href=\"https:\/\/brno.wordcamp.org\/2018\/session\/potreba-zakaznika-vs-perspektiva-firmy-proc-budu-vas-zakaznik\/\">Pot\u0159eba z\u00e1kazn\u00edka vs. perspektiva firmy. Pro\u010d budu v\u00e1\u0161 z\u00e1kazn\u00edk?<\/a> <span class=\"wcpt-session-speakers\">Ludmila Navr\u00e1tilov\u00e1<\/span><\/div><div class=\"wcb-session-favourite-icon\"><a href=\"#\" role=\"button\" class=\"fav-session-button\" aria-pressed=\"false\"><span class=\"screen-reader-text\">Obl\u00edben\u00e1 relace: Pot\u0159eba z\u00e1kazn\u00edka vs. perspektiva firmy. Pro\u010d budu v\u00e1\u0161 z\u00e1kazn\u00edk?<\/span><span class=\"dashicons dashicons-star-filled\"><\/span><\/a><\/div><\/td><td colspan=\"1\" class=\"wcb-speaker-katarina-novotna wcb-track-poslucharna-d185 wcpt-session-type-session wcb-session-slider-je-mrtvy-nech-zije-slider\" data-track-title=\"Posluch\u00e1rna D185\" data-session-id=\"704\"><div class=\"wcb-session-cell-content\"><a class=\"wcpt-session-title\" href=\"https:\/\/brno.wordcamp.org\/2018\/session\/slider-je-mrtvy-nech-zije-slider\/\">Slider je m\u0155tvy, nech \u017eije slider<\/a> <span class=\"wcpt-session-speakers\">Katarina Novotna<\/span><\/div><div class=\"wcb-session-favourite-icon\"><a href=\"#\" role=\"button\" class=\"fav-session-button\" aria-pressed=\"false\"><span class=\"screen-reader-text\">Obl\u00edben\u00e1 relace: Slider je m\u0155tvy, nech \u017eije slider<\/span><span class=\"dashicons dashicons-star-filled\"><\/span><\/a><\/div><\/td><\/tr><tr class=\"wcpt-time-1520\"><td class=\"wcpt-time\">15:20<\/td><td colspan=\"1\" class=\"wcb-track-poslucharna-d182 wcpt-session-type-custom wcb-session-coffee-break-networking\" data-track-title=\"Posluch\u00e1rna D182\" data-session-id=\"1038\"><div class=\"wcb-session-cell-content\"><span class=\"wcpt-session-title\">Coffee break \/ Networking<\/span><\/div><\/td><td colspan=\"1\" class=\"wcb-track-poslucharna-d185 wcpt-session-type-custom wcb-session-coffee-break-networking-2\" data-track-title=\"Posluch\u00e1rna D185\" data-session-id=\"1040\"><div class=\"wcb-session-cell-content\"><span class=\"wcpt-session-title\">Coffee break \/ Networking<\/span><\/div><\/td><\/tr><tr class=\"wcpt-time-1550\"><td class=\"wcpt-time\">15:50<\/td><td colspan=\"1\" class=\"wcb-speaker-pavel-cahlik wcb-track-poslucharna-d182 wcpt-session-type-session wcb-session-vylepsete-si-svuj-brand-za-15-min\" data-track-title=\"Posluch\u00e1rna D182\" data-session-id=\"680\"><div class=\"wcb-session-cell-content\"><a class=\"wcpt-session-title\" href=\"https:\/\/brno.wordcamp.org\/2018\/session\/vylepsete-si-svuj-brand-za-15-min\/\">Vylep\u0161ete si sv\u016fj brand za 15 min<\/a> <span class=\"wcpt-session-speakers\">Pavel Cahl\u00edk<\/span><\/div><div class=\"wcb-session-favourite-icon\"><a href=\"#\" role=\"button\" class=\"fav-session-button\" aria-pressed=\"false\"><span class=\"screen-reader-text\">Obl\u00edben\u00e1 relace: Vylep\u0161ete si sv\u016fj brand za 15 min<\/span><span class=\"dashicons dashicons-star-filled\"><\/span><\/a><\/div><\/td><td colspan=\"1\" class=\"wcb-speaker-vladimir-smitka wcb-track-poslucharna-d185 wcpt-session-type-session wcb-session-hesla-a-vicefaktorova-autentizace-ve-wp\" data-track-title=\"Posluch\u00e1rna D185\" data-session-id=\"717\"><div class=\"wcb-session-cell-content\"><a class=\"wcpt-session-title\" href=\"https:\/\/brno.wordcamp.org\/2018\/session\/hesla-a-vicefaktorova-autentizace-ve-wp\/\">Hesla a v\u00edcefaktorov\u00e1 autentizace ve WP<\/a> <span class=\"wcpt-session-speakers\">Vladim\u00edr Sm\u00edtka<\/span><\/div><div class=\"wcb-session-favourite-icon\"><a href=\"#\" role=\"button\" class=\"fav-session-button\" aria-pressed=\"false\"><span class=\"screen-reader-text\">Obl\u00edben\u00e1 relace: Hesla a v\u00edcefaktorov\u00e1 autentizace ve WP<\/span><span class=\"dashicons dashicons-star-filled\"><\/span><\/a><\/div><\/td><\/tr><tr class=\"wcpt-time-1630\"><td class=\"wcpt-time\">16:30<\/td><td colspan=\"1\" class=\"wcb-speaker-helena-mackova wcb-track-poslucharna-d182 wcpt-session-type-session wcb-session-cesta-vzhuru-stokrat-jinak\" data-track-title=\"Posluch\u00e1rna D182\" data-session-id=\"692\"><div class=\"wcb-session-cell-content\"><a class=\"wcpt-session-title\" href=\"https:\/\/brno.wordcamp.org\/2018\/session\/cesta-vzhuru-stokrat-jinak\/\">Cesta vzh\u016fru stokr\u00e1t jinak<\/a> <span class=\"wcpt-session-speakers\">Helena Mackov\u00e1<\/span><\/div><div class=\"wcb-session-favourite-icon\"><a href=\"#\" role=\"button\" class=\"fav-session-button\" aria-pressed=\"false\"><span class=\"screen-reader-text\">Obl\u00edben\u00e1 relace: Cesta vzh\u016fru stokr\u00e1t jinak<\/span><span class=\"dashicons dashicons-star-filled\"><\/span><\/a><\/div><\/td><td colspan=\"1\" class=\"wcb-speaker-milan-fiala wcb-track-poslucharna-d185 wcpt-session-type-session wcb-session-rozdily-mezi-ceskym-a-nemeckym-onlajnem\" data-track-title=\"Posluch\u00e1rna D185\" data-session-id=\"700\"><div class=\"wcb-session-cell-content\"><a class=\"wcpt-session-title\" href=\"https:\/\/brno.wordcamp.org\/2018\/session\/rozdily-mezi-ceskym-a-nemeckym-onlajnem\/\">Rozd\u00edly mezi \u010desk\u00fdm a n\u011bmeck\u00fdm onlajnem<\/a> <span class=\"wcpt-session-speakers\">Milan Fiala<\/span><\/div><div class=\"wcb-session-favourite-icon\"><a href=\"#\" role=\"button\" class=\"fav-session-button\" aria-pressed=\"false\"><span class=\"screen-reader-text\">Obl\u00edben\u00e1 relace: Rozd\u00edly mezi \u010desk\u00fdm a n\u011bmeck\u00fdm onlajnem<\/span><span class=\"dashicons dashicons-star-filled\"><\/span><\/a><\/div><\/td><\/tr><tr class=\"wcpt-time-1745\"><td class=\"wcpt-time\">17:45<\/td><td colspan=\"1\" class=\"wcb-track-poslucharna-d182 wcpt-session-type-custom wcb-session-ukonceni\" data-track-title=\"Posluch\u00e1rna D182\" data-session-id=\"688\"><div class=\"wcb-session-cell-content\"><span class=\"wcpt-session-title\">Ukon\u010den\u00ed<\/span><\/div><\/td><td class=\"wcpt-session-empty\"><\/td><\/tr><\/tbody><\/table>\n\t<div class=\"email-form fav-session-email-form-hide\">\n\t\t<!-- Tab links -->\n\t\t<div class=\"fav-session-share-tab\">\n\t\t\t\t\t\t\t<div class=\"fav-session-tablinks\" id=\"fav-session-btn-email\">\n\t\t\t\t\tE-mail\t\t\t\t<\/div>\n\t\t\t\n\t\t\t<div class=\"fav-session-tablinks\" id=\"fav-session-btn-link\">\n\t\t\t\tOdkaz\t\t\t<\/div>\n\n\t\t\t<div class=\"fav-session-tablinks\" id=\"fav-session-btn-print\">\n\t\t\t\tTisk\t\t\t<\/div>\n\t\t<\/div>\n\n\t\t<!-- Tab content -->\n\t\t\t\t\t<div id=\"fav-session-tab-email\" class=\"fav-session-share-tabcontent\">\n\t\t\t\t<div id=\"fav-session-email-form\">\n\t\t\t\t\tPo\u0161lete mi moje obl\u00edben\u00e9 p\u0159edn\u00e1\u0161ky:\n\t\t\t\t\t<form id=\"fav-sessions-form\">\n\t\t\t\t\t\t<input\n\t\t\t\t\t\t\ttype=\"text\"\n\t\t\t\t\t\t\tname=\"email_address\"\n\t\t\t\t\t\t\tid=\"fav-sessions-email-address\"\n\t\t\t\t\t\t\tplaceholder=\"me@protonmail.com\"\n\t\t\t\t\t\t\/>\n\t\t\t\t\t\t<input type=\"submit\" value=\"Odeslat\" \/>\n\t\t\t\t\t<\/form>\n\t\t\t\t<\/div>\n\n\t\t\t\t<div class=\"fav-session-email-wait-spinner\"><\/div>\n\t\t\t\t<div class=\"fav-session-email-result\"><\/div>\n\t\t\t<\/div>\n\t\t\n\t\t<div id=\"fav-session-tab-link\" class=\"fav-session-share-tabcontent\">\n\t\t\tOdkaz ke sd\u00edlen\u00ed:\t\t\t<br \/>\n\t\t\t<a id=\"fav-sessions-link\" href=\"\"><\/a>\n\t\t<\/div>\n\n\t\t<div id=\"fav-session-tab-print\" class=\"fav-session-share-tabcontent\">\n\t\t\t<button id=\"fav-session-print\">\n\t\t\t\tVytisknout obl\u00edben\u00e9 p\u0159edn\u00e1\u0161ky\t\t\t<\/button>\n\t\t<\/div>\n\t<\/div>\n\n\t<a class=\"show-email-form\" href=\"javascript:\">\n\t\t<span class=\"dashicons dashicons-star-filled\"><\/span>\n\t\t<span class=\"dashicons dashicons-email-alt\"><\/span>\n\t<\/a>\n\n\t\n<h1>Workshopy<\/h1>\n<table class=\"wcpt-schedule\" border=\"0\"><thead><tr><th class=\"wcpt-col-time\">\u010cas<\/th><th class=\"wcpt-col-track\"> <span class=\"wcpt-track-name\">M\u00edstnost A138<\/span> <span class=\"wcpt-track-description\">Workshopy<\/span> <\/th><\/tr><\/thead><tbody><tr class=\"wcpt-time-920 global-session the-power-of-wp-cli-bash-scripts\"><td class=\"wcpt-time\">9:20<\/td><td colspan=\"1\" class=\"wcb-speaker-marcos-antonio-schratzenstaller wcb-track-workshop wcpt-session-type-session wcb-session-the-power-of-wp-cli-bash-scripts\" data-track-title=\"M\u00edstnost A138\" data-session-id=\"1343\"><div class=\"wcb-session-cell-content\"><a class=\"wcpt-session-title\" href=\"https:\/\/brno.wordcamp.org\/2018\/session\/the-power-of-wp-cli-bash-scripts\/\">The power of wp-cli + bash scripts<\/a> <span class=\"wcpt-session-speakers\">Marcos Antonio Schratzenstaller<\/span><\/div><div class=\"wcb-session-favourite-icon\"><a href=\"#\" role=\"button\" class=\"fav-session-button\" aria-pressed=\"false\"><span class=\"screen-reader-text\">Obl\u00edben\u00e1 relace: The power of wp-cli + bash scripts<\/span><span class=\"dashicons dashicons-star-filled\"><\/span><\/a><\/div><\/td><\/tr><tr class=\"wcpt-time-1030 global-session klonovanie-wordpress-webu-a-vytvorenie-11-kpie\"><td class=\"wcpt-time\">10:30<\/td><td colspan=\"1\" class=\"wcb-speaker-karol-voros wcb-track-workshop wcpt-session-type-custom wcb-session-klonovanie-wordpress-webu-a-vytvorenie-11-kopie\" data-track-title=\"M\u00edstnost A138\" data-session-id=\"1345\"><div class=\"wcb-session-cell-content\"><span class=\"wcpt-session-title\">Klonovanie WordPress webu a vytvorenie 1:1 k\u00f3pie<\/span> <span class=\"wcpt-session-speakers\">Karol V\u00f6r\u00f6s<\/span><\/div><\/td><\/tr><tr class=\"wcpt-time-1400 global-session bezpenj-a-rychlej-wordpress\"><td class=\"wcpt-time\">14:00<\/td><td colspan=\"1\" class=\"wcb-speaker-onebit wcb-track-workshop wcpt-session-type-session wcb-session-bezpecnejsi-a-rychlejsi-wordpress\" data-track-title=\"M\u00edstnost A138\" data-session-id=\"1340\"><div class=\"wcb-session-cell-content\"><a class=\"wcpt-session-title\" href=\"https:\/\/brno.wordcamp.org\/2018\/session\/bezpecnejsi-a-rychlejsi-wordpress\/\">Bezpe\u010dn\u011bj\u0161\u00ed a rychlej\u0161\u00ed WordPress<\/a> <span class=\"wcpt-session-speakers\">ONEbit<\/span><\/div><div class=\"wcb-session-favourite-icon\"><a href=\"#\" role=\"button\" class=\"fav-session-button\" aria-pressed=\"false\"><span class=\"screen-reader-text\">Obl\u00edben\u00e1 relace: Bezpe\u010dn\u011bj\u0161\u00ed a rychlej\u0161\u00ed WordPress<\/span><span class=\"dashicons dashicons-star-filled\"><\/span><\/a><\/div><\/td><\/tr><tr class=\"wcpt-time-1520 global-session kontrola-po-sputn-webu-a-jak-dt-web-marketingov-do-pohybu\"><td class=\"wcpt-time\">15:20<\/td><td colspan=\"1\" class=\"wcb-speaker-kocifaj-hladky wcb-track-workshop wcpt-session-type-custom wcb-session-kontrola-po-spusteni-webu-a-jak-dat-web-marketingove-do-pohybu\" data-track-title=\"M\u00edstnost A138\" data-session-id=\"1347\"><div class=\"wcb-session-cell-content\"><span class=\"wcpt-session-title\">Kontrola po spu\u0161t\u011bn\u00ed webu a jak d\u00e1t web marketingov\u011b do pohybu<\/span> <span class=\"wcpt-session-speakers\">Kocifaj + Hladk\u00fd<\/span><\/div><\/td><\/tr><\/tbody><\/table>\n<h1>After p\u00e1rty za\u010dne od 18:22.<\/h1>\n","protected":false},"excerpt":{"rendered":"<p>20. 10. 2018 &#8211; Hlavn\u00ed program Workshopy After p\u00e1rty za\u010dne od 18:22.<\/p>\n","protected":false},"author":14905384,"featured_media":0,"parent":0,"menu_order":0,"comment_status":"closed","ping_status":"closed","template":"","meta":{"jetpack_post_was_ever_published":false,"footnotes":""},"class_list":["post-9","page","type-page","status-publish","hentry"],"jetpack_sharing_enabled":true,"jetpack_shortlink":"https:\/\/wp.me\/P9Qqjj-9","_links":{"self":[{"href":"https:\/\/brno.wordcamp.org\/2018\/wp-json\/wp\/v2\/pages\/9","targetHints":{"allow":["GET"]}}],"collection":[{"href":"https:\/\/brno.wordcamp.org\/2018\/wp-json\/wp\/v2\/pages"}],"about":[{"href":"https:\/\/brno.wordcamp.org\/2018\/wp-json\/wp\/v2\/types\/page"}],"author":[{"embeddable":true,"href":"https:\/\/brno.wordcamp.org\/2018\/wp-json\/wp\/v2\/users\/14905384"}],"replies":[{"embeddable":true,"href":"https:\/\/brno.wordcamp.org\/2018\/wp-json\/wp\/v2\/comments?post=9"}],"version-history":[{"count":14,"href":"https:\/\/brno.wordcamp.org\/2018\/wp-json\/wp\/v2\/pages\/9\/revisions"}],"predecessor-version":[{"id":1349,"href":"https:\/\/brno.wordcamp.org\/2018\/wp-json\/wp\/v2\/pages\/9\/revisions\/1349"}],"wp:attachment":[{"href":"https:\/\/brno.wordcamp.org\/2018\/wp-json\/wp\/v2\/media?parent=9"}],"curies":[{"name":"wp","href":"https:\/\/api.w.org\/{rel}","templated":true}]}}