{"id":8,"date":"2018-04-17T08:40:01","date_gmt":"2018-04-17T08:40:01","guid":{"rendered":"https:\/\/2018.brno.wordcamp.org\/speakers\/"},"modified":"2018-10-19T11:03:00","modified_gmt":"2018-10-19T09:03:00","slug":"spikri","status":"publish","type":"page","link":"https:\/\/brno.wordcamp.org\/2018\/spikri\/","title":{"rendered":"Sp\u00edk\u0159i"},"content":{"rendered":"<p><img loading=\"lazy\" decoding=\"async\" class=\"alignnone size-full wp-image-1291\" src=\"https:\/\/2018.brno.wordcamp.org\/files\/2018\/10\/Marcos-Schratzenstaller.jpg\" alt=\"\" width=\"200\" height=\"200\" srcset=\"https:\/\/brno.wordcamp.org\/2018\/files\/2018\/10\/Marcos-Schratzenstaller.jpg 200w, https:\/\/brno.wordcamp.org\/2018\/files\/2018\/10\/Marcos-Schratzenstaller-150x150.jpg 150w, https:\/\/brno.wordcamp.org\/2018\/files\/2018\/10\/Marcos-Schratzenstaller-100x100.jpg 100w\" sizes=\"auto, (max-width: 200px) 100vw, 200px\" \/><\/p>\n<h3><span style=\"color: #ff0000\">Marcos Antonio Schratzenstaller<\/span><\/h3>\n<p>&nbsp;<\/p>\n<p>&nbsp;<\/p>\n<p><img loading=\"lazy\" decoding=\"async\" class=\"size-full wp-image-1294 alignleft\" src=\"https:\/\/2018.brno.wordcamp.org\/files\/2018\/10\/Vladim\u00edr-Sm\u00edtka.jpg\" alt=\"\" width=\"200\" height=\"200\" srcset=\"https:\/\/brno.wordcamp.org\/2018\/files\/2018\/10\/Vladim\u00edr-Sm\u00edtka.jpg 200w, https:\/\/brno.wordcamp.org\/2018\/files\/2018\/10\/Vladim\u00edr-Sm\u00edtka-150x150.jpg 150w, https:\/\/brno.wordcamp.org\/2018\/files\/2018\/10\/Vladim\u00edr-Sm\u00edtka-100x100.jpg 100w\" sizes=\"auto, (max-width: 200px) 100vw, 200px\" \/><\/p>\n<h3><span style=\"color: #ff0000\">Vladim\u00edr Sm\u00edtka<\/span><\/h3>\n<p>&nbsp;<\/p>\n<p>&nbsp;<\/p>\n<p><img loading=\"lazy\" decoding=\"async\" class=\"alignnone size-full wp-image-1296\" src=\"https:\/\/2018.brno.wordcamp.org\/files\/2018\/10\/Helena-Mackov\u00e1.jpg\" alt=\"\" width=\"200\" height=\"200\" srcset=\"https:\/\/brno.wordcamp.org\/2018\/files\/2018\/10\/Helena-Mackov\u00e1.jpg 200w, https:\/\/brno.wordcamp.org\/2018\/files\/2018\/10\/Helena-Mackov\u00e1-150x150.jpg 150w, https:\/\/brno.wordcamp.org\/2018\/files\/2018\/10\/Helena-Mackov\u00e1-100x100.jpg 100w\" sizes=\"auto, (max-width: 200px) 100vw, 200px\" \/><\/p>\n<h3><span style=\"color: #ff0000\">Helena Mackov\u00e1<\/span><\/h3>\n<p>Osobn\u00ed kou\u010d pro talent, kari\u00e9ru a osobn\u00ed \u0161t\u011bst\u00ed. Person\u00e1ln\u00ed konzultant pro firemn\u00ed zm\u011bny.<\/p>\n<p>Jako person\u00e1ln\u00ed konzultant pom\u00e1h\u00e1m firm\u00e1m rozv\u00edjet firemn\u00ed kulturu, komunikaci, person\u00e1ln\u00ed procesy a \u0159\u00edzen\u00ed lid\u00ed. Jako kou\u010d profesn\u00edho a osobn\u00edho rozvoje doprov\u00e1z\u00edm ty, kte\u0159\u00ed cht\u011bj\u00ed \u017e\u00edt \u0161\u0165astn\u00fd a \u00fasp\u011b\u0161n\u00fd p\u0159\u00edb\u011bh \u2013 doma i v pr\u00e1ci.<\/p>\n<p><a href=\"https:\/\/www.helenamackova.cz\/\">www.helenamackova.cz<\/a><\/p>\n<p>&nbsp;<\/p>\n<p>&nbsp;<\/p>\n<p><img loading=\"lazy\" decoding=\"async\" class=\"alignnone size-full wp-image-1298\" src=\"https:\/\/2018.brno.wordcamp.org\/files\/2018\/10\/Milan-Fiala.jpg\" alt=\"\" width=\"200\" height=\"200\" srcset=\"https:\/\/brno.wordcamp.org\/2018\/files\/2018\/10\/Milan-Fiala.jpg 200w, https:\/\/brno.wordcamp.org\/2018\/files\/2018\/10\/Milan-Fiala-150x150.jpg 150w, https:\/\/brno.wordcamp.org\/2018\/files\/2018\/10\/Milan-Fiala-100x100.jpg 100w\" sizes=\"auto, (max-width: 200px) 100vw, 200px\" \/><\/p>\n<h3><span style=\"color: #ff0000\">Milan Fiala<\/span><\/h3>\n<p>Jmenuji se Milan Fiala a moment\u00e1ln\u011b p\u016fsob\u00edm jako Country Manager pro N\u011bmecko v agentu\u0159e eVisions Advertising. Zab\u00fdv\u00e1m se hlavn\u011b n\u011bmeck\u00fdm trhem, nicm\u00e9n\u011b zku\u0161enosti m\u00e1m i s t\u00e9matem expanze jako takov\u00e9. Pravideln\u011b vystupuji na konferenc\u00ed SEO Restart, kde se zab\u00fdv\u00e1m odli\u0161tnostmi n\u011bmeck\u00e9ho online marketingu.<\/p>\n<p>&nbsp;<\/p>\n<p>&nbsp;<\/p>\n<p><img loading=\"lazy\" decoding=\"async\" class=\"alignnone size-full wp-image-1299\" src=\"https:\/\/2018.brno.wordcamp.org\/files\/2018\/10\/Katarina-Novotna.jpg\" alt=\"\" width=\"200\" height=\"200\" srcset=\"https:\/\/brno.wordcamp.org\/2018\/files\/2018\/10\/Katarina-Novotna.jpg 200w, https:\/\/brno.wordcamp.org\/2018\/files\/2018\/10\/Katarina-Novotna-150x150.jpg 150w, https:\/\/brno.wordcamp.org\/2018\/files\/2018\/10\/Katarina-Novotna-100x100.jpg 100w\" sizes=\"auto, (max-width: 200px) 100vw, 200px\" \/><\/p>\n<h3><span style=\"color: #ff0000\">Katarina Novotna<\/span><\/h3>\n<p>WordPress som objavila pribli\u017ene 7 rokov dozadu a bola to l\u00e1ska na prv\u00fd poh\u013ead. Viac ako 4 roky som akt\u00edvna vo WordPress komunite.<\/p>\n<p>Som organiz\u00e1torkou WordCamp Bratislava a pravideln\u00fdch Bratislavsk\u00fdch WordPress meetupov. Pracujem ako affiliate mana\u017e\u00e9r v sieti Dognet. Vo vo\u013enom \u010dase tvor\u00edm webov\u00e9 str\u00e1nky, blogujem na xkatka.sk a star\u00e1m sa o svoj eshop Vejare.sk. SEO, PPC a in\u00e9 skratky s\u00fa mi tie\u017e ve\u013emi bl\u00edzke. Bez internetu dok\u00e1\u017eem pre\u017ei\u0165 maxim\u00e1lne 3 dni #vyskusaneZaVas.<\/p>\n<p>&nbsp;<\/p>\n<p>&nbsp;<\/p>\n<p><img loading=\"lazy\" decoding=\"async\" class=\"alignnone size-full wp-image-1300\" src=\"https:\/\/2018.brno.wordcamp.org\/files\/2018\/10\/Ludmila-Navr\u00e1tilov\u00e1.jpg\" alt=\"\" width=\"200\" height=\"200\" srcset=\"https:\/\/brno.wordcamp.org\/2018\/files\/2018\/10\/Ludmila-Navr\u00e1tilov\u00e1.jpg 200w, https:\/\/brno.wordcamp.org\/2018\/files\/2018\/10\/Ludmila-Navr\u00e1tilov\u00e1-150x150.jpg 150w, https:\/\/brno.wordcamp.org\/2018\/files\/2018\/10\/Ludmila-Navr\u00e1tilov\u00e1-100x100.jpg 100w\" sizes=\"auto, (max-width: 200px) 100vw, 200px\" \/><\/p>\n<h3><span style=\"color: #ff0000\">Ludmila Navr\u00e1tilov\u00e1<\/span><\/h3>\n<p>\u201eKdy\u017e jsem v roce 2008 odjela studovat do Francie mezin\u00e1rodn\u00ed marketing nev\u011bd\u011bla jsem, \u017ee m\u011b studovan\u00e1 oblast ovlivn\u00ed a chytne natolik, \u017ee t\u00e9ma chov\u00e1n\u00ed z\u00e1kazn\u00edk\u016f se zam\u011b\u0159en\u00edm na jejich kulturn\u00ed kontext budu rozv\u00edjet i v \u010cesk\u00e9 republice a zvl\u00e1dnu doktor\u00e1t.\u201c<br \/>\nLudmila p\u0159edn\u00e1\u0161\u00ed na NEWTON College v Brn\u011b i Praze, kde z\u00e1rove\u0148 p\u016fsob\u00ed jako garantka skupiny marketingov\u00fdch p\u0159edm\u011bt\u016f. Bav\u00ed ji posouvat osobn\u00ed i profesn\u00ed hranice sebe i sv\u00fdch student\u016f a u\u010dit hlavn\u011b prakticky.<\/p>\n<p>&nbsp;<\/p>\n<p><img loading=\"lazy\" decoding=\"async\" class=\"alignnone size-full wp-image-1301\" src=\"https:\/\/2018.brno.wordcamp.org\/files\/2018\/10\/Marek-\u010cevel\u00ed\u010dek.jpg\" alt=\"\" width=\"200\" height=\"200\" srcset=\"https:\/\/brno.wordcamp.org\/2018\/files\/2018\/10\/Marek-\u010cevel\u00ed\u010dek.jpg 200w, https:\/\/brno.wordcamp.org\/2018\/files\/2018\/10\/Marek-\u010cevel\u00ed\u010dek-150x150.jpg 150w, https:\/\/brno.wordcamp.org\/2018\/files\/2018\/10\/Marek-\u010cevel\u00ed\u010dek-100x100.jpg 100w\" sizes=\"auto, (max-width: 200px) 100vw, 200px\" \/><\/p>\n<h3><span style=\"color: #ff0000\">Marek \u010cevel\u00ed\u010dek<\/span><\/h3>\n<p>14 let tvo\u0159\u00edm weby. 10 let vedu Liquid Design \u2013\u00a0<a href=\"https:\/\/www.lqd.cz\/\">www.lqd.cz<\/a>. Pod rukama mi pro\u0161ly stovky web\u016f. \u0158e\u0161\u00edm UX a hlavn\u011b spr\u00e1vnou p\u0159\u00edpravu p\u0159ed tvorbou webu.<\/p>\n<p>&nbsp;<\/p>\n<p>&nbsp;<\/p>\n<p><img loading=\"lazy\" decoding=\"async\" class=\"alignnone size-full wp-image-1303\" src=\"https:\/\/2018.brno.wordcamp.org\/files\/2018\/10\/Marek-Da\u0148ko.jpg\" alt=\"\" width=\"200\" height=\"200\" srcset=\"https:\/\/brno.wordcamp.org\/2018\/files\/2018\/10\/Marek-Da\u0148ko.jpg 200w, https:\/\/brno.wordcamp.org\/2018\/files\/2018\/10\/Marek-Da\u0148ko-150x150.jpg 150w, https:\/\/brno.wordcamp.org\/2018\/files\/2018\/10\/Marek-Da\u0148ko-100x100.jpg 100w\" sizes=\"auto, (max-width: 200px) 100vw, 200px\" \/><\/p>\n<h3><span style=\"color: #ff0000\">Marek Da\u0148ko<\/span><\/h3>\n<p>S WordPress som v akt\u00edvnom kontakte od roku 2014, kedy som potreboval r\u00fdchlo vytvori\u0165 webstr\u00e1nku. Po tom ako som objavil jednoduchos\u0165 a modul\u00e1rnos\u0165 tohto syst\u00e9mu som zmenil zamestnanie a moment\u00e1lne sa v \u00falohe projekt mana\u017e\u00e9ra venujem WordPress webov\u00fdm projektom na plno u\u017e viac ako 2 roky. V tomto roku som bol organiz\u00e1torom premi\u00e9rov\u00e9ho WordCampu v Ko\u0161iciach a tie\u017e sa podie\u013eam na organz\u00e1ci\u00ed WordPress meetupov.<\/p>\n<p>&nbsp;<\/p>\n<p>&nbsp;<\/p>\n<p><img loading=\"lazy\" decoding=\"async\" class=\"alignnone size-full wp-image-1304\" src=\"https:\/\/2018.brno.wordcamp.org\/files\/2018\/10\/Martin-Dost\u00e1l.jpg\" alt=\"\" width=\"200\" height=\"200\" srcset=\"https:\/\/brno.wordcamp.org\/2018\/files\/2018\/10\/Martin-Dost\u00e1l.jpg 200w, https:\/\/brno.wordcamp.org\/2018\/files\/2018\/10\/Martin-Dost\u00e1l-150x150.jpg 150w, https:\/\/brno.wordcamp.org\/2018\/files\/2018\/10\/Martin-Dost\u00e1l-100x100.jpg 100w\" sizes=\"auto, (max-width: 200px) 100vw, 200px\" \/><\/p>\n<h3><span style=\"color: #ff0000\">Martin Dost\u00e1l<\/span><\/h3>\n<p>Podnikatel, konzultant a \u0159e\u010dn\u00edk. Autor projekt\u016f\u00a0<a href=\"https:\/\/www.vyfakturuj.cz\/\">Vyfakturuj.cz<\/a>\u00a0a\u00a0<a href=\"https:\/\/www.simpleshop.cz\/\">SimpleShop.cz<\/a>. Specializuje se automatizovan\u00e9 online podnik\u00e1n\u00ed a m\u00e1 mnoholet\u00e9 zku\u0161enosti s budov\u00e1n\u00edm z\u00e1kaznicky p\u0159\u00edv\u011btiv\u00fdch aplikac\u00ed. Moment\u00e1ln\u011b se naplno v\u011bnuje projektu SimpleShop, proto\u017ee v\u011b\u0159\u00ed, \u017ee prod\u00e1vat jednodu\u0161e online m\u016f\u017ee ka\u017ed\u00fd.<\/p>\n<p>&nbsp;<\/p>\n<p>&nbsp;<\/p>\n<p><img loading=\"lazy\" decoding=\"async\" class=\"alignnone size-full wp-image-1305\" src=\"https:\/\/2018.brno.wordcamp.org\/files\/2018\/10\/Matej-Kravjar.jpeg\" alt=\"\" width=\"200\" height=\"200\" srcset=\"https:\/\/brno.wordcamp.org\/2018\/files\/2018\/10\/Matej-Kravjar.jpeg 200w, https:\/\/brno.wordcamp.org\/2018\/files\/2018\/10\/Matej-Kravjar-150x150.jpeg 150w, https:\/\/brno.wordcamp.org\/2018\/files\/2018\/10\/Matej-Kravjar-100x100.jpeg 100w\" sizes=\"auto, (max-width: 200px) 100vw, 200px\" \/><\/p>\n<h3><span style=\"color: #ff0000\">Matej Kravjar<\/span><\/h3>\n<p>Programuje v slobodnej firme Webikon, kde sa star\u00e1 najm\u00e4 o platobn\u00e9 br\u00e1ny pre WooCommerce. Predt\u00fdm sa venoval v\u00fdvoju jadra u l\u00eddra na trhu antiv\u00edrusov, v slovenskej firme ESET. M\u00e1 r\u00e1d k\u00f3d, ktor\u00fd sa \u010d\u00edta s\u00e1m, plnen\u00e9 kur\u010da so zemiakmi a \u013eud\u00ed, s ktor\u00fdmi sa d\u00e1 porozpr\u00e1va\u0165 o \u010domko\u013evek. Te\u0161\u00ed sa na svoj predn\u00e1\u0161kov\u00fd debut na p\u00f4de WordCampu Brno.<\/p>\n<p>&nbsp;<\/p>\n<p>&nbsp;<\/p>\n<p><img loading=\"lazy\" decoding=\"async\" class=\"alignnone size-full wp-image-1306\" src=\"https:\/\/2018.brno.wordcamp.org\/files\/2018\/10\/Matej-Zeliska.jpg\" alt=\"\" width=\"200\" height=\"200\" srcset=\"https:\/\/brno.wordcamp.org\/2018\/files\/2018\/10\/Matej-Zeliska.jpg 200w, https:\/\/brno.wordcamp.org\/2018\/files\/2018\/10\/Matej-Zeliska-150x150.jpg 150w, https:\/\/brno.wordcamp.org\/2018\/files\/2018\/10\/Matej-Zeliska-100x100.jpg 100w\" sizes=\"auto, (max-width: 200px) 100vw, 200px\" \/><\/p>\n<h3><span style=\"color: #ff0000\">Matej Zeliska<\/span><\/h3>\n<p>Hovoril som si \u201ecopywriter\u201c, k\u00fdm mi nesvitlo, \u017ee od copywritera nikto ne\u010dak\u00e1:<br \/>\na) zvedavos\u0165 a r\u00fdpav\u00e9 ot\u00e1zky typu \u201ea pre\u010do to vlastne chcete urobi\u0165 takto?\u201c<br \/>\nb) trvanie sa na tom, \u017ee rie\u0161enia treba navrhova\u0165 so z\u00e1kazn\u00edkmi a nestava\u0165 na domnienkach,<br \/>\nc) intenz\u00edvne fu\u0161ovanie do oblast\u00ed ako UX design, SEO, obsahov\u00e1 strat\u00e9gia \u010di brand strat\u00e9gia.<\/p>\n<p>Posledn\u00fdch 10 mesiacov m\u00e1m \u0161\u0165astie, \u017ee si m\u00f4\u017eem hovori\u0165 \u201es\u00fa\u010das\u0165 t\u00edmu P\u00e1ben\u00ed\u201c. A \u017ee v P\u00e1ben\u00ed pom\u00e1hame firm\u00e1m navrhova\u0165 lep\u0161ie slu\u017eby a produkty. Za t\u00fdch 10 mesiacov som sa nau\u010dil hromadu hust\u00fdch vec\u00ed, ktor\u00e9 chcem s vami, WordPress\u00e1kmi zdie\u013ea\u0165.<\/p>\n<p>Preto\u017ee v h\u013abke du\u0161e budem aj ja nav\u017edy WordPress\u00e1k.<\/p>\n<p>&nbsp;<\/p>\n<p>&nbsp;<\/p>\n<p><img loading=\"lazy\" decoding=\"async\" class=\"alignnone size-full wp-image-1308\" src=\"https:\/\/2018.brno.wordcamp.org\/files\/2018\/10\/Pavel-Cahl\u00edk-1.jpg\" alt=\"\" width=\"200\" height=\"200\" srcset=\"https:\/\/brno.wordcamp.org\/2018\/files\/2018\/10\/Pavel-Cahl\u00edk-1.jpg 200w, https:\/\/brno.wordcamp.org\/2018\/files\/2018\/10\/Pavel-Cahl\u00edk-1-150x150.jpg 150w, https:\/\/brno.wordcamp.org\/2018\/files\/2018\/10\/Pavel-Cahl\u00edk-1-100x100.jpg 100w\" sizes=\"auto, (max-width: 200px) 100vw, 200px\" \/><\/p>\n<h3><span style=\"color: #ff0000\">Pavel Cahl\u00edk<\/span><\/h3>\n<p>Pracoval jsem v agentur\u00e1ch, u klient\u016f i na voln\u00e9 noze. Jsem odkojen onlinem, ale v\u00edm, jak d\u016fle\u017eit\u00fd je i offline sv\u011bt. R\u00e1d pom\u00e1h\u00e1m zna\u010dk\u00e1m naj\u00edt jejich podstatu a vylep\u0161it tak jejich v\u00fdkonnost.<\/p>\n<p>&nbsp;<\/p>\n<p>&nbsp;<\/p>\n<p><img loading=\"lazy\" decoding=\"async\" class=\"alignnone size-full wp-image-1309\" src=\"https:\/\/2018.brno.wordcamp.org\/files\/2018\/10\/Pavel-Ungr.jpg\" alt=\"\" width=\"200\" height=\"200\" srcset=\"https:\/\/brno.wordcamp.org\/2018\/files\/2018\/10\/Pavel-Ungr.jpg 200w, https:\/\/brno.wordcamp.org\/2018\/files\/2018\/10\/Pavel-Ungr-150x150.jpg 150w, https:\/\/brno.wordcamp.org\/2018\/files\/2018\/10\/Pavel-Ungr-100x100.jpg 100w\" sizes=\"auto, (max-width: 200px) 100vw, 200px\" \/><\/p>\n<h3><span style=\"color: #ff0000\">Pavel Ungr<\/span><\/h3>\n<p>&nbsp;<\/p>\n<p>&nbsp;<\/p>\n<p><img loading=\"lazy\" decoding=\"async\" class=\"alignnone wp-image-1003 size-thumbnail\" src=\"https:\/\/2018.brno.wordcamp.org\/files\/2018\/10\/IMG_5893-150x150.jpg\" alt=\"\" width=\"200\" height=\"200\" srcset=\"https:\/\/brno.wordcamp.org\/2018\/files\/2018\/10\/IMG_5893-150x150.jpg 150w, https:\/\/brno.wordcamp.org\/2018\/files\/2018\/10\/IMG_5893-100x100.jpg 100w\" sizes=\"auto, (max-width: 200px) 100vw, 200px\" \/><\/p>\n<h3><span style=\"color: #ff0000\">Tom\u00e1\u0161 Taja Brza<\/span><\/h3>\n<p>Napriek v\u00e1\u0161ni k programovaniu a navrhovaniu softv\u00e9rovej architekt\u00fary, som sa po vy\u0161tudovan\u00ed informatiky rozhodol ubra\u0165 psychologickej\u0161\u00edm smerom a za\u010dal som sa zauj\u00edma\u0165 o pou\u017e\u00edvate\u013esk\u00fd z\u00e1\u017eitok (User Experience). Pre\u0161iel som si cez rolu UX dizajn\u00e9ra a aktu\u00e1lne pracujem ako UX v\u00fdskumn\u00edk v ma\u010farskej firme Prezi.<\/p>\n<p>Slovensk\u00e1 komunita mi dala ve\u013ea, a preto pova\u017eujem za d\u00f4le\u017eit\u00e9 vr\u00e1ti\u0165 nie\u010do nasp\u00e4\u0165, rozv\u00edja\u0165 ju a pom\u00e1ha\u0165 druh\u00fdm. Vo vo\u013enom \u010dase organizujem pravideln\u00e9 stretnutia, cielen\u00e9 ako na profesion\u00e1lov, tak aj na za\u010diato\u010dn\u00edkov v User Experience odbore. Okrem toho mentorujem \u0161tudentov na Slovensku a v Ma\u010farsku vo v\u00fdskume a dizajne zameranom na pou\u017eite\u013enos\u0165.<\/p>\n<p>&nbsp;<\/p>\n<p>&nbsp;<\/p>\n<p><img loading=\"lazy\" decoding=\"async\" class=\"alignnone size-full wp-image-1312\" src=\"https:\/\/2018.brno.wordcamp.org\/files\/2018\/10\/Vladislav-Mus\u00edlek.jpg\" alt=\"\" width=\"200\" height=\"200\" srcset=\"https:\/\/brno.wordcamp.org\/2018\/files\/2018\/10\/Vladislav-Mus\u00edlek.jpg 200w, https:\/\/brno.wordcamp.org\/2018\/files\/2018\/10\/Vladislav-Mus\u00edlek-150x150.jpg 150w, https:\/\/brno.wordcamp.org\/2018\/files\/2018\/10\/Vladislav-Mus\u00edlek-100x100.jpg 100w\" sizes=\"auto, (max-width: 200px) 100vw, 200px\" \/><\/p>\n<h3><span style=\"color: #ff0000\">Vladislav Mus\u00edlek<\/span><\/h3>\n<p>&nbsp;<\/p>\n<p>&nbsp;<\/p>\n<p><img loading=\"lazy\" decoding=\"async\" class=\"alignnone size-full wp-image-1313\" src=\"https:\/\/2018.brno.wordcamp.org\/files\/2018\/10\/Vlastimil-Ott.jpg\" alt=\"\" width=\"200\" height=\"200\" srcset=\"https:\/\/brno.wordcamp.org\/2018\/files\/2018\/10\/Vlastimil-Ott.jpg 200w, https:\/\/brno.wordcamp.org\/2018\/files\/2018\/10\/Vlastimil-Ott-150x150.jpg 150w, https:\/\/brno.wordcamp.org\/2018\/files\/2018\/10\/Vlastimil-Ott-100x100.jpg 100w\" sizes=\"auto, (max-width: 200px) 100vw, 200px\" \/><\/p>\n<h3><span style=\"color: #ff0000\">Vlastimil Ott<\/span><\/h3>\n<p>Od roku 2015 buduje firmu WP-admin.cz, kter\u00e1 bude nejlep\u0161\u00ed na spr\u00e1vu<br \/>\nWordPress\u016f. WordPressem \u017eije!<\/p>\n<p>&nbsp;<\/p>\n<p>&nbsp;<\/p>\n<p><img loading=\"lazy\" decoding=\"async\" class=\"alignnone size-full wp-image-1314\" src=\"https:\/\/2018.brno.wordcamp.org\/files\/2018\/10\/R\u00f3bert-Jurinek.jpg\" alt=\"\" width=\"200\" height=\"200\" srcset=\"https:\/\/brno.wordcamp.org\/2018\/files\/2018\/10\/R\u00f3bert-Jurinek.jpg 200w, https:\/\/brno.wordcamp.org\/2018\/files\/2018\/10\/R\u00f3bert-Jurinek-150x150.jpg 150w, https:\/\/brno.wordcamp.org\/2018\/files\/2018\/10\/R\u00f3bert-Jurinek-100x100.jpg 100w\" sizes=\"auto, (max-width: 200px) 100vw, 200px\" \/><\/p>\n<h3><span style=\"color: #ff0000\">R\u00f3bert Jurinek<\/span><\/h3>\n<p>&nbsp;<\/p>\n","protected":false},"excerpt":{"rendered":"<p>Marcos Antonio Schratzenstaller &nbsp; &nbsp; Vladim\u00edr Sm\u00edtka &nbsp; &nbsp; Helena Mackov\u00e1 Osobn\u00ed kou\u010d pro talent, kari\u00e9ru a osobn\u00ed \u0161t\u011bst\u00ed. Person\u00e1ln\u00ed konzultant pro firemn\u00ed zm\u011bny. Jako person\u00e1ln\u00ed konzultant pom\u00e1h\u00e1m firm\u00e1m rozv\u00edjet firemn\u00ed kulturu, komunikaci, person\u00e1ln\u00ed procesy a \u0159\u00edzen\u00ed lid\u00ed. Jako kou\u010d profesn\u00edho a osobn\u00edho rozvoje doprov\u00e1z\u00edm ty, kte\u0159\u00ed cht\u011bj\u00ed \u017e\u00edt \u0161\u0165astn\u00fd a \u00fasp\u011b\u0161n\u00fd p\u0159\u00edb\u011bh \u2013 doma &hellip; <\/p>\n<p class=\"link-more\"><a href=\"https:\/\/brno.wordcamp.org\/2018\/spikri\/\" class=\"more-link\">Pokra\u010dovat ve \u010dten\u00ed<span class=\"screen-reader-text\"> &#8222;Sp\u00edk\u0159i&#8220;<\/span><\/a><\/p>\n","protected":false},"author":14905384,"featured_media":0,"parent":0,"menu_order":0,"comment_status":"closed","ping_status":"closed","template":"","meta":{"jetpack_post_was_ever_published":false,"footnotes":""},"class_list":["post-8","page","type-page","status-publish","hentry"],"jetpack_sharing_enabled":true,"jetpack_shortlink":"https:\/\/wp.me\/P9Qqjj-8","_links":{"self":[{"href":"https:\/\/brno.wordcamp.org\/2018\/wp-json\/wp\/v2\/pages\/8","targetHints":{"allow":["GET"]}}],"collection":[{"href":"https:\/\/brno.wordcamp.org\/2018\/wp-json\/wp\/v2\/pages"}],"about":[{"href":"https:\/\/brno.wordcamp.org\/2018\/wp-json\/wp\/v2\/types\/page"}],"author":[{"embeddable":true,"href":"https:\/\/brno.wordcamp.org\/2018\/wp-json\/wp\/v2\/users\/14905384"}],"replies":[{"embeddable":true,"href":"https:\/\/brno.wordcamp.org\/2018\/wp-json\/wp\/v2\/comments?post=8"}],"version-history":[{"count":9,"href":"https:\/\/brno.wordcamp.org\/2018\/wp-json\/wp\/v2\/pages\/8\/revisions"}],"predecessor-version":[{"id":1334,"href":"https:\/\/brno.wordcamp.org\/2018\/wp-json\/wp\/v2\/pages\/8\/revisions\/1334"}],"wp:attachment":[{"href":"https:\/\/brno.wordcamp.org\/2018\/wp-json\/wp\/v2\/media?parent=8"}],"curies":[{"name":"wp","href":"https:\/\/api.w.org\/{rel}","templated":true}]}}