{"id":189,"date":"2018-06-04T10:32:56","date_gmt":"2018-06-04T08:32:56","guid":{"rendered":"https:\/\/2018.brno.wordcamp.org\/?page_id=189"},"modified":"2018-10-16T20:25:52","modified_gmt":"2018-10-16T18:25:52","slug":"camp-jako-brno","status":"publish","type":"page","link":"https:\/\/brno.wordcamp.org\/2018\/","title":{"rendered":"#Camp jako Brno"},"content":{"rendered":"<h2>Co je WordCamp?<\/h2>\n<p>Ka\u017ed\u00fd rok se po cel\u00e9m sv\u011bte konaj\u00ed WordCamp konference &#8211; setk\u00e1n\u00ed v\u00fdvoj\u00e1\u0159\u016f, u\u017eivatel\u016f a hlavn\u011b nad\u0161enc\u016f kolem redak\u010dn\u00edho syst\u00e9mu WordPress. Tyto konference se konaj\u00ed pod ofici\u00e1ln\u00ed z\u00e1\u0161titou WordPress.org centr\u00e1ly a po\u0159\u00e1daj\u00ed je m\u00edstn\u00ed dobrovoln\u00edci.<\/p>\n<h2>Pro\u010d WordPress?<\/h2>\n<p>WordPress je bezplatn\u00fd, snadno pou\u017eiteln\u00fd open source n\u00e1stroj pro v\u00fdvoj web\u016f a spr\u00e1vu jejich obsahu. Jedn\u00e1 se o nejpopul\u00e1rn\u011bj\u0161\u00ed syst\u00e9m pro editaci webov\u00e9ho obsahu (CMS) na sv\u011bt\u011b \u2013 vyu\u017e\u00edv\u00e1 ho 27% v\u0161ech webov\u00fdch str\u00e1nek. Na WordPressu m\u016f\u017eete postavit cokoliv \u2013 od mal\u00e9ho blogu po ofici\u00e1ln\u00ed webov\u00e9 str\u00e1nky New York Times.<\/p>\n<h2>WordCamp Brno<\/h2>\n<p>V leto\u0161n\u00edm roce se uskute\u010dn\u00ed druh\u00fd ro\u010dn\u00edk WordCamp Brno \u2013 celkov\u011b ji\u017e \u0161est\u00fd WordCamp v \u010cesk\u00e9 republice. Prvn\u00ed \u010dty\u0159i se konali v Praze. N\u00e1\u0161 WordCamp se uskute\u010dn\u00ed na p\u016fd\u011b Fakulty stavebn\u00ed Vysok\u00e9ho u\u010den\u00ed technick\u00e9ho v Brn\u011b.<\/p>\n<h2>\u00da\u010dastn\u00edci<\/h2>\n<ul>\n<li>\u00da\u010dastn\u00edci konference jsou p\u0159ev\u00e1\u017en\u011b:<\/li>\n<li>Program\u00e1to\u0159i a v\u00fdvoj\u00e1\u0159i webov\u00fdch aplikac\u00ed,<br \/>\npracovn\u00edci v oblasti informa\u010dn\u00edch technologi\u00ed a bezpe\u010dnostn\u00ed in\u017een\u00fd\u0159i,<\/li>\n<li>zam\u011bstnanci a profesion\u00e1lov\u00e9 z oblasti marketingu &#8211;<br \/>\ndesign\u00e9\u0159i, copywrite\u0159i, PRist\u00e9, brand manage\u0159i, konzultanti,&#8230;<\/li>\n<li>a bloge\u0159i.<\/li>\n<\/ul>\n<h2>Program<\/h2>\n<p>Program WordCamp Brno 2018 je zde: <a href=\"https:\/\/2018.brno.wordcamp.org\/program\/\">Program<\/a><\/p>\n<h2>M\u00edsto kon\u00e1n\u00ed<\/h2>\n<p>Brn\u011bnsk\u00fd WordCamp 2018 bude prob\u00edhat v sobotu 20. \u0159\u00edjna v prostor\u00e1ch\u00a0<a href=\"http:\/\/www.fce.vutbr.cz\/\">FAST VUT v Brn\u011b<\/a>\u00a0na n\u00ed\u017ee uveden\u00e9 adrese:<\/p>\n<p>Fakulta Stavebn\u00ed VUT (FAST),<br \/>\nVeve\u0159\u00ed 331\/95,<br \/>\n602 00 Brno<\/p>\n<p>V\u00edce info na str\u00e1nce\u00a0<a href=\"https:\/\/2018.brno.wordcamp.org\/kde-to-bude\/\">Kde to bude?<\/a><\/p>\n","protected":false},"excerpt":{"rendered":"<p>Co je WordCamp? Ka\u017ed\u00fd rok se po cel\u00e9m sv\u011bte konaj\u00ed WordCamp konference &#8211; setk\u00e1n\u00ed v\u00fdvoj\u00e1\u0159\u016f, u\u017eivatel\u016f a hlavn\u011b nad\u0161enc\u016f kolem redak\u010dn\u00edho syst\u00e9mu WordPress. Tyto konference se konaj\u00ed pod ofici\u00e1ln\u00ed z\u00e1\u0161titou WordPress.org centr\u00e1ly a po\u0159\u00e1daj\u00ed je m\u00edstn\u00ed dobrovoln\u00edci. Pro\u010d WordPress? WordPress je bezplatn\u00fd, snadno pou\u017eiteln\u00fd open source n\u00e1stroj pro v\u00fdvoj web\u016f a spr\u00e1vu jejich obsahu. Jedn\u00e1 &hellip; <\/p>\n<p class=\"link-more\"><a href=\"https:\/\/brno.wordcamp.org\/2018\/\" class=\"more-link\">Pokra\u010dovat ve \u010dten\u00ed<span class=\"screen-reader-text\"> &#8222;#Camp jako Brno&#8220;<\/span><\/a><\/p>\n","protected":false},"author":15814277,"featured_media":0,"parent":0,"menu_order":0,"comment_status":"closed","ping_status":"closed","template":"","meta":{"jetpack_post_was_ever_published":false,"footnotes":""},"class_list":["post-189","page","type-page","status-publish","hentry"],"jetpack_sharing_enabled":true,"jetpack_shortlink":"https:\/\/wp.me\/P9Qqjj-33","_links":{"self":[{"href":"https:\/\/brno.wordcamp.org\/2018\/wp-json\/wp\/v2\/pages\/189","targetHints":{"allow":["GET"]}}],"collection":[{"href":"https:\/\/brno.wordcamp.org\/2018\/wp-json\/wp\/v2\/pages"}],"about":[{"href":"https:\/\/brno.wordcamp.org\/2018\/wp-json\/wp\/v2\/types\/page"}],"author":[{"embeddable":true,"href":"https:\/\/brno.wordcamp.org\/2018\/wp-json\/wp\/v2\/users\/15814277"}],"replies":[{"embeddable":true,"href":"https:\/\/brno.wordcamp.org\/2018\/wp-json\/wp\/v2\/comments?post=189"}],"version-history":[{"count":6,"href":"https:\/\/brno.wordcamp.org\/2018\/wp-json\/wp\/v2\/pages\/189\/revisions"}],"predecessor-version":[{"id":1131,"href":"https:\/\/brno.wordcamp.org\/2018\/wp-json\/wp\/v2\/pages\/189\/revisions\/1131"}],"wp:attachment":[{"href":"https:\/\/brno.wordcamp.org\/2018\/wp-json\/wp\/v2\/media?parent=189"}],"curies":[{"name":"wp","href":"https:\/\/api.w.org\/{rel}","templated":true}]}}