{"id":12,"date":"2018-04-17T08:40:01","date_gmt":"2018-04-17T06:40:01","guid":{"rendered":"https:\/\/2018.brno.wordcamp.org\/organizers\/"},"modified":"2018-10-19T10:59:34","modified_gmt":"2018-10-19T08:59:34","slug":"organizatori","status":"publish","type":"page","link":"https:\/\/brno.wordcamp.org\/2018\/organizatori\/","title":{"rendered":"Organiz\u00e1to\u0159i"},"content":{"rendered":"\r\n<div class=\"wp-block-image\">\r\n<figure class=\"alignleft\"><img loading=\"lazy\" decoding=\"async\" width=\"200\" height=\"200\" class=\"wp-image-1191\" src=\"https:\/\/2018.brno.wordcamp.org\/files\/2018\/10\/21231321_1450829821633160_4758282164347609371_n-5.jpg\" alt=\"\" srcset=\"https:\/\/brno.wordcamp.org\/2018\/files\/2018\/10\/21231321_1450829821633160_4758282164347609371_n-5.jpg 200w, https:\/\/brno.wordcamp.org\/2018\/files\/2018\/10\/21231321_1450829821633160_4758282164347609371_n-5-150x150.jpg 150w, https:\/\/brno.wordcamp.org\/2018\/files\/2018\/10\/21231321_1450829821633160_4758282164347609371_n-5-100x100.jpg 100w\" sizes=\"auto, (max-width: 200px) 100vw, 200px\" \/><\/figure>\r\n<\/div>\r\n\r\n<h3><span style=\"color: #ff0000\">David Dirb\u00e1k \u2013 N\u00c1\u010cELN\u00cdK<\/span><\/h3>\r\n<p>Jsem obchodn\u00edk a WP \u00a0nab\u00edz\u00edm jako nejlep\u0161\u00ed \u0159e\u0161en\u00ed pro klienta. WP filozofie a komunita mne oslovila ji\u017e p\u0159ed X lety na WC Bratislava a od t\u00e9 doby se ucastnim WP akc\u00ed jako poslucha\u010d i jako organiz\u00e1tor.<\/p>\r\n<p>&nbsp;<\/p>\r\n<p>&nbsp;<\/p>\r\n<p>&nbsp;<\/p>\r\n\r\n<div class=\"wp-block-image\">\r\n<figure class=\"alignleft\"><img loading=\"lazy\" decoding=\"async\" width=\"200\" height=\"200\" class=\"wp-image-1192\" src=\"https:\/\/2018.brno.wordcamp.org\/files\/2018\/10\/profilovka-1.jpg\" alt=\"\" srcset=\"https:\/\/brno.wordcamp.org\/2018\/files\/2018\/10\/profilovka-1.jpg 200w, https:\/\/brno.wordcamp.org\/2018\/files\/2018\/10\/profilovka-1-150x150.jpg 150w, https:\/\/brno.wordcamp.org\/2018\/files\/2018\/10\/profilovka-1-100x100.jpg 100w\" sizes=\"auto, (max-width: 200px) 100vw, 200px\" \/><\/figure>\r\n<\/div>\r\n\r\n<h3><span style=\"color: #ff0000\">Bruno Dirb\u00e1k<\/span><\/h3>\r\n<p>R\u00e1d tvo\u0159\u00edm super weby na WordPress. Jsem studentem st\u0159edn\u00ed \u0161koly IT. Bav\u00ed m\u011b proch\u00e1zky do p\u0159\u00edrody, proto\u017ee ka\u017ed\u00e1 proch\u00e1zka \u010di v\u00fdlet je jin\u00fd a p\u0159inese v\u017edy \u010dlov\u011bku n\u011bco zaj\u00edmav\u00e9ho, nov\u00e9ho a taky p\u0159i ni dostane skv\u011bl\u00e9 n\u00e1pady.<\/p>\r\n<p>&nbsp;<\/p>\r\n<p>&nbsp;<\/p>\r\n<p>&nbsp;<\/p>\r\n\r\n<div class=\"wp-block-image\">\r\n<figure class=\"alignleft\"><img loading=\"lazy\" decoding=\"async\" width=\"200\" height=\"200\" class=\"wp-image-1193\" src=\"https:\/\/2018.brno.wordcamp.org\/files\/2018\/10\/mhr.jpg\" alt=\"\" srcset=\"https:\/\/brno.wordcamp.org\/2018\/files\/2018\/10\/mhr.jpg 200w, https:\/\/brno.wordcamp.org\/2018\/files\/2018\/10\/mhr-150x150.jpg 150w, https:\/\/brno.wordcamp.org\/2018\/files\/2018\/10\/mhr-100x100.jpg 100w\" sizes=\"auto, (max-width: 200px) 100vw, 200px\" \/><\/figure>\r\n<\/div>\r\n\r\n<h3><span style=\"color: #ff0000\">Michal Hrub\u00fd<\/span><\/h3>\r\n<p>Spr\u00e1vce IT, kter\u00fd se ve voln\u00e9m \u010dase v\u011bnuje tvorb\u011b web\u016f na WordPressu, se kter\u00fdm se poprv\u00e9 setkal p\u0159ed p\u0159ed 5 lety a od t\u00e9 doby je to jeho nejlep\u0161\u00ed redak\u010dn\u00ed syt\u00e9m. V listopadu o\u010dek\u00e1v\u00e1 narozen\u00ed dal\u0161\u00edho WordPress milovn\u00edka.<\/p>\r\n<p>&nbsp;<\/p>\r\n<p>&nbsp;<\/p>\r\n<p>&nbsp;<\/p>\r\n\r\n<div class=\"wp-block-image\">\r\n<figure class=\"alignleft\"><img loading=\"lazy\" decoding=\"async\" width=\"200\" height=\"200\" class=\"wp-image-1195\" src=\"https:\/\/2018.brno.wordcamp.org\/files\/2018\/10\/daniel-1.jpg\" alt=\"\" srcset=\"https:\/\/brno.wordcamp.org\/2018\/files\/2018\/10\/daniel-1.jpg 200w, https:\/\/brno.wordcamp.org\/2018\/files\/2018\/10\/daniel-1-150x150.jpg 150w, https:\/\/brno.wordcamp.org\/2018\/files\/2018\/10\/daniel-1-100x100.jpg 100w\" sizes=\"auto, (max-width: 200px) 100vw, 200px\" \/><\/figure>\r\n<\/div>\r\n\r\n<h3><span style=\"color: #ff0000\">Daniel Koch<\/span><\/h3>\r\n<p>Jsem student, kter\u00fd aktu\u00e1ln\u011b p\u0159ech\u00e1z\u00ed z VUT na MUNI. Pracuji v agentu\u0159e a na voln\u00e9 noze, kde se u\u017e p\u00e1r let \u017eiv\u00edm v\u00fdvojem web\u016f na WP. WordPress byl pro m\u011b ze za\u010d\u00e1tku pouze kon\u00ed\u010dek, ale jak jsem zjistil, jak\u00e9 mo\u017enosti WP nab\u00edz\u00ed, jsem se za\u010dal v\u00fdvojem \u017eivit. R\u00e1d sportuji a zaj\u00edm\u00e1m se tak\u00e9 o Marketing, soci\u00e1ln\u00ed s\u00edt\u011b a UX.<\/p>\r\n<p>&nbsp;<\/p>\r\n<p>&nbsp;<\/p>\r\n<p>&nbsp;<\/p>\r\n\r\n<div class=\"wp-block-image\">\r\n<figure class=\"alignleft\"><img loading=\"lazy\" decoding=\"async\" width=\"200\" height=\"200\" class=\"wp-image-1196\" src=\"https:\/\/2018.brno.wordcamp.org\/files\/2018\/10\/jano.jpg\" alt=\"\" srcset=\"https:\/\/brno.wordcamp.org\/2018\/files\/2018\/10\/jano.jpg 200w, https:\/\/brno.wordcamp.org\/2018\/files\/2018\/10\/jano-150x150.jpg 150w, https:\/\/brno.wordcamp.org\/2018\/files\/2018\/10\/jano-100x100.jpg 100w\" sizes=\"auto, (max-width: 200px) 100vw, 200px\" \/><\/figure>\r\n<\/div>\r\n\r\n<h3><span style=\"color: #ff0000\">J\u00e1n Bo\u010d\u00ednec<\/span><\/h3>\r\n<p>Internet pon\u00faka ve\u013emi \u0161irok\u00e9 spektrum mo\u017enost\u00ed a preto sa ako webov\u00fd architekt sna\u017e\u00edm h\u013eada\u0165 technicky najlep\u0161ie a najefekt\u00edvnej\u0161ie rie\u0161enia pre moje projekty. WordPress komunita je ve\u013emi \u017eiv\u00e1 a pestr\u00e1 a to je aj jeden z d\u00f4vodov pre\u010do ma bav\u00ed \u00fa\u010dastni\u0165 sa a organizova\u0165 komunitn\u00e9 akcie, ak\u00fdmi s\u00fa r\u00f4zne stretnutia a konferencie.<\/p>\r\n<p>&nbsp;<\/p>\r\n<p>&nbsp;<\/p>\r\n<p>&nbsp;<\/p>\r\n\r\n<div class=\"wp-block-image\">\r\n<figure class=\"alignleft\"><img loading=\"lazy\" decoding=\"async\" width=\"200\" height=\"200\" class=\"wp-image-1266\" src=\"https:\/\/2018.brno.wordcamp.org\/files\/2018\/10\/vojta.jpg\" alt=\"\" srcset=\"https:\/\/brno.wordcamp.org\/2018\/files\/2018\/10\/vojta.jpg 200w, https:\/\/brno.wordcamp.org\/2018\/files\/2018\/10\/vojta-150x150.jpg 150w, https:\/\/brno.wordcamp.org\/2018\/files\/2018\/10\/vojta-100x100.jpg 100w\" sizes=\"auto, (max-width: 200px) 100vw, 200px\" \/><\/figure>\r\n<\/div>\r\n\r\n<h3><span style=\"color: #ff0000\">Vojt\u011bch Sysel<\/span><\/h3>\r\n<p>Full stack developer &#8211; jsem program\u00e1tor, sn\u00edlek a p\u0159\u00edle\u017eitostn\u00fd cestovatel. M\u00e1m r\u00e1d dlouh\u00e9 proch\u00e1zky a dobr\u00e9 j\u00eddlo. Do WordPress komunity jsem se p\u0159ipojil ned\u00e1vno a hned naplno a\u017e tak, \u017ee jsem \u010dlenem orga t\u00fdmu. Jsem \u0161ikovn\u00fd a je na m\u011b spolehnut\u00ed.<\/p>\r\n<p>&nbsp;<\/p>\r\n<p>&nbsp;<\/p>\r\n<p>&nbsp;<\/p>\r\n\r\n<div class=\"wp-block-image\">\r\n<figure class=\"alignleft\"><img loading=\"lazy\" decoding=\"async\" width=\"200\" height=\"200\" class=\"wp-image-1287\" src=\"https:\/\/2018.brno.wordcamp.org\/files\/2018\/10\/pavel-3.jpg\" alt=\"\" srcset=\"https:\/\/brno.wordcamp.org\/2018\/files\/2018\/10\/pavel-3.jpg 200w, https:\/\/brno.wordcamp.org\/2018\/files\/2018\/10\/pavel-3-150x150.jpg 150w, https:\/\/brno.wordcamp.org\/2018\/files\/2018\/10\/pavel-3-100x100.jpg 100w\" sizes=\"auto, (max-width: 200px) 100vw, 200px\" \/><\/figure>\r\n<\/div>\r\n\r\n<h3><span style=\"color: #ff0000\">Pavel Vyb\u00edral<\/span><\/h3>\r\n<p>Konzultace s klientem a vytvo\u0159en\u00ed obsahu webu. Jsem takov\u00fd webov\u00fd kou\u010d, kter\u00fd pom\u016f\u017ee klientovi sestavit web od za\u010d\u00e1tku do konce. Jednoho dne, jsem za\u010dal hledat n\u00e1stroj, kter\u00fd podpo\u0159\u00ed silnou str\u00e1nku a zbav\u00ed m\u011b z\u00e1vislosti na program\u00e1torech. Asi p\u0159ed dv\u011bma lety jsem objevil WordPress a builder DIVI a \u00fa\u017easnou komunitu kolem WordPressu, kter\u00e1 se v Brn\u011b sch\u00e1z\u00ed 126 krok\u016f od m\u00e9ho bydli\u0161t\u011b. Pak u\u017e byl jen kr\u016f\u010dek st\u00e1t se \u010dlenem orga t\u00fdmu WordCamp Brno 2018.<\/p>\r\n<p>&nbsp;<\/p>\r\n<p>&nbsp;<\/p>\r\n<p>&nbsp;<\/p>\r\n\r\n<div class=\"wp-block-image\">\r\n<figure class=\"alignleft\"><img loading=\"lazy\" decoding=\"async\" width=\"200\" height=\"200\" class=\"wp-image-1321\" src=\"https:\/\/2018.brno.wordcamp.org\/files\/2018\/10\/petra-2.jpg\" alt=\"\" srcset=\"https:\/\/brno.wordcamp.org\/2018\/files\/2018\/10\/petra-2.jpg 200w, https:\/\/brno.wordcamp.org\/2018\/files\/2018\/10\/petra-2-150x150.jpg 150w, https:\/\/brno.wordcamp.org\/2018\/files\/2018\/10\/petra-2-100x100.jpg 100w\" sizes=\"auto, (max-width: 200px) 100vw, 200px\" \/><\/figure>\r\n<\/div>\r\n\r\n<h3><span style=\"color: #ff0000\">Petra Stejskalov\u00e1<\/span><\/h3>\r\n<p>P\u0159es propaga\u010dn\u00ed grafiku, kterou d\u011bl\u00e1m jako freelancer, jsem se dostala k webum a UX\/UI. Je to velk\u00fd kon\u00ed\u010dek a tak jsem se r\u00e1da zapojila i do leto\u0161n\u00edho WCB. Bav\u00ed m\u011b groove metal, Giuseppe Verdi a m\u00edt \u010dern\u00e9 ruce od aktivn\u00ed grafiky. Jo a miluju balet, tahle aristokraticky elegantn\u00ed d\u0159ina mn\u011b nesm\u00edrn\u011b inspiruje.<\/p>\r\n<p>&nbsp;<\/p>\r\n<p>&nbsp;<\/p>\r\n<p>&nbsp;<\/p>","protected":false},"excerpt":{"rendered":"<p>David Dirb\u00e1k \u2013 N\u00c1\u010cELN\u00cdK Jsem obchodn\u00edk a WP \u00a0nab\u00edz\u00edm jako nejlep\u0161\u00ed \u0159e\u0161en\u00ed pro klienta. WP filozofie a komunita mne oslovila ji\u017e p\u0159ed X lety na WC Bratislava a od t\u00e9 doby se ucastnim WP akc\u00ed jako poslucha\u010d i jako organiz\u00e1tor. &nbsp; &nbsp; &nbsp; Bruno Dirb\u00e1k R\u00e1d tvo\u0159\u00edm super weby na WordPress. Jsem studentem st\u0159edn\u00ed \u0161koly &hellip; <\/p>\n<p class=\"link-more\"><a href=\"https:\/\/brno.wordcamp.org\/2018\/organizatori\/\" class=\"more-link\">Pokra\u010dovat ve \u010dten\u00ed<span class=\"screen-reader-text\"> &#8222;Organiz\u00e1to\u0159i&#8220;<\/span><\/a><\/p>\n","protected":false},"author":14905384,"featured_media":0,"parent":0,"menu_order":0,"comment_status":"closed","ping_status":"closed","template":"","meta":{"jetpack_post_was_ever_published":false,"footnotes":""},"class_list":["post-12","page","type-page","status-publish","hentry"],"jetpack_sharing_enabled":true,"jetpack_shortlink":"https:\/\/wp.me\/P9Qqjj-c","_links":{"self":[{"href":"https:\/\/brno.wordcamp.org\/2018\/wp-json\/wp\/v2\/pages\/12","targetHints":{"allow":["GET"]}}],"collection":[{"href":"https:\/\/brno.wordcamp.org\/2018\/wp-json\/wp\/v2\/pages"}],"about":[{"href":"https:\/\/brno.wordcamp.org\/2018\/wp-json\/wp\/v2\/types\/page"}],"author":[{"embeddable":true,"href":"https:\/\/brno.wordcamp.org\/2018\/wp-json\/wp\/v2\/users\/14905384"}],"replies":[{"embeddable":true,"href":"https:\/\/brno.wordcamp.org\/2018\/wp-json\/wp\/v2\/comments?post=12"}],"version-history":[{"count":35,"href":"https:\/\/brno.wordcamp.org\/2018\/wp-json\/wp\/v2\/pages\/12\/revisions"}],"predecessor-version":[{"id":1329,"href":"https:\/\/brno.wordcamp.org\/2018\/wp-json\/wp\/v2\/pages\/12\/revisions\/1329"}],"wp:attachment":[{"href":"https:\/\/brno.wordcamp.org\/2018\/wp-json\/wp\/v2\/media?parent=12"}],"curies":[{"name":"wp","href":"https:\/\/api.w.org\/{rel}","templated":true}]}}