{"id":868,"date":"2017-08-24T19:41:44","date_gmt":"2017-08-24T17:41:44","guid":{"rendered":"https:\/\/2017.brno.wordcamp.org\/?page_id=868"},"modified":"2017-08-24T19:45:37","modified_gmt":"2017-08-24T17:45:37","slug":"obchodni-podminky","status":"publish","type":"page","link":"https:\/\/brno.wordcamp.org\/2017\/obchodni-podminky\/","title":{"rendered":"Obchodn\u00ed podm\u00ednky"},"content":{"rendered":"<h3>Kontaktn\u00ed osoba:<\/h3>\n<p>J\u00e1n Bo\u010d\u00ednec, +421 915 208 905<\/p>\n<p>E-mail: jan.bocinec@webikon.sk<\/p>\n<h3>Zakoupen\u00ed vstupenky na konferenci WordCamp (podm\u00ednky se stanou platn\u00e9 se spu\u0161t\u011bn\u00edm prodeje vstupenek)<\/h3>\n<p>Vstupenky je mo\u017en\u00e9 zakoupit pomoc\u00ed objedn\u00e1vkov\u00e9ho formul\u00e1\u0159 na t\u011bchto str\u00e1nk\u00e1ch.<\/p>\n<p>Po odesl\u00e1n\u00ed formul\u00e1\u0159e dostanete potvrzen\u00ed o\u00a0p\u0159ijet\u00ed objedn\u00e1vky na va\u0161\u00ed e-mailovou adresu, kterou jste uvedli p\u0159i registraci.<\/p>\n<p>Zakoupen\u00edm vstupenky souhlas\u00edte s\u00a0t\u011bmito obchodn\u00edmi podm\u00ednkami a\u00a0zavazujete se dodr\u017eovat\u00a0<a href=\"https:\/\/2017.brno.wordcamp.org\/kodex-chovani\/\">Kodex chov\u00e1n\u00ed WordCamp<\/a>.<\/p>\n<h3>Zp\u016fsoby platby<\/h3>\n<ul>\n<li>bankovn\u00edm p\u0159evodem na \u00fa\u010det provozovatele<\/li>\n<li>elektronicky platebn\u00ed kartou<\/li>\n<\/ul>\n<h3>Zp\u016fsob dod\u00e1n\u00ed<\/h3>\n<p>Po \u00fasp\u011b\u0161n\u00e9m p\u0159ips\u00e1n\u00ed platby na n\u00e1\u0161 \u00fa\u010det dostanete email s\u00a0potvrzen\u00edm. Pro vstup na konferenci se sta\u010d\u00ed prok\u00e1zat va\u0161\u00edm jm\u00e9nem, p\u0159\u00edpadn\u011b e-mailem.<\/p>\n<h3>Reklamace<\/h3>\n<p>V\u00a0p\u0159\u00edpad\u011b jak\u00fdchkoliv probl\u00e9m\u016f, \u010di nejasnost\u00ed n\u00e1s pros\u00edm kontaktujte na v\u00fd\u0161e uveden\u00e9 kontakty. Zakoupenou vstupenku je mo\u017en\u00e9 vr\u00e1tit do 14 dn\u00ed od zakoupen\u00ed a\u00a0nejpozd\u011bji 7 dn\u00ed p\u0159ed term\u00ednem konference, platbu v\u00e1m n\u00e1sledn\u011b vr\u00e1t\u00edme na zvolen\u00fd bankovn\u00ed \u00fa\u010det.<\/p>\n<h2>Ochrana osobn\u00edch \u00fadaj\u016f<\/h2>\n<p>P\u0159i nakl\u00e1d\u00e1n\u00ed s daty se zavazujeme \u0159\u00eddit z\u00e1konem \u010d. 101\/2000 Sb. O ochran\u011b osobn\u00edch \u00fadaj\u016f.\u00a0Ve\u0161ker\u00e9 osobn\u00ed \u00fadaje jsou pova\u017eov\u00e1ny za p\u0159\u00edsn\u011b d\u016fv\u011brn\u00e9 a\u00a0je s\u00a0nimi nakl\u00e1d\u00e1no v\u00a0souladu se z\u00e1konem \u010d. 101\/2000\u00a0Sb. V\u00a0\u017e\u00e1dn\u00e9m p\u0159\u00edpad\u011b neposkytujeme tyto \u00fadaje t\u0159et\u00edm stran\u00e1m, kter\u00e9 nejsou zapojeny do po\u0159\u00e1d\u00e1n\u00ed konference WordCamp Brno 2017.<\/p>\n<h3>Jak\u00e9 \u00fadaje shroma\u017e\u010fujeme?<\/h3>\n<p>Dlouhodob\u011b shroma\u017e\u010fujeme pouze jm\u00e9na, emailov\u00e9 adresy a kategorii \u00fa\u010dastn\u00edka (v\u00fdvoj\u00e1\u0159\/u\u017eivatel). Tyto \u00fadaje slou\u017e\u00ed k informov\u00e1n\u00ed o novink\u00e1ch kolem konference WordCamp Praha 2017 a souvisej\u00edc\u00edch akc\u00edch. Z odb\u011bru\u00a0novinek je mo\u017en\u00e9 se kdykoliv odhl\u00e1sit a t\u00edm odstranit adresu z na\u0161\u00ed datab\u00e1ze. E-mailov\u00e9 adresy mohou b\u00fdt d\u00e1le vyu\u017eity pro osloven\u00ed u\u017eivatel\u016f dal\u0161\u00edmi marketingov\u00fdmi kan\u00e1ly.<\/p>\n<p>\u00da\u010dastn\u00edk konference z\u00e1rove\u0148 poskytuje souhlas se zachycen\u00edm jeho fyzick\u00e9 podoby (ve smyslu \u00a784 Ob\u010dansk\u00e9ho z\u00e1kon\u00edku) pro pot\u0159eby propagace Konference a\u00a0partner\u016f \u2013 p\u0159edev\u0161\u00edm v\u00a0obrazov\u00e9 a\u00a0video dokumentaci z\u00a0konference.<\/p>\n","protected":false},"excerpt":{"rendered":"<p>Kontaktn\u00ed osoba: J\u00e1n Bo\u010d\u00ednec, +421 915 208 905 E-mail: jan.bocinec@webikon.sk Zakoupen\u00ed vstupenky na konferenci WordCamp (podm\u00ednky se stanou platn\u00e9 se spu\u0161t\u011bn\u00edm prodeje vstupenek) Vstupenky je mo\u017en\u00e9 zakoupit pomoc\u00ed objedn\u00e1vkov\u00e9ho formul\u00e1\u0159 na t\u011bchto str\u00e1nk\u00e1ch. Po odesl\u00e1n\u00ed formul\u00e1\u0159e dostanete potvrzen\u00ed o\u00a0p\u0159ijet\u00ed objedn\u00e1vky na va\u0161\u00ed e-mailovou adresu, kterou jste uvedli p\u0159i registraci. Zakoupen\u00edm vstupenky souhlas\u00edte s\u00a0t\u011bmito obchodn\u00edmi podm\u00ednkami &hellip; <a href=\"https:\/\/brno.wordcamp.org\/2017\/obchodni-podminky\/\" class=\"more-link\">Pokra\u010dovat ve \u010dten\u00ed<span class=\"screen-reader-text\"> &#8222;Obchodn\u00ed podm\u00ednky&#8220;<\/span><\/a><\/p>\n","protected":false},"author":1633114,"featured_media":0,"parent":0,"menu_order":0,"comment_status":"closed","ping_status":"closed","template":"","meta":{"jetpack_post_was_ever_published":false,"footnotes":""},"class_list":["post-868","page","type-page","status-publish","hentry"],"jetpack_sharing_enabled":true,"jetpack_shortlink":"https:\/\/wp.me\/P8K0Xj-e0","_links":{"self":[{"href":"https:\/\/brno.wordcamp.org\/2017\/wp-json\/wp\/v2\/pages\/868","targetHints":{"allow":["GET"]}}],"collection":[{"href":"https:\/\/brno.wordcamp.org\/2017\/wp-json\/wp\/v2\/pages"}],"about":[{"href":"https:\/\/brno.wordcamp.org\/2017\/wp-json\/wp\/v2\/types\/page"}],"author":[{"embeddable":true,"href":"https:\/\/brno.wordcamp.org\/2017\/wp-json\/wp\/v2\/users\/1633114"}],"replies":[{"embeddable":true,"href":"https:\/\/brno.wordcamp.org\/2017\/wp-json\/wp\/v2\/comments?post=868"}],"version-history":[{"count":4,"href":"https:\/\/brno.wordcamp.org\/2017\/wp-json\/wp\/v2\/pages\/868\/revisions"}],"predecessor-version":[{"id":876,"href":"https:\/\/brno.wordcamp.org\/2017\/wp-json\/wp\/v2\/pages\/868\/revisions\/876"}],"wp:attachment":[{"href":"https:\/\/brno.wordcamp.org\/2017\/wp-json\/wp\/v2\/media?parent=868"}],"curies":[{"name":"wp","href":"https:\/\/api.w.org\/{rel}","templated":true}]}}