{"id":172,"date":"2017-06-07T14:49:39","date_gmt":"2017-06-07T14:49:39","guid":{"rendered":"https:\/\/2017.brno.wordcamp.org\/?page_id=172"},"modified":"2017-11-06T16:49:42","modified_gmt":"2017-11-06T14:49:42","slug":"wordcamp-brno-2017","status":"publish","type":"page","link":"https:\/\/brno.wordcamp.org\/2017\/","title":{"rendered":"M\u00e1me to za sebou!"},"content":{"rendered":"<p class=\"welcometext\">Prvn\u00ed WordCamp Brno se uskute\u010dnil ve dnech 21.10. &#8211; 22.10. <strong>D\u00edky moc v\u0161em!<\/strong> Vid\u00edme se p\u0159\u00ed\u0161t\u00ed rok nebo na jednom z <a href=\"https:\/\/www.meetup.com\/WordPress-Brno-Meetups\/\" target=\"_blank\" rel=\"noopener\">pravideln\u00fdch brn\u011bnsk\u00fdch meetup\u016f<\/a>.<\/p>\n<p>Na v\u00fdstupech (fotky, prezentace, videa,&#8230;) usilovn\u011b pracujeme a d\u00e1m\u011b v\u011bd\u011bt, jakmile budou k m\u00e1n\u00ed.<\/p>\n<div class=\"homeboxarea\">\n<div>\n<figure id=\"attachment_1512\" aria-describedby=\"caption-attachment-1512\" style=\"width: 840px\" class=\"wp-caption alignleft\"><img data-recalc-dims=\"1\" loading=\"lazy\" decoding=\"async\" class=\"size-large wp-image-1512\" src=\"https:\/\/i0.wp.com\/2017.brno.wordcamp.org\/files\/2017\/10\/wcb7-vlajka-1024x683.jpg?resize=840%2C560&#038;ssl=1\" alt=\"WordCamp Brno 2017 \u2502 21.10.2017 @ FAST VUT Brno\" width=\"840\" height=\"560\" \/><figcaption id=\"caption-attachment-1512\" class=\"wp-caption-text\">WordCamp Brno 2017 \u2502 21.10.2017 @ FAST VUT Brno<\/figcaption><\/figure>\n<\/div>\n<\/div>\n","protected":false},"excerpt":{"rendered":"<p>Prvn\u00ed WordCamp Brno se uskute\u010dnil ve dnech 21.10. &#8211; 22.10. D\u00edky moc v\u0161em! Vid\u00edme se p\u0159\u00ed\u0161t\u00ed rok nebo na jednom z pravideln\u00fdch brn\u011bnsk\u00fdch meetup\u016f. Na v\u00fdstupech (fotky, prezentace, videa,&#8230;) usilovn\u011b pracujeme a d\u00e1m\u011b v\u011bd\u011bt, jakmile budou k m\u00e1n\u00ed.<\/p>\n","protected":false},"author":15393193,"featured_media":0,"parent":0,"menu_order":0,"comment_status":"closed","ping_status":"closed","template":"","meta":{"jetpack_post_was_ever_published":false,"footnotes":""},"class_list":["post-172","page","type-page","status-publish","hentry"],"jetpack_sharing_enabled":true,"jetpack_shortlink":"https:\/\/wp.me\/P8K0Xj-2M","_links":{"self":[{"href":"https:\/\/brno.wordcamp.org\/2017\/wp-json\/wp\/v2\/pages\/172","targetHints":{"allow":["GET"]}}],"collection":[{"href":"https:\/\/brno.wordcamp.org\/2017\/wp-json\/wp\/v2\/pages"}],"about":[{"href":"https:\/\/brno.wordcamp.org\/2017\/wp-json\/wp\/v2\/types\/page"}],"author":[{"embeddable":true,"href":"https:\/\/brno.wordcamp.org\/2017\/wp-json\/wp\/v2\/users\/15393193"}],"replies":[{"embeddable":true,"href":"https:\/\/brno.wordcamp.org\/2017\/wp-json\/wp\/v2\/comments?post=172"}],"version-history":[{"count":68,"href":"https:\/\/brno.wordcamp.org\/2017\/wp-json\/wp\/v2\/pages\/172\/revisions"}],"predecessor-version":[{"id":1791,"href":"https:\/\/brno.wordcamp.org\/2017\/wp-json\/wp\/v2\/pages\/172\/revisions\/1791"}],"wp:attachment":[{"href":"https:\/\/brno.wordcamp.org\/2017\/wp-json\/wp\/v2\/media?parent=172"}],"curies":[{"name":"wp","href":"https:\/\/api.w.org\/{rel}","templated":true}]}}