{"id":12,"date":"2017-05-16T11:49:12","date_gmt":"2017-05-16T11:49:12","guid":{"rendered":"https:\/\/2017.brno.wordcamp.org\/organizers\/"},"modified":"2017-11-06T16:51:55","modified_gmt":"2017-11-06T14:51:55","slug":"organizatori","status":"publish","type":"page","link":"https:\/\/brno.wordcamp.org\/2017\/organizatori\/","title":{"rendered":"ORGov\u00e9"},"content":{"rendered":"<p><span style=\"font-weight: 400\">WordCamp Brno 2017 pro tebe p\u0159ipravili tihle borci:<\/span><\/p>\n\t<div class=\"wcorg-organizers\">\n\n\t\t\n\t\t\t<div class=\"wcorg-organizer\">\n\t\t\t\t<h2>Daniel Koch<\/h2>\n\t\t\t\t<div class=\"wcorg-organizer-description\">\n\t\t\t\t\t\t\t\t\t\t<img alt='' src='https:\/\/secure.gravatar.com\/avatar\/?s=100&#038;d=mm&#038;r=g' srcset='https:\/\/secure.gravatar.com\/avatar\/?s=200&#038;d=mm&#038;r=g 2x' class='avatar avatar-100 photo avatar-default' height='100' width='100' \/>\t\t\t\t\t<p><img data-recalc-dims=\"1\" loading=\"lazy\" decoding=\"async\" class=\"alignnone size-medium wp-image-517\" src=\"https:\/\/i0.wp.com\/2017.brno.wordcamp.org\/files\/2017\/07\/daniel-300x300.jpg?resize=300%2C300&#038;ssl=1\" alt=\"\" width=\"300\" height=\"300\" srcset=\"https:\/\/i0.wp.com\/brno.wordcamp.org\/2017\/files\/2017\/07\/daniel.jpg?resize=300%2C300&amp;ssl=1 300w, https:\/\/i0.wp.com\/brno.wordcamp.org\/2017\/files\/2017\/07\/daniel.jpg?resize=150%2C150&amp;ssl=1 150w, https:\/\/i0.wp.com\/brno.wordcamp.org\/2017\/files\/2017\/07\/daniel.jpg?resize=768%2C768&amp;ssl=1 768w, https:\/\/i0.wp.com\/brno.wordcamp.org\/2017\/files\/2017\/07\/daniel.jpg?resize=100%2C100&amp;ssl=1 100w, https:\/\/i0.wp.com\/brno.wordcamp.org\/2017\/files\/2017\/07\/daniel.jpg?w=960&amp;ssl=1 960w\" sizes=\"auto, (max-width: 300px) 85vw, 300px\" \/><\/p>\n<p><i><span style=\"font-weight: 400\">Co m\u00e1 starosti: Zajistit ty nejlep\u0161\u00ed sponzory<\/span><\/i><\/p>\n<p><span style=\"font-weight: 400\">Jsem student, kter\u00fd aktu\u00e1ln\u011b p\u0159ech\u00e1z\u00ed z VUT na MUNI. Pracuji v agentu\u0159e a na voln\u00e9 noze, kde se u\u017e p\u00e1r let \u017eiv\u00edm v\u00fdvojem web\u016f na WP. WordPress byl pro m\u011b ze za\u010d\u00e1tku pouze kon\u00ed\u010dek, ale jak jsem zjistil, jak\u00e9 mo\u017enosti WP nab\u00edz\u00ed, jsem se za\u010dal v\u00fdvojem \u017eivit. R\u00e1d sportuji a zaj\u00edm\u00e1m se tak\u00e9 o Marketing, soci\u00e1ln\u00ed s\u00edt\u011b a UX.<\/span><\/p>\n\t\t\t\t<\/div>\n\t\t\t<\/div>\n\n\t\t\n\t\t\t<div class=\"wcorg-organizer\">\n\t\t\t\t<h2>David Dirb\u00e1k<\/h2>\n\t\t\t\t<div class=\"wcorg-organizer-description\">\n\t\t\t\t\t\t\t\t\t\t<img alt='' src='https:\/\/secure.gravatar.com\/avatar\/ab4326f5e1e26c222a0b12d006b4b448413fde714837304cd52f6800260a3e47?s=100&#038;d=mm&#038;r=g' srcset='https:\/\/secure.gravatar.com\/avatar\/ab4326f5e1e26c222a0b12d006b4b448413fde714837304cd52f6800260a3e47?s=200&#038;d=mm&#038;r=g 2x' class='avatar avatar-100 photo' height='100' width='100' \/>\t\t\t\t\t<p><img data-recalc-dims=\"1\" loading=\"lazy\" decoding=\"async\" class=\"alignnone size-medium wp-image-510\" src=\"https:\/\/i0.wp.com\/2017.brno.wordcamp.org\/files\/2017\/07\/david-300x300.jpg?resize=300%2C300&#038;ssl=1\" alt=\"\" width=\"300\" height=\"300\" srcset=\"https:\/\/i0.wp.com\/brno.wordcamp.org\/2017\/files\/2017\/07\/david.jpg?resize=300%2C300&amp;ssl=1 300w, https:\/\/i0.wp.com\/brno.wordcamp.org\/2017\/files\/2017\/07\/david.jpg?resize=150%2C150&amp;ssl=1 150w, https:\/\/i0.wp.com\/brno.wordcamp.org\/2017\/files\/2017\/07\/david.jpg?resize=100%2C100&amp;ssl=1 100w, https:\/\/i0.wp.com\/brno.wordcamp.org\/2017\/files\/2017\/07\/david.jpg?w=350&amp;ssl=1 350w\" sizes=\"auto, (max-width: 300px) 85vw, 300px\" \/><\/p>\n<p><i><span style=\"font-weight: 400\">Co m\u00e1 na starosti: Lokalita, catering, logistika, dokumentace a v\u0161e, co je pot\u0159eba<\/span><\/i><\/p>\n<p><span style=\"font-weight: 400\">Jsem obchodn\u00edk a WP \u00a0nab\u00edz\u00edm jako nejlep\u0161\u00ed \u0159e\u0161en\u00ed pro klienta. WP filozofie a komunita mne oslovila ji\u017e p\u0159ed X lety na WC Bratislava a od t\u00e9 doby se \u00a0ucastnim WP akc\u00ed jako poslucha\u010d i jako organiz\u00e1tor.<\/span><\/p>\n\t\t\t\t<\/div>\n\t\t\t<\/div>\n\n\t\t\n\t\t\t<div class=\"wcorg-organizer\">\n\t\t\t\t<h2>Ivo Macek<\/h2>\n\t\t\t\t<div class=\"wcorg-organizer-description\">\n\t\t\t\t\t\t\t\t\t\t<img alt='' src='https:\/\/secure.gravatar.com\/avatar\/?s=100&#038;d=mm&#038;r=g' srcset='https:\/\/secure.gravatar.com\/avatar\/?s=200&#038;d=mm&#038;r=g 2x' class='avatar avatar-100 photo avatar-default' height='100' width='100' \/>\t\t\t\t\t<p><img data-recalc-dims=\"1\" loading=\"lazy\" decoding=\"async\" class=\"alignnone size-medium wp-image-462\" src=\"https:\/\/i0.wp.com\/2017.brno.wordcamp.org\/files\/2017\/07\/ivo-macek-01-1-300x300.jpg?resize=300%2C300&#038;ssl=1\" alt=\"\" width=\"300\" height=\"300\" srcset=\"https:\/\/i0.wp.com\/brno.wordcamp.org\/2017\/files\/2017\/07\/ivo-macek-01-1.jpg?resize=300%2C300&amp;ssl=1 300w, https:\/\/i0.wp.com\/brno.wordcamp.org\/2017\/files\/2017\/07\/ivo-macek-01-1.jpg?resize=150%2C150&amp;ssl=1 150w, https:\/\/i0.wp.com\/brno.wordcamp.org\/2017\/files\/2017\/07\/ivo-macek-01-1.jpg?resize=100%2C100&amp;ssl=1 100w, https:\/\/i0.wp.com\/brno.wordcamp.org\/2017\/files\/2017\/07\/ivo-macek-01-1.jpg?w=480&amp;ssl=1 480w\" sizes=\"auto, (max-width: 300px) 85vw, 300px\" \/><\/p>\n<p><i><span style=\"font-weight: 400\">Co m\u00e1 na starosti: Vizu\u00e1ln\u00ed identitu WordCamp Brno a marketing<\/span><\/i><\/p>\n<p>Designer. Vym\u00fd\u0161l\u00ed kreativn\u00ed koncepty, tvo\u0159\u00ed vizu\u00e1ln\u00ed styly, zaj\u00edm\u00e1 se o UX. V\u00fd\u0161ka 198,5 cm. S kamar\u00e1dy si ud\u011blal\u00a0<a href=\"http:\/\/www.designdilna.cz\">Design d\u00edlnu<\/a>\u00a0a moc ho to bav\u00ed. Bydl\u00ed a pracuje v Brn\u011b-st\u0159edu, odkud t\u00e9m\u011b\u0159 nevych\u00e1z\u00ed. M\u00e1 \u017eenu i d\u011bti. Hr\u00e1l v kapele a cht\u011bl b\u00fdt slavn\u00fd. S\u00a0Wordpressem nav\u00e1zal vztah, proto\u017ee na sebe zbyli. Kupodivu jim to st\u00e1le funguje.<\/p>\n\t\t\t\t<\/div>\n\t\t\t<\/div>\n\n\t\t\n\t\t\t<div class=\"wcorg-organizer\">\n\t\t\t\t<h2>J\u00e1n Bo\u010d\u00ednec<\/h2>\n\t\t\t\t<div class=\"wcorg-organizer-description\">\n\t\t\t\t\t\t\t\t\t\t<img alt='' src='https:\/\/secure.gravatar.com\/avatar\/?s=100&#038;d=mm&#038;r=g' srcset='https:\/\/secure.gravatar.com\/avatar\/?s=200&#038;d=mm&#038;r=g 2x' class='avatar avatar-100 photo avatar-default' height='100' width='100' \/>\t\t\t\t\t<p><img data-recalc-dims=\"1\" loading=\"lazy\" decoding=\"async\" class=\"alignnone size-medium wp-image-511\" src=\"https:\/\/i0.wp.com\/2017.brno.wordcamp.org\/files\/2017\/07\/jano-300x300.jpg?resize=300%2C300&#038;ssl=1\" alt=\"\" width=\"300\" height=\"300\" srcset=\"https:\/\/i0.wp.com\/brno.wordcamp.org\/2017\/files\/2017\/07\/jano.jpg?resize=300%2C300&amp;ssl=1 300w, https:\/\/i0.wp.com\/brno.wordcamp.org\/2017\/files\/2017\/07\/jano.jpg?resize=150%2C150&amp;ssl=1 150w, https:\/\/i0.wp.com\/brno.wordcamp.org\/2017\/files\/2017\/07\/jano.jpg?resize=100%2C100&amp;ssl=1 100w, https:\/\/i0.wp.com\/brno.wordcamp.org\/2017\/files\/2017\/07\/jano.jpg?w=720&amp;ssl=1 720w\" sizes=\"auto, (max-width: 300px) 85vw, 300px\" \/><\/p>\n<p><i><span style=\"font-weight: 400\">Co m\u00e1 na starosti: Veden\u00ed projektu a komunikace s WordPress centr\u00e1lou<\/span><\/i><\/p>\n<p><span style=\"font-weight: 400\">Internet pon\u00faka ve\u013emi \u0161irok\u00e9 spektrum mo\u017enost\u00ed a preto sa ako <a href=\"https:\/\/webikon.sk\/\" rel=\"nofollow\">webov\u00fd architekt<\/a> sna\u017e\u00edm h\u013eada\u0165 technicky najlep\u0161ie a najefekt\u00edvnej\u0161ie rie\u0161enia pre <a href=\"http:\/\/bocinec.sk\/\">moje projekty<\/a>. WordPress komunita je ve\u013emi \u017eiv\u00e1 a pestr\u00e1 a to je aj jeden z d\u00f4vodov pre\u010do ma bav\u00ed \u00fa\u010dastni\u0165 sa a organizova\u0165 komunitn\u00e9 akcie, ak\u00fdmi s\u00fa r\u00f4zne stretnutia a konferencie. <\/span><\/p>\n\t\t\t\t<\/div>\n\t\t\t<\/div>\n\n\t\t\n\t\t\t<div class=\"wcorg-organizer\">\n\t\t\t\t<h2>Matej Zeliska<\/h2>\n\t\t\t\t<div class=\"wcorg-organizer-description\">\n\t\t\t\t\t\t\t\t\t\t<img alt='' src='https:\/\/secure.gravatar.com\/avatar\/dcc380f5afd86d96011adcae9a16d3354cc7638752097094dd4e2b6cc2ab233e?s=100&#038;d=mm&#038;r=g' srcset='https:\/\/secure.gravatar.com\/avatar\/dcc380f5afd86d96011adcae9a16d3354cc7638752097094dd4e2b6cc2ab233e?s=200&#038;d=mm&#038;r=g 2x' class='avatar avatar-100 photo' height='100' width='100' \/>\t\t\t\t\t<p><img data-recalc-dims=\"1\" loading=\"lazy\" decoding=\"async\" class=\"wp-image-1054 size-medium\" src=\"https:\/\/i0.wp.com\/2017.brno.wordcamp.org\/files\/2017\/07\/mzpics-6-300x300.jpg?resize=300%2C300&#038;ssl=1\" alt=\"Matej Zeliska - copywriting &amp; UX design - portr\u00e9t\" width=\"300\" height=\"300\" srcset=\"https:\/\/i0.wp.com\/brno.wordcamp.org\/2017\/files\/2017\/07\/mzpics-6.jpg?resize=300%2C300&amp;ssl=1 300w, https:\/\/i0.wp.com\/brno.wordcamp.org\/2017\/files\/2017\/07\/mzpics-6.jpg?resize=150%2C150&amp;ssl=1 150w, https:\/\/i0.wp.com\/brno.wordcamp.org\/2017\/files\/2017\/07\/mzpics-6.jpg?w=640&amp;ssl=1 640w\" sizes=\"auto, (max-width: 300px) 85vw, 300px\" \/><\/p>\n<p><i><span style=\"font-weight: 400\">Co m\u00e1 na starosti: Web (design + copy) a marketing<\/span><\/i><\/div>\n<p><span style=\"font-weight: 400\">Kreat\u00edvec, <a href=\"http:\/\/matejz.net\">copywriter &amp; UX designer<\/a> na vo\u013enej nohe. Okrem toho aj improviz\u00e1tor, \u013eudomil a nenapravite\u013en\u00fd optimista. Okolo webov, marketingu, p\u00edsania a kreativity v r\u00f4znych podob\u00e1ch sa mot\u00e1m, odkedy si pam\u00e4t\u00e1m. S WordPress sa pozn\u00e1me u\u017e nejak\u00fd ten rok a ve\u013emi dobre sme si sadli!<\/span><\/p>\n<div class=\"socialbtns\" align=\"center\"><\/div>\n\t\t\t\t<\/div>\n\t\t\t<\/div>\n\n\t\t\n\t\t\t<div class=\"wcorg-organizer\">\n\t\t\t\t<h2>Michal Hrub\u00fd<\/h2>\n\t\t\t\t<div class=\"wcorg-organizer-description\">\n\t\t\t\t\t\t\t\t\t\t<img alt='' src='https:\/\/secure.gravatar.com\/avatar\/?s=100&#038;d=mm&#038;r=g' srcset='https:\/\/secure.gravatar.com\/avatar\/?s=200&#038;d=mm&#038;r=g 2x' class='avatar avatar-100 photo avatar-default' height='100' width='100' \/>\t\t\t\t\t<p><img data-recalc-dims=\"1\" loading=\"lazy\" decoding=\"async\" class=\"alignnone size-full wp-image-1046\" src=\"https:\/\/i0.wp.com\/2017.brno.wordcamp.org\/files\/2017\/07\/mhr.jpg?resize=200%2C200&#038;ssl=1\" alt=\"\" width=\"200\" height=\"200\" srcset=\"https:\/\/i0.wp.com\/brno.wordcamp.org\/2017\/files\/2017\/07\/mhr.jpg?w=200&amp;ssl=1 200w, https:\/\/i0.wp.com\/brno.wordcamp.org\/2017\/files\/2017\/07\/mhr.jpg?resize=150%2C150&amp;ssl=1 150w\" sizes=\"auto, (max-width: 200px) 85vw, 200px\" \/><\/p>\n<p><em>Co m\u00e1 na starosti: Dobrovoln\u00edky<\/em><\/p>\n<p>Spr\u00e1vce IT, kter\u00fd se ve voln\u00e9m \u010dase v\u011bnuje tvorb\u011b web\u016f na WordPressu, se kter\u00fdm se poprv\u00e9 setkal p\u0159ed p\u0159ed 5 lety a od t\u00e9 doby je to jeho nejlep\u0161\u00ed redak\u010dn\u00ed syt\u00e9m. V listopadu o\u010dek\u00e1v\u00e1 narozen\u00ed dal\u0161\u00edho WordPress milovn\u00edka.<\/p>\n\t\t\t\t<\/div>\n\t\t\t<\/div>\n\n\t\t\n\t\t\t<div class=\"wcorg-organizer\">\n\t\t\t\t<h2>Petr Pojer<\/h2>\n\t\t\t\t<div class=\"wcorg-organizer-description\">\n\t\t\t\t\t\t\t\t\t\t<img alt='' src='https:\/\/secure.gravatar.com\/avatar\/?s=100&#038;d=mm&#038;r=g' srcset='https:\/\/secure.gravatar.com\/avatar\/?s=200&#038;d=mm&#038;r=g 2x' class='avatar avatar-100 photo avatar-default' height='100' width='100' \/>\t\t\t\t\t<p><img data-recalc-dims=\"1\" loading=\"lazy\" decoding=\"async\" class=\"alignnone wp-image-1051 size-medium\" src=\"https:\/\/i0.wp.com\/2017.brno.wordcamp.org\/files\/2017\/07\/petr-pojer-300x300.jpg?resize=300%2C300&#038;ssl=1\" alt=\"\" width=\"300\" height=\"300\" srcset=\"https:\/\/i0.wp.com\/brno.wordcamp.org\/2017\/files\/2017\/07\/petr-pojer.jpg?resize=300%2C300&amp;ssl=1 300w, https:\/\/i0.wp.com\/brno.wordcamp.org\/2017\/files\/2017\/07\/petr-pojer.jpg?resize=150%2C150&amp;ssl=1 150w, https:\/\/i0.wp.com\/brno.wordcamp.org\/2017\/files\/2017\/07\/petr-pojer.jpg?resize=768%2C768&amp;ssl=1 768w, https:\/\/i0.wp.com\/brno.wordcamp.org\/2017\/files\/2017\/07\/petr-pojer.jpg?w=864&amp;ssl=1 864w\" sizes=\"auto, (max-width: 300px) 85vw, 300px\" \/><\/p>\n<p><i><span style=\"font-weight: 400\">Co m\u00e1 na starosti: Sponzo\u0159i a fundraising<\/span><\/i><\/p>\n<p>Milovn\u00edk kvalitn\u00edho v\u00edna a dlouhonos\u00fdch ps\u016f. Specializuju se na tvorbu <a href=\"https:\/\/www.petrpojer.cz\/\" target=\"_blank\" rel=\"noopener\">WordPress web\u016f na m\u00edru<\/a>, jejich v\u00fdkon a zabezpe\u010den\u00ed.<\/p>\n\t\t\t\t<\/div>\n\t\t\t<\/div>\n\n\t\t\n\t\t\t<div class=\"wcorg-organizer\">\n\t\t\t\t<h2>R\u00f3bert Jurinek<\/h2>\n\t\t\t\t<div class=\"wcorg-organizer-description\">\n\t\t\t\t\t\t\t\t\t\t<img alt='' src='https:\/\/secure.gravatar.com\/avatar\/?s=100&#038;d=mm&#038;r=g' srcset='https:\/\/secure.gravatar.com\/avatar\/?s=200&#038;d=mm&#038;r=g 2x' class='avatar avatar-100 photo avatar-default' height='100' width='100' \/>\t\t\t\t\t<p><img data-recalc-dims=\"1\" loading=\"lazy\" decoding=\"async\" class=\"alignnone size-medium wp-image-514\" src=\"https:\/\/i0.wp.com\/2017.brno.wordcamp.org\/files\/2017\/07\/robo-300x300.jpg?resize=300%2C300&#038;ssl=1\" alt=\"\" width=\"300\" height=\"300\" srcset=\"https:\/\/i0.wp.com\/brno.wordcamp.org\/2017\/files\/2017\/07\/robo.jpg?resize=300%2C300&amp;ssl=1 300w, https:\/\/i0.wp.com\/brno.wordcamp.org\/2017\/files\/2017\/07\/robo.jpg?resize=150%2C150&amp;ssl=1 150w, https:\/\/i0.wp.com\/brno.wordcamp.org\/2017\/files\/2017\/07\/robo.jpg?resize=768%2C768&amp;ssl=1 768w, https:\/\/i0.wp.com\/brno.wordcamp.org\/2017\/files\/2017\/07\/robo.jpg?resize=100%2C100&amp;ssl=1 100w, https:\/\/i0.wp.com\/brno.wordcamp.org\/2017\/files\/2017\/07\/robo.jpg?w=960&amp;ssl=1 960w\" sizes=\"auto, (max-width: 300px) 85vw, 300px\" \/><\/p>\n<p><i><span style=\"font-weight: 400\">Co m\u00e1 na starosti: SWAG a Contributor Day<\/span><\/i><\/p>\n<p><span style=\"font-weight: 400\">Pracuje s WP denne v\u0161etk\u00fdmi sp\u00f4sobmi, ak\u00e9 si viete aj neviete predstavi\u0165. Zakladate\u013e webov\u00e9ho \u0161t\u00fadia <a href=\"https:\/\/vitixcompany.cz\" target=\"_blank\" rel=\"noopener\">Vitix.<\/a><\/span><\/p>\n\t\t\t\t<\/div>\n\t\t\t<\/div>\n\n\t\t\n\t<\/div><!-- .wcorg-organizers -->\n\t\n","protected":false},"excerpt":{"rendered":"<p>WordCamp Brno 2017 pro tebe p\u0159ipravili tihle borci:<\/p>\n","protected":false},"author":1633114,"featured_media":0,"parent":0,"menu_order":0,"comment_status":"closed","ping_status":"closed","template":"","meta":{"jetpack_post_was_ever_published":false,"footnotes":""},"class_list":["post-12","page","type-page","status-publish","hentry"],"jetpack_sharing_enabled":true,"jetpack_shortlink":"https:\/\/wp.me\/P8K0Xj-c","_links":{"self":[{"href":"https:\/\/brno.wordcamp.org\/2017\/wp-json\/wp\/v2\/pages\/12","targetHints":{"allow":["GET"]}}],"collection":[{"href":"https:\/\/brno.wordcamp.org\/2017\/wp-json\/wp\/v2\/pages"}],"about":[{"href":"https:\/\/brno.wordcamp.org\/2017\/wp-json\/wp\/v2\/types\/page"}],"author":[{"embeddable":true,"href":"https:\/\/brno.wordcamp.org\/2017\/wp-json\/wp\/v2\/users\/1633114"}],"replies":[{"embeddable":true,"href":"https:\/\/brno.wordcamp.org\/2017\/wp-json\/wp\/v2\/comments?post=12"}],"version-history":[{"count":4,"href":"https:\/\/brno.wordcamp.org\/2017\/wp-json\/wp\/v2\/pages\/12\/revisions"}],"predecessor-version":[{"id":1795,"href":"https:\/\/brno.wordcamp.org\/2017\/wp-json\/wp\/v2\/pages\/12\/revisions\/1795"}],"wp:attachment":[{"href":"https:\/\/brno.wordcamp.org\/2017\/wp-json\/wp\/v2\/media?parent=12"}],"curies":[{"name":"wp","href":"https:\/\/api.w.org\/{rel}","templated":true}]}}